{"id":6838,"date":"2025-04-30T16:13:00","date_gmt":"2025-04-30T14:13:00","guid":{"rendered":"https:\/\/www.moebel.org\/cms\/?post_type=product&#038;p=6838"},"modified":"2025-04-30T18:57:46","modified_gmt":"2025-04-30T16:57:46","slug":"bambus-sofa-zweisitzer-couch-mod-java","status":"publish","type":"product","link":"https:\/\/www.moebel.org\/cms\/produkt\/bambus-sofa-zweisitzer-couch-mod-java\/","title":{"rendered":"Bambus-Sofa, Zweisitzer-Couch Mod. &#8220;JAVA&#8221;"},"content":{"rendered":"<p><strong>Bambus-Sofa, Zweisitzer-Couch<\/strong> aus der Sitzgruppe Mod. &#8220;<strong>JAVA<\/strong>&#8221; bzw. &#8220;<strong>JAWA<\/strong>&#8221; .<\/p>\n<p>Rattan-Wicklung als Bambus-Verbindung, handgedrechselte Holzkappen in den Armlehnen, Bambus, Holz und Rattan sind fein geschliffen und transparent (farblos) lackiert.<\/p>\n<p>Auch als <a href=\"https:\/\/www.moebel.org\/cms\/produkt\/bambus-sofa-dreisitzer-couch-mod-java\/\" target=\"_blank\" rel=\"noopener\"><span style=\"color: #d75e11;\">3-Sitzer<\/a> und als <a href=\"https:\/\/www.moebel.org\/cms\/produkt\/bambus-sessel-fauteuil-mod-java\/\" target=\"_blank\" rel=\"noopener\"><span style=\"color: #d75e11;\">Sessel \/ Fauteuil<\/a> erh\u00e4ltlich.<\/p>\n<p>Das 2-Sitzer-Sofa ist 133 cm lang, 96 cm tief und 70 cm hoch. Guter Sitzkomfort aus Bambus, Polsterung abziehbar, Bambusm\u00f6bel f\u00fcr Wohnzimmer, G\u00e4stezimmer, Kinderzimmer, usw.<\/p>\n<p>Das ist indonesische Handarbeit (Einzelanfertigung), Ausf\u00fchrung und Ma\u00dfe k\u00f6nnen daher variieren.<br \/>\nDie M\u00f6bel selber abzuholen w\u00e4re optimal (weil Abverkauf, keine R\u00fccknahme m\u00f6glich), Lieferung per Spedition ist auch m\u00f6glich.<\/p>\n<p><a href=\"https:\/\/www.moebel.org\/cms\/kontaktformular\/\" target=\"_blank\" rel=\"noopener\"><img loading=\"lazy\" decoding=\"async\" class=\"auto-style1\" src=\"https:\/\/www.moebel.org\/e_mail_bild.jpg\" width=\"111\" height=\"25\"><\/a><\/p>\n<p><a href=\"https:\/\/www.moebel.org\/cms\/kontaktformular\/\" target=\"_blank\" rel=\"noopener\"><strong><span style=\"color: #d75e11;\">Anfrage<\/span><\/strong><\/a><\/p>\n","protected":false},"excerpt":{"rendered":"<p><strong>Bambus-Sofas<\/strong>, Sitzm\u00f6bel f\u00fcr Wohnzimmer, G\u00e4stezimmer, Kinderzimmer.<br \/>\nDie Dreisitzer-Couch aus der Sitzgruppe &#8220;JAVA&#8221;.&nbsp;<\/p>\n<p><a href=\"https:\/\/www.moebel.org\/cms\/kontaktformular\/\" target=\"_blank\" rel=\"noopener\"><strong><span style=\"color: #d75e11;\">Kontakt<\/span><\/strong><\/a><\/p>\n","protected":false},"featured_media":6839,"template":"","meta":{"ngg_post_thumbnail":0},"product_brand":[],"product_cat":[47,73,54],"product_tag":[784,49,52,133,662,168,353,663,669,912,169,170,166,783,165,162,134,172,661,167,175,173,174],"class_list":{"0":"post-6838","1":"product","2":"type-product","3":"status-publish","4":"has-post-thumbnail","6":"product_cat-bambusmoebel-moebel-aus-bambus","7":"product_cat-bambussofas-sofas-sessel-hocker-aus-bambus","8":"product_cat-sofas","9":"product_tag-abverkauf","10":"product_tag-bambus","11":"product_tag-bambusmoebel","12":"product_tag-couch","13":"product_tag-fredenzimmer","14":"product_tag-gaestezimmer","15":"product_tag-gepolstert","16":"product_tag-hotelzimmer","17":"product_tag-java","18":"product_tag-jawa","19":"product_tag-kinderzimmer","20":"product_tag-moebel","21":"product_tag-polsterung","22":"product_tag-restposten","23":"product_tag-sitzkomfort","24":"product_tag-sitzmoebel","25":"product_tag-sofa","26":"product_tag-sofas","27":"product_tag-wohnlandschaft","28":"product_tag-wohnzimmer","29":"product_tag-wohnzimmercouch","30":"product_tag-wohnzimmermoebel","31":"product_tag-wohnzimmersofa","32":"product_shipping_class-spedition","34":"first","35":"instock","36":"taxable","37":"shipping-taxable","38":"purchasable","39":"product-type-simple"},"_links":{"self":[{"href":"https:\/\/www.moebel.org\/cms\/wp-json\/wp\/v2\/product\/6838","targetHints":{"allow":["GET"]}}],"collection":[{"href":"https:\/\/www.moebel.org\/cms\/wp-json\/wp\/v2\/product"}],"about":[{"href":"https:\/\/www.moebel.org\/cms\/wp-json\/wp\/v2\/types\/product"}],"wp:featuredmedia":[{"embeddable":true,"href":"https:\/\/www.moebel.org\/cms\/wp-json\/wp\/v2\/media\/6839"}],"wp:attachment":[{"href":"https:\/\/www.moebel.org\/cms\/wp-json\/wp\/v2\/media?parent=6838"}],"wp:term":[{"taxonomy":"product_brand","embeddable":true,"href":"https:\/\/www.moebel.org\/cms\/wp-json\/wp\/v2\/product_brand?post=6838"},{"taxonomy":"product_cat","embeddable":true,"href":"https:\/\/www.moebel.org\/cms\/wp-json\/wp\/v2\/product_cat?post=6838"},{"taxonomy":"product_tag","embeddable":true,"href":"https:\/\/www.moebel.org\/cms\/wp-json\/wp\/v2\/product_tag?post=6838"}],"curies":[{"name":"wp","href":"https:\/\/api.w.org\/{rel}","templated":true}]}}