{"id":6830,"date":"2025-04-18T11:48:36","date_gmt":"2025-04-18T09:48:36","guid":{"rendered":"https:\/\/www.moebel.org\/cms\/?post_type=product&#038;p=6830"},"modified":"2025-04-18T11:50:02","modified_gmt":"2025-04-18T09:50:02","slug":"kartons-faltkartons-fuer-barhocker-etc","status":"publish","type":"product","link":"https:\/\/www.moebel.org\/cms\/produkt\/kartons-faltkartons-fuer-barhocker-etc\/","title":{"rendered":"Gro\u00dfe, stabile Kartons, Faltkartons, f\u00fcr Barhocker, etc."},"content":{"rendered":"<p><strong>Robuste Kartons<\/strong> f\u00fcr den <strong>Versand<\/strong> von Barhockern und anderen Waren (Transportkartons) und f\u00fcr <strong>Lagerhaltung<\/strong>.&nbsp;<\/p>\n<p>Der Preis ist ein <strong>St\u00fcckpreis. <\/strong><\/p>\n<p>Der <strong>Versand<\/strong> dieser Kartons erfolgt auf Palette, d. h. dass dieser Artikel f\u00fcr die Bestellung gr\u00f6\u00dferer Mengen gedacht ist, Kleinmengen k\u00f6nnen nach Terminvereinbarung theoretisch abgeholt werden).<\/p>\n<p>Stabile Faltkartons mit 46x46cm Grundfl\u00e4che (Au\u00dfenma\u00df).<\/p>\n<p>H\u00f6he 1 (geschlossen) ca. 85 cm.&nbsp;&nbsp;<\/p>\n<p>H\u00f6he 1 (geschlossen) ca. 115 cm.&nbsp;&nbsp;<\/p>\n<p><a href=\"https:\/\/www.moebel.org\/cms\/kontaktformular\/\" target=\"_blank\" rel=\"noopener\"><strong><span style=\"color: #d75e11;\">Kontakt \/ Anfrage<\/span><\/strong><\/a><\/p>\n","protected":false},"excerpt":{"rendered":"<p>Robuste Kartons f\u00fcr den Versand von Barhockern und anderen Waren (Transportkartons) und f\u00fcr Lagerhaltung.&nbsp; Der Preis ist ein St\u00fcckpreis. Der Versand dieser Kartons erfolgt auf Palette,<span class=\"excerpt-hellip\"> [\u2026]<\/span><\/p>\n","protected":false},"featured_media":6831,"template":"","meta":{"ngg_post_thumbnail":0},"product_brand":[],"product_cat":[68,70,69,57,737,80,84,748,130],"product_tag":[246,247,240,241,244,245,911,251,249,250,909,908,910],"class_list":{"0":"post-6830","1":"product","2":"type-product","3":"status-publish","4":"has-post-thumbnail","6":"product_cat-bambusbarhocker","7":"product_cat-barhocker-aus-holz","8":"product_cat-metallbarhocker","9":"product_cat-barhocker","10":"product_cat-barhocker-hoehenverstellbar","11":"product_cat-barhockersitze","12":"product_cat-diverses","13":"product_cat-hocker-40-45cm-hoch","14":"product_cat-kartons_palettenkartons","15":"product_tag-faltkarton","16":"product_tag-faltkartons","17":"product_tag-karton","18":"product_tag-kartons","19":"product_tag-lagerhaltung","20":"product_tag-lagerung","21":"product_tag-transport","22":"product_tag-verpackungsmaterial","23":"product_tag-versand","24":"product_tag-versandverpackung","25":"product_tag-verschicken","26":"product_tag-ware-versenden","27":"product_tag-wellpappe","28":"product_shipping_class-spedition","30":"first","31":"instock","32":"taxable","33":"shipping-taxable","34":"purchasable","35":"product-type-variable"},"_links":{"self":[{"href":"https:\/\/www.moebel.org\/cms\/wp-json\/wp\/v2\/product\/6830","targetHints":{"allow":["GET"]}}],"collection":[{"href":"https:\/\/www.moebel.org\/cms\/wp-json\/wp\/v2\/product"}],"about":[{"href":"https:\/\/www.moebel.org\/cms\/wp-json\/wp\/v2\/types\/product"}],"wp:featuredmedia":[{"embeddable":true,"href":"https:\/\/www.moebel.org\/cms\/wp-json\/wp\/v2\/media\/6831"}],"wp:attachment":[{"href":"https:\/\/www.moebel.org\/cms\/wp-json\/wp\/v2\/media?parent=6830"}],"wp:term":[{"taxonomy":"product_brand","embeddable":true,"href":"https:\/\/www.moebel.org\/cms\/wp-json\/wp\/v2\/product_brand?post=6830"},{"taxonomy":"product_cat","embeddable":true,"href":"https:\/\/www.moebel.org\/cms\/wp-json\/wp\/v2\/product_cat?post=6830"},{"taxonomy":"product_tag","embeddable":true,"href":"https:\/\/www.moebel.org\/cms\/wp-json\/wp\/v2\/product_tag?post=6830"}],"curies":[{"name":"wp","href":"https:\/\/api.w.org\/{rel}","templated":true}]}}