{"id":6805,"date":"2025-02-28T16:03:21","date_gmt":"2025-02-28T15:03:21","guid":{"rendered":"https:\/\/www.moebel.org\/cms\/?post_type=product&#038;p=6805"},"modified":"2025-02-28T17:10:35","modified_gmt":"2025-02-28T16:10:35","slug":"r160-klapptischgestell-fuer-runde-tischplatte","status":"publish","type":"product","link":"https:\/\/www.moebel.org\/cms\/produkt\/r160-klapptischgestell-fuer-runde-tischplatte\/","title":{"rendered":"r160, Klapptischgestell f\u00fcr runde Tischplatte"},"content":{"rendered":"<h1>Klapptischgestell <span style=\"color: #0000ff;\"><strong>Andrea_r160.<\/strong><\/span><\/h1>\n<p>Das Tischgestell f\u00fcr eine runde Tischplatte ab Durchmesser<span style=\"color: #0000ff;\"><strong> 160 cm<\/strong><\/span>, Set \/ Garnitur (<strong>3-teilig<\/strong>, passend f\u00fcr 1 Tisch).<\/p>\n<p><strong>Gestelle f\u00fcr gro\u00dfe, runde Tische<\/strong> (Esstische, Besprechungstische, etc). Passend f\u00fcr Konferenzzimmer, Schulungsr\u00e4ume, Seminarveranstalter, Veranstaltungen oder f\u00fcr private Zwecke als Spieltisch oder Esstisch.<\/p>\n<p>H\u00f6he 71 cm, Gewicht 9,5 kg.<\/p>\n<p>Die Gestelle sind mit verstellbaren F\u00fc\u00dfen ausgestattet und k\u00f6nnen gestapelt und palettiert werden.<\/p>\n<p>Tische k\u00f6nnen mit diesen klappbaren Tischgestellen durch zus\u00e4tzliche <a href=\"https:\/\/www.moebel.org\/cms\/wp-content\/uploads\/Rollen-bzw.-Raeder-fuer-Klapptischgestelle-60mm.jpg\" target=\"_blank\" rel=\"noopener\"><span style=\"color: #d75e11;\">Rollen bzw. R\u00e4der<\/span><\/a> auch <strong>fahrbar<\/strong> gemacht werden (Option \/ Aufpreis f\u00fcr 6 Stk.: 42.- + MwSt.). Die <strong>H\u00f6he<\/strong> vom Tischgestell muss da aber ev. angepasst werden, weil die Rollen ca 6 cm hoch sind.<\/p>\n<p>Diese Tischgestelle gibt es in vielen verschiedenen Farben und auch in 2 H\u00f6hen (falls Rollen gew\u00fcnscht sind), daher werden sie in der Regel erst nach Bestellung produziert. Muster teilweise lagernd.&nbsp;<\/p>\n<p><a href=\"https:\/\/www.moebel.org\/cms\/kontaktformular\/\" target=\"_blank\" rel=\"noopener\"><img loading=\"lazy\" decoding=\"async\" class=\"auto-style1\" src=\"https:\/\/www.moebel.org\/e_mail_bild.jpg\" width=\"111\" height=\"25\"><\/a><\/p>\n<p><a href=\"https:\/\/www.moebel.org\/cms\/kontaktformular\/\" target=\"_blank\" rel=\"noopener\"><strong><span style=\"color: #d75e11;\">Anfrage<\/span><\/strong><\/a><\/p>\n","protected":false},"excerpt":{"rendered":"<p>Klappbare Tischgestelle f\u00fcr runde Tischplatten mit <span style=\"color: #0000ff;\"><strong>160 cm<\/strong><\/span> Durchmesser.<\/p>\n<p>Garnitur bzw. Set, 3-teilig (f\u00fcr 1 Tisch)<\/p>\n","protected":false},"featured_media":6801,"template":"","meta":{"ngg_post_thumbnail":0},"product_brand":[],"product_cat":[88,62,82],"product_tag":[906,272,271,569,208,219,220,225,217,218,226,215,216,222,904,567,209,568,905,254,221,227,228,229,230,223],"class_list":{"0":"post-6805","1":"product","2":"type-product","3":"status-publish","4":"has-post-thumbnail","6":"product_cat-esstische","7":"product_cat-tische-tischgestelle","8":"product_cat-klapptische-klapptischgestelle","9":"product_tag-3-teilig","10":"product_tag-chrom","11":"product_tag-eisen","12":"product_tag-fahrbar","13":"product_tag-farbig","14":"product_tag-gestell","15":"product_tag-gestelle","16":"product_tag-klapptisch","17":"product_tag-klapptisch-gestell","18":"product_tag-klapptisch-gestelle","19":"product_tag-klapptische","20":"product_tag-klapptischgestell","21":"product_tag-klapptischgestelle","22":"product_tag-metall","23":"product_tag-r160","24":"product_tag-raeder","25":"product_tag-ral","26":"product_tag-rollen","27":"product_tag-runde-tischplatten","28":"product_tag-schwarz","29":"product_tag-stahl","30":"product_tag-tisch","31":"product_tag-tische","32":"product_tag-tischgestell","33":"product_tag-tischgestelle","34":"product_tag-verchromt","35":"product_shipping_class-paket-xl-bis-gurtmass","37":"first","38":"instock","39":"taxable","40":"shipping-taxable","41":"purchasable","42":"product-type-variable"},"_links":{"self":[{"href":"https:\/\/www.moebel.org\/cms\/wp-json\/wp\/v2\/product\/6805","targetHints":{"allow":["GET"]}}],"collection":[{"href":"https:\/\/www.moebel.org\/cms\/wp-json\/wp\/v2\/product"}],"about":[{"href":"https:\/\/www.moebel.org\/cms\/wp-json\/wp\/v2\/types\/product"}],"wp:featuredmedia":[{"embeddable":true,"href":"https:\/\/www.moebel.org\/cms\/wp-json\/wp\/v2\/media\/6801"}],"wp:attachment":[{"href":"https:\/\/www.moebel.org\/cms\/wp-json\/wp\/v2\/media?parent=6805"}],"wp:term":[{"taxonomy":"product_brand","embeddable":true,"href":"https:\/\/www.moebel.org\/cms\/wp-json\/wp\/v2\/product_brand?post=6805"},{"taxonomy":"product_cat","embeddable":true,"href":"https:\/\/www.moebel.org\/cms\/wp-json\/wp\/v2\/product_cat?post=6805"},{"taxonomy":"product_tag","embeddable":true,"href":"https:\/\/www.moebel.org\/cms\/wp-json\/wp\/v2\/product_tag?post=6805"}],"curies":[{"name":"wp","href":"https:\/\/api.w.org\/{rel}","templated":true}]}}