{"id":6785,"date":"2025-02-14T18:41:48","date_gmt":"2025-02-14T17:41:48","guid":{"rendered":"https:\/\/www.moebel.org\/cms\/?post_type=product&#038;p=6785"},"modified":"2025-02-14T22:13:58","modified_gmt":"2025-02-14T21:13:58","slug":"avisierung-asn","status":"publish","type":"product","link":"https:\/\/www.moebel.org\/cms\/produkt\/avisierung-asn\/","title":{"rendered":"Avisierung \/ ASN"},"content":{"rendered":"<p><strong>Avisierung (Lieferavis),<\/strong> Ank\u00fcndigung einer Warenlieferung an den Empf\u00e4nger, eine Option in der Logistik (Advance Shipping Notice \/ ASN).<\/p>\n<p>Die <strong>Speditionen<\/strong> verlangen mittlerweile fast alle eine Geb\u00fchr f\u00fcr das Ank\u00fcndigen einer Zustellung.<br \/>\nDas betrifft allerdings nur <strong>Transporte auf Paletten<\/strong>, die Paketedienste sind da ausgenommen (die rufen sowieso niemanden an)!<\/p>\n<p>Wenn wir den Auftrag an eine Spedition vergeben, wird die Ware meistens von einem Partner mit einem kleinen LKW abgeholt und in die Zentrale gebracht. Von dort aus geht eine Palette meistens mit einem gro\u00dfen LKW in ein Auslieferungslager in der N\u00e4he des Warenempf\u00e4ngers, dort wird dann wieder mit einem kleinen LKW die Ware abgeholt und zum Endkunden geliefert.<\/p>\n<p>Welche Spedition wo eingesetzt wird, ist von uns i. d. R. nicht kontrollierbar und wir kennen auch die Fahrer nicht. Daher macht es oft Sinn die Zustellung avisieren zu lassen, speziell wenn an der Zieladresse nicht immer jemand zugegen ist.&nbsp;<\/p>\n","protected":false},"excerpt":{"rendered":"<p><strong>Avisierung \/ ASN<\/strong><\/p>\n<p>Ank\u00fcndigung einer Warenlieferung per Spedition (nicht verf\u00fcgbar f\u00fcr Transporte per Paketdienst)<\/p>\n","protected":false},"featured_media":6786,"template":"","meta":{"ngg_post_thumbnail":0},"product_brand":[],"product_cat":[161,71,47,68,70,69,57,737,84,88,62,128,509,748,886,765,73,54,72,58,74,87,813,122,759,56,55,83],"product_tag":[903,899,895,896,902,898,900,897,901],"class_list":{"0":"post-6785","1":"product","2":"type-product","3":"status-publish","4":"has-post-thumbnail","6":"product_cat-bambusmoebel-kleiderschraenke-kommoden-nachtkaestchen","7":"product_cat-bambusbetten","8":"product_cat-bambusmoebel-moebel-aus-bambus","9":"product_cat-bambusbarhocker","10":"product_cat-barhocker-aus-holz","11":"product_cat-metallbarhocker","12":"product_cat-barhocker","13":"product_cat-barhocker-hoehenverstellbar","14":"product_cat-diverses","15":"product_cat-esstische","16":"product_cat-tische-tischgestelle","17":"product_cat-gartenmoebel-outdoormoebel","18":"product_cat-hoehenverstellbare-tischgestelle","19":"product_cat-hocker-40-45cm-hoch","20":"product_cat-bambus-regale","21":"product_cat-schreibtische","22":"product_cat-bambussofas-sofas-sessel-hocker-aus-bambus","23":"product_cat-sofas","24":"product_cat-stadionsitze","25":"product_cat-stehtische-stehtischgestelle","26":"product_cat-stuehle-sessel","27":"product_cat-stuehle-sessel-elena","28":"product_cat-tische-aus-bambus","29":"product_cat-tischplatten-nach-cad-sonderanfertigungen","30":"product_cat-tischplatten_rechteckig_und_quadratisch","31":"product_cat-tischplatten-borde-zuschnitte-platten-korpus","32":"product_cat-vitrinen","33":"product_cat-vitrinen-glasvitrinen","34":"product_tag-ankuendigung","35":"product_tag-asn","36":"product_tag-avisierung","37":"product_tag-lieferavis","38":"product_tag-lkw","39":"product_tag-logistik","40":"product_tag-spedition","41":"product_tag-warenlieferung","42":"product_tag-zustellung","43":"product_shipping_class-versandkosten-inklusive","45":"first","46":"instock","47":"taxable","48":"shipping-taxable","49":"purchasable","50":"product-type-simple"},"_links":{"self":[{"href":"https:\/\/www.moebel.org\/cms\/wp-json\/wp\/v2\/product\/6785","targetHints":{"allow":["GET"]}}],"collection":[{"href":"https:\/\/www.moebel.org\/cms\/wp-json\/wp\/v2\/product"}],"about":[{"href":"https:\/\/www.moebel.org\/cms\/wp-json\/wp\/v2\/types\/product"}],"wp:featuredmedia":[{"embeddable":true,"href":"https:\/\/www.moebel.org\/cms\/wp-json\/wp\/v2\/media\/6786"}],"wp:attachment":[{"href":"https:\/\/www.moebel.org\/cms\/wp-json\/wp\/v2\/media?parent=6785"}],"wp:term":[{"taxonomy":"product_brand","embeddable":true,"href":"https:\/\/www.moebel.org\/cms\/wp-json\/wp\/v2\/product_brand?post=6785"},{"taxonomy":"product_cat","embeddable":true,"href":"https:\/\/www.moebel.org\/cms\/wp-json\/wp\/v2\/product_cat?post=6785"},{"taxonomy":"product_tag","embeddable":true,"href":"https:\/\/www.moebel.org\/cms\/wp-json\/wp\/v2\/product_tag?post=6785"}],"curies":[{"name":"wp","href":"https:\/\/api.w.org\/{rel}","templated":true}]}}