{"id":6768,"date":"2024-12-28T14:52:33","date_gmt":"2024-12-28T13:52:33","guid":{"rendered":"https:\/\/www.moebel.org\/cms\/?post_type=product&#038;p=6768"},"modified":"2024-12-28T14:52:33","modified_gmt":"2024-12-28T13:52:33","slug":"stuhl-aus-hellem-bambus","status":"publish","type":"product","link":"https:\/\/www.moebel.org\/cms\/produkt\/stuhl-aus-hellem-bambus\/","title":{"rendered":"Stuhl aus hellem Bambus"},"content":{"rendered":"<p><strong>Sessel \/ Stuhl Modell &#8220;Kantor&#8221;!<\/strong><\/p>\n<p>Die Variante aus hellem Bambusrohr (nat\u00fcrlich hell, transparent lackiert). Passend als Kombination bzw. Kontrast zum <a href=\"https:\/\/www.moebel.org\/cms\/produkt\/schreibtisch-aus-dunklem-bambus\/\" target=\"_top\" rel=\"noopener\"><strong><span style=\"color: #d75e11;\">schwarzen Schreibtisch<\/span><\/strong><\/a>.<\/p>\n<p>Dieser Bambusstuhl wurde eigentlich entwickelt f\u00fcr die Verwendung am Schreibtisch aus Bambus, er kann aber nat\u00fcrlich auch an einem Esstisch oder an einem anderen B\u00fcrotisch bzw. Schreibtisch aus Holz, etc., verwendet werden.<\/p>\n<p>Das ist indonesische Handarbeit (Einzelanfertigung), Ausf\u00fchrung und Ma\u00dfe k\u00f6nnen daher variieren.<br \/>\nDie M\u00f6bel selber abzuholen w\u00e4re optimal (weil Abverkauf, keine R\u00fccknahme m\u00f6glich), Lieferung per Spedition ist auch m\u00f6glich.<\/p>\n<p><a href=\"https:\/\/www.moebel.org\/cms\/kontaktformular\/\" target=\"_blank\" rel=\"noopener\"><strong><span style=\"color: #d75e11;\">Kontakt \/ Anfrage<\/span><\/strong><\/a><\/p>\n","protected":false},"excerpt":{"rendered":"<p>Stuhl Modell &#8220;<strong>Kantor<\/strong>&#8220;, inkl. Polsterung (kann zum Waschen abgenommen werden, Rei\u00dfverschluss).<\/p>\n<p>Heller Bambus!&nbsp;<\/p>\n","protected":false},"featured_media":6769,"template":"","meta":{"ngg_post_thumbnail":0},"product_brand":[],"product_cat":[47,765],"product_tag":[],"class_list":{"0":"post-6768","1":"product","2":"type-product","3":"status-publish","4":"has-post-thumbnail","6":"product_cat-bambusmoebel-moebel-aus-bambus","7":"product_cat-schreibtische","8":"product_shipping_class-spedition","10":"first","11":"instock","12":"sale","13":"taxable","14":"shipping-taxable","15":"purchasable","16":"product-type-simple"},"_links":{"self":[{"href":"https:\/\/www.moebel.org\/cms\/wp-json\/wp\/v2\/product\/6768","targetHints":{"allow":["GET"]}}],"collection":[{"href":"https:\/\/www.moebel.org\/cms\/wp-json\/wp\/v2\/product"}],"about":[{"href":"https:\/\/www.moebel.org\/cms\/wp-json\/wp\/v2\/types\/product"}],"wp:featuredmedia":[{"embeddable":true,"href":"https:\/\/www.moebel.org\/cms\/wp-json\/wp\/v2\/media\/6769"}],"wp:attachment":[{"href":"https:\/\/www.moebel.org\/cms\/wp-json\/wp\/v2\/media?parent=6768"}],"wp:term":[{"taxonomy":"product_brand","embeddable":true,"href":"https:\/\/www.moebel.org\/cms\/wp-json\/wp\/v2\/product_brand?post=6768"},{"taxonomy":"product_cat","embeddable":true,"href":"https:\/\/www.moebel.org\/cms\/wp-json\/wp\/v2\/product_cat?post=6768"},{"taxonomy":"product_tag","embeddable":true,"href":"https:\/\/www.moebel.org\/cms\/wp-json\/wp\/v2\/product_tag?post=6768"}],"curies":[{"name":"wp","href":"https:\/\/api.w.org\/{rel}","templated":true}]}}