{"id":6755,"date":"2024-12-27T11:01:47","date_gmt":"2024-12-27T10:01:47","guid":{"rendered":"https:\/\/www.moebel.org\/cms\/?post_type=product&#038;p=6755"},"modified":"2024-12-28T20:48:22","modified_gmt":"2024-12-28T19:48:22","slug":"kommode-aus-bambus-mit-1-tuer","status":"publish","type":"product","link":"https:\/\/www.moebel.org\/cms\/produkt\/kommode-aus-bambus-mit-1-tuer\/","title":{"rendered":"Kommode aus Bambus mit 1 T\u00fcr"},"content":{"rendered":"<p><strong>Abverkauf \/ Aktion \/ Restposten! <\/strong><\/p>\n<p>Kommode aus Bambus mit 1 T\u00fcr, Modell &#8220;Pintu Satu&#8221;. Geeignet sind diese M\u00f6bel als Schuhschrank, W\u00e4scheschrank oder als Kommode f\u00fcr Kleinteile, 3 fix eingebaute Zwischenb\u00f6den. Diese&nbsp;<\/p>\n<p>100 cm hoch, 60 cm breit, 45 cm tief.&nbsp;<\/p>\n<p>Lieferung ohne Dekoration.&nbsp;<\/p>\n<p>Das ist indonesische Handarbeit (Einzelanfertigung), Ausf\u00fchrung und Ma\u00dfe k\u00f6nnen daher variieren.<br \/>\nIdealerweise sollten die Bambusm\u00f6bel vom K\u00e4ufer abgeholt werden (weil Abverkauf, keine R\u00fccknahme m\u00f6glich), Lieferung per Spedition ist aber auch m\u00f6glich.<\/p>\n<p><a href=\"https:\/\/www.moebel.org\/cms\/kontaktformular\/\" target=\"_blank\" rel=\"noopener\"><img loading=\"lazy\" decoding=\"async\" class=\"auto-style1\" src=\"https:\/\/www.moebel.org\/e_mail_bild.jpg\" width=\"111\" height=\"25\"><\/a><\/p>\n<p><a href=\"https:\/\/www.moebel.org\/cms\/kontaktformular\/\" target=\"_blank\" rel=\"noopener\"><strong><span style=\"color: #d75e11;\">Anfrage<\/span><\/strong><\/a><\/p>\n","protected":false},"excerpt":{"rendered":"<p>Bambus-Kommode mit 1 T\u00fcr, Modell &#8220;Pintu Satu&#8221;.&nbsp;<\/p>\n<p>3 Zwischenb\u00f6den<\/p>\n","protected":false},"featured_media":6756,"template":"","meta":{"ngg_post_thumbnail":0},"product_brand":[],"product_cat":[161,47],"product_tag":[892,784,891,49,178,52,180,182,176,177,170,889,783,890,179,181,893,183],"class_list":{"0":"post-6755","1":"product","2":"type-product","3":"status-publish","4":"has-post-thumbnail","6":"product_cat-bambusmoebel-kleiderschraenke-kommoden-nachtkaestchen","7":"product_cat-bambusmoebel-moebel-aus-bambus","8":"product_tag-1-tuer","9":"product_tag-abverkauf","10":"product_tag-aktion","11":"product_tag-bambus","12":"product_tag-bambuskommode","13":"product_tag-bambusmoebel","14":"product_tag-bambusschrank","15":"product_tag-bambusschraenke","16":"product_tag-kommode","17":"product_tag-kommoden","18":"product_tag-moebel","19":"product_tag-pintu","20":"product_tag-restposten","21":"product_tag-satu","22":"product_tag-schrank","23":"product_tag-schraenke","24":"product_tag-schuhschrank","25":"product_tag-waescheschrank","26":"product_shipping_class-spedition","28":"first","29":"instock","30":"sale","31":"taxable","32":"shipping-taxable","33":"purchasable","34":"product-type-variable"},"_links":{"self":[{"href":"https:\/\/www.moebel.org\/cms\/wp-json\/wp\/v2\/product\/6755","targetHints":{"allow":["GET"]}}],"collection":[{"href":"https:\/\/www.moebel.org\/cms\/wp-json\/wp\/v2\/product"}],"about":[{"href":"https:\/\/www.moebel.org\/cms\/wp-json\/wp\/v2\/types\/product"}],"wp:featuredmedia":[{"embeddable":true,"href":"https:\/\/www.moebel.org\/cms\/wp-json\/wp\/v2\/media\/6756"}],"wp:attachment":[{"href":"https:\/\/www.moebel.org\/cms\/wp-json\/wp\/v2\/media?parent=6755"}],"wp:term":[{"taxonomy":"product_brand","embeddable":true,"href":"https:\/\/www.moebel.org\/cms\/wp-json\/wp\/v2\/product_brand?post=6755"},{"taxonomy":"product_cat","embeddable":true,"href":"https:\/\/www.moebel.org\/cms\/wp-json\/wp\/v2\/product_cat?post=6755"},{"taxonomy":"product_tag","embeddable":true,"href":"https:\/\/www.moebel.org\/cms\/wp-json\/wp\/v2\/product_tag?post=6755"}],"curies":[{"name":"wp","href":"https:\/\/api.w.org\/{rel}","templated":true}]}}