{"id":6753,"date":"2024-12-26T19:54:50","date_gmt":"2024-12-26T18:54:50","guid":{"rendered":"https:\/\/www.moebel.org\/cms\/?post_type=product&#038;p=6753"},"modified":"2024-12-28T21:07:36","modified_gmt":"2024-12-28T20:07:36","slug":"bambus-regal-110-x-45-x-110-cm","status":"publish","type":"product","link":"https:\/\/www.moebel.org\/cms\/produkt\/bambus-regal-110-x-45-x-110-cm\/","title":{"rendered":"Bambus-Regal 110 x 45 x 110 cm"},"content":{"rendered":"<p><strong>Bambus-Regal.<\/strong><\/p>\n<p>Heller Bambus, transparent lackiert, Ma\u00dfe 110 x 45 x 110 cm. Indonesische Handarbeit (Einzelanfertigung), Ausf\u00fchrung und Ma\u00dfe k\u00f6nnen daher variieren.<\/p>\n<p>Abverkauf \/ Aktion!<\/p>\n<p>Idealerweise sollten die Bambusm\u00f6bel vom K\u00e4ufer abgeholt werden (weil Abverkauf, keine R\u00fccknahme m\u00f6glich), Lieferung per Spedition ist aber auch m\u00f6glich.<\/p>\n<p><a href=\"https:\/\/www.moebel.org\/cms\/kontaktformular\/\" target=\"_blank\" rel=\"noopener\"><img loading=\"lazy\" decoding=\"async\" class=\"auto-style1\" src=\"https:\/\/www.moebel.org\/e_mail_bild.jpg\" width=\"111\" height=\"25\"><\/a><\/p>\n<p><a href=\"https:\/\/www.moebel.org\/cms\/kontaktformular\/\" target=\"_blank\" rel=\"noopener\"><strong><span style=\"color: #d75e11;\">Anfrage<\/span><\/strong><\/a><\/p>\n","protected":false},"excerpt":{"rendered":"<p>Bambus-Regal Nr. 20100612-1<\/p>\n","protected":false},"featured_media":6754,"template":"","meta":{"ngg_post_thumbnail":0},"product_brand":[],"product_cat":[47,886,86],"product_tag":[784,891,49,52,894,888,887,414,415],"class_list":{"0":"post-6753","1":"product","2":"type-product","3":"status-publish","4":"has-post-thumbnail","6":"product_cat-bambusmoebel-moebel-aus-bambus","7":"product_cat-bambus-regale","8":"product_cat-regale-mittelraumgondeln","9":"product_tag-abverkauf","10":"product_tag-aktion","11":"product_tag-bambus","12":"product_tag-bambusmoebel","13":"product_tag-offen","14":"product_tag-offene","15":"product_tag-offenes","16":"product_tag-regal","17":"product_tag-regale","18":"product_shipping_class-spedition","20":"first","21":"instock","22":"sale","23":"taxable","24":"shipping-taxable","25":"purchasable","26":"product-type-simple"},"_links":{"self":[{"href":"https:\/\/www.moebel.org\/cms\/wp-json\/wp\/v2\/product\/6753","targetHints":{"allow":["GET"]}}],"collection":[{"href":"https:\/\/www.moebel.org\/cms\/wp-json\/wp\/v2\/product"}],"about":[{"href":"https:\/\/www.moebel.org\/cms\/wp-json\/wp\/v2\/types\/product"}],"wp:featuredmedia":[{"embeddable":true,"href":"https:\/\/www.moebel.org\/cms\/wp-json\/wp\/v2\/media\/6754"}],"wp:attachment":[{"href":"https:\/\/www.moebel.org\/cms\/wp-json\/wp\/v2\/media?parent=6753"}],"wp:term":[{"taxonomy":"product_brand","embeddable":true,"href":"https:\/\/www.moebel.org\/cms\/wp-json\/wp\/v2\/product_brand?post=6753"},{"taxonomy":"product_cat","embeddable":true,"href":"https:\/\/www.moebel.org\/cms\/wp-json\/wp\/v2\/product_cat?post=6753"},{"taxonomy":"product_tag","embeddable":true,"href":"https:\/\/www.moebel.org\/cms\/wp-json\/wp\/v2\/product_tag?post=6753"}],"curies":[{"name":"wp","href":"https:\/\/api.w.org\/{rel}","templated":true}]}}