{"id":6558,"date":"2024-12-19T13:28:24","date_gmt":"2024-12-19T12:28:24","guid":{"rendered":"https:\/\/www.moebel.org\/cms\/?post_type=product&#038;p=6558"},"modified":"2024-12-22T17:21:01","modified_gmt":"2024-12-22T16:21:01","slug":"didgeridoos-musikinstrumente","status":"publish","type":"product","link":"https:\/\/www.moebel.org\/cms\/produkt\/didgeridoos-musikinstrumente\/","title":{"rendered":"Didgeridoos, Musikinstrumente und Dekoration"},"content":{"rendered":"<h1>Didgeridoos.<\/h1>\n<p>Hier finden Sie verschiedene Didgeridoo-Varianten, klassische aus Holz, ohne Schn\u00f6rkel, kunstvoll bemalte (z. B. Didgeridoos aus Bambusrohren) oder aufw\u00e4ndig geschnitzte, wie bei unseren Didgeridoos mit Tiermotiven oder Fabelwesen.<br \/>\nJe nach Holzst\u00e4rke, Durchmesser und L\u00e4nge macht jedes Didgeridoo seinen eigenen (speziellen) Klang. Das Didgeridoo (anglisierte Schreibweise: \u201eDidjeridu\u201c) wird auch als&nbsp;<strong>Horn der Eingeborenen<\/strong> bezeichnet.<\/p>\n<p><strong>Didgeridoos<\/strong> geh\u00f6ren zur Familie der <strong>Aerophone<\/strong> und sind obertonreiche <strong>Blasinstrumente<\/strong> und melodische <strong>Rhythmusinstrumente<\/strong>. Popul\u00e4r wurde das Didgeridoo durch die im Norden Australiens beheimateten Aborigines.<\/p>\n<p>In <strong>Indonesien<\/strong> werden Didgeridoos auch aus <strong>Bambusrohren<\/strong> gefertigt (so wie auch <a href=\"https:\/\/www.moebel.org\/bambusmoebel.htm \" target=\"_blank\" rel=\"noopener\"><strong><span style=\"color: #d75e11;\">Bambusm\u00f6bel<\/span><\/strong><\/a>), diese Instrumente sind im Klang des Didgeridoos aus Holz sehr \u00e4hnlich. Da Bambusrohre h\u00e4ufiger Risse bilden, sind manche der hier angebotenen Didgeridoos aus Bambusrohr nicht als Musikinstrument geeignet, sondern als Dekoration gedacht (Varianten &#8220;DEKO&#8221;).<\/p>\n<p>Der Ton wird beim Didgeridoo durch Mundbewegungen und Atemtechnik erzeugt, \u00e4hnlich wie bei Blechblasinstrumenten (z. B. Alphorn, Tuba, Posaune,&#8230;). Die R\u00f6hren fungieren dabei sozusagen als Verst\u00e4rker.<\/p>\n<p>Die Luft wird beim Spielen aus dem Mund in das Didgeridoo gepresst bzw. gedr\u00fcckt (die Lippen vibrieren dabei), atmen tun Profis dabei durch die Nase. Mit dieser Atemtechnik (die sich &#8220;Zirkularatmung&#8221; nennt) kann ein ununterbrocher Ton erzeugt werden.<\/p>\n<p>Didgeridoos sind auch nette Geschenkartikel und Mitbringsel.&nbsp;<\/p>\n<p><strong>Testen<\/strong> ist bei uns im Lager nach Terminvereinbarung m\u00f6glich.<\/p>\n<p><a href=\"https:\/\/www.moebel.org\/cms\/kontaktformular\/\" target=\"_blank\" rel=\"noopener\"><strong><span style=\"color: #d75e11;\">Kontakt \/ Anfrage<\/span><\/strong><\/a><\/p>\n","protected":false},"excerpt":{"rendered":"<p><strong>Didgeridoos<\/strong> aus Holz und aus Bambus, klassisch, mit Tiermotiven (Schnitzerei) oder mit kunstvoller Bemalung (indonesische Batik).&nbsp;<\/p>\n<p>Didgeridoos aus Holz eignen sich hervorragend zum Musizieren, Sie finden hier auch kunstvoll bemalte und geschnitzte Varianten. Die Didgeridoos aus Bambusrohr sind als Musikinstrument nicht alle geeignet, manche sind nur als Dekoration gedacht.<\/p>\n<p><a href=\"https:\/\/www.moebel.org\/cms\/kontaktformular\/\" target=\"_blank\" rel=\"noopener\"><strong><span style=\"color: #d75e11;\">Kontakt \/ Anfrage<\/span><\/strong><\/a><\/p>\n<p>&nbsp;<\/p>\n<p>&nbsp;<\/p>\n","protected":false},"featured_media":6743,"template":"","meta":{"ngg_post_thumbnail":0},"product_brand":[],"product_cat":[63,84,530],"product_tag":[883,879,872,882,49,772,875,340,874,880,196,531,532,870,871,878,348,885,329,328,330,470,876,201,461,332,881,877,873,884],"class_list":{"0":"post-6558","1":"product","2":"type-product","3":"status-publish","4":"has-post-thumbnail","6":"product_cat-dekoration-geschenkartikel","7":"product_cat-diverses","8":"product_cat-musikinstrumente","9":"product_tag-aborigines","10":"product_tag-aerophone","11":"product_tag-atemtechnik","12":"product_tag-australiens","13":"product_tag-bambus","14":"product_tag-bambusrohr","15":"product_tag-bambusrohre","16":"product_tag-bemalt","17":"product_tag-bemalte","18":"product_tag-blasinstrumente","19":"product_tag-dekoration","20":"product_tag-didgeridoo","21":"product_tag-didgeridoos","22":"product_tag-didjeridu","23":"product_tag-didjeridus","24":"product_tag-eingeborene","25":"product_tag-gastgeschenk","26":"product_tag-gastgeschenke","27":"product_tag-geschenk","28":"product_tag-geschenkartikel","29":"product_tag-geschenke","30":"product_tag-geschnitzt","31":"product_tag-geschnitzte","32":"product_tag-holz","33":"product_tag-indonesien","34":"product_tag-mitbringsel","35":"product_tag-rhythmusinstrumente","36":"product_tag-tiermotive","37":"product_tag-varianten","38":"product_tag-zirkularatmung","39":"product_shipping_class-paket-xl-bis-gurtmass","41":"first","42":"instock","43":"sale","44":"taxable","45":"shipping-taxable","46":"purchasable","47":"product-type-variable"},"_links":{"self":[{"href":"https:\/\/www.moebel.org\/cms\/wp-json\/wp\/v2\/product\/6558","targetHints":{"allow":["GET"]}}],"collection":[{"href":"https:\/\/www.moebel.org\/cms\/wp-json\/wp\/v2\/product"}],"about":[{"href":"https:\/\/www.moebel.org\/cms\/wp-json\/wp\/v2\/types\/product"}],"wp:featuredmedia":[{"embeddable":true,"href":"https:\/\/www.moebel.org\/cms\/wp-json\/wp\/v2\/media\/6743"}],"wp:attachment":[{"href":"https:\/\/www.moebel.org\/cms\/wp-json\/wp\/v2\/media?parent=6558"}],"wp:term":[{"taxonomy":"product_brand","embeddable":true,"href":"https:\/\/www.moebel.org\/cms\/wp-json\/wp\/v2\/product_brand?post=6558"},{"taxonomy":"product_cat","embeddable":true,"href":"https:\/\/www.moebel.org\/cms\/wp-json\/wp\/v2\/product_cat?post=6558"},{"taxonomy":"product_tag","embeddable":true,"href":"https:\/\/www.moebel.org\/cms\/wp-json\/wp\/v2\/product_tag?post=6558"}],"curies":[{"name":"wp","href":"https:\/\/api.w.org\/{rel}","templated":true}]}}