{"id":6244,"date":"2024-08-11T12:51:20","date_gmt":"2024-08-11T10:51:20","guid":{"rendered":"https:\/\/www.moebel.org\/cms\/?post_type=product&#038;p=6244"},"modified":"2024-08-11T12:51:20","modified_gmt":"2024-08-11T10:51:20","slug":"couchtisch-bambus-wohnzimmertisch-news-baru","status":"publish","type":"product","link":"https:\/\/www.moebel.org\/cms\/produkt\/couchtisch-bambus-wohnzimmertisch-news-baru\/","title":{"rendered":"Couchtisch Bambus, Wohnzimmertisch &#8220;News Baru&#8221;"},"content":{"rendered":"<p>Wohnzimmertisch Modell <strong>&#8220;News Baru&#8221;.<\/strong><\/p>\n<p>Couchtisch mit Zwischenboden und Geflecht im Zwischenboden (der Rahmen oben ist offen), Lieferung inkl. Glasplatte.<\/p>\n<p>Der Bambustisch mit praktischem Zwischenfach f\u00fcr Utensilien, Zeitungen, Zeitschriften, Fernbedienungen, etc. Geflecht aus Bambusstreifen und Rattan in der unteren Ebene, helle Rattanwicklungen an den Ecken und an den Verbindungen.<\/p>\n<p>Ein eleganter Tisch f\u00fcr Wohnzimmer, Kinderzimmer, G\u00e4stezimmer oder auch f\u00fcr den Wintergarten.<\/p>\n<p>Ma\u00dfe: Rahmen 50&#215;50 cm, Glasplatte 65&#215;65 cm, der Tisch ist ca. 55 cm hoch.<\/p>\n<p>Dieser Bambustisch ist indonesische Handarbeit (Einzelanfertigung), Ausf\u00fchrung und Ma\u00dfe k\u00f6nnen daher variieren.<br \/>\nIdealerweise sollten diese Bambusm\u00f6bel vom K\u00e4ufer abgeholt werden (Abverkauf, keine R\u00fccknahme m\u00f6glich). Lieferung per Spedition ist aber auch m\u00f6glich (Versand per Paketdienst wegen der Glasplatte nicht m\u00f6glich).<\/p>\n<p><a href=\"https:\/\/www.moebel.org\/cms\/kontaktformular\/\" target=\"_blank\" rel=\"noopener\"><img loading=\"lazy\" decoding=\"async\" class=\"auto-style1\" src=\"https:\/\/www.moebel.org\/e_mail_bild.jpg\" width=\"111\" height=\"25\"><\/a><\/p>\n<p><a href=\"https:\/\/www.moebel.org\/cms\/kontaktformular\/\" target=\"_blank\" rel=\"noopener\"><strong><span style=\"color: #d75e11;\">Anfrage<\/span><\/strong><\/a><\/p>\n","protected":false},"excerpt":{"rendered":"<p>Wohnzimmertisch &#8220;News Baru&#8221; aus Bambus<\/p>\n","protected":false},"featured_media":6245,"template":"","meta":{"ngg_post_thumbnail":0},"product_brand":[],"product_cat":[47,813],"product_tag":[784,49,52,757,812,810,811,168,390,780,806,807,169,170,816,818,783,808,809,227,228,814,167,517,518],"class_list":{"0":"post-6244","1":"product","2":"type-product","3":"status-publish","4":"has-post-thumbnail","6":"product_cat-bambusmoebel-moebel-aus-bambus","7":"product_cat-tische-aus-bambus","8":"product_tag-abverkauf","9":"product_tag-bambus","10":"product_tag-bambusmoebel","11":"product_tag-beistelltisch","12":"product_tag-beistelltische","13":"product_tag-couchtisch","14":"product_tag-couchtische","15":"product_tag-gaestezimmer","16":"product_tag-glas","17":"product_tag-glasplatte","18":"product_tag-kaffeetisch","19":"product_tag-kaffeetische","20":"product_tag-kinderzimmer","21":"product_tag-moebel","22":"product_tag-news","23":"product_tag-news-baru","24":"product_tag-restposten","25":"product_tag-sofatisch","26":"product_tag-sofatische","27":"product_tag-tisch","28":"product_tag-tische","29":"product_tag-wintergarten","30":"product_tag-wohnzimmer","31":"product_tag-wohnzimmertisch","32":"product_tag-wohnzimmertische","33":"product_shipping_class-spedition","35":"first","36":"instock","37":"taxable","38":"shipping-taxable","39":"purchasable","40":"product-type-simple"},"_links":{"self":[{"href":"https:\/\/www.moebel.org\/cms\/wp-json\/wp\/v2\/product\/6244","targetHints":{"allow":["GET"]}}],"collection":[{"href":"https:\/\/www.moebel.org\/cms\/wp-json\/wp\/v2\/product"}],"about":[{"href":"https:\/\/www.moebel.org\/cms\/wp-json\/wp\/v2\/types\/product"}],"wp:featuredmedia":[{"embeddable":true,"href":"https:\/\/www.moebel.org\/cms\/wp-json\/wp\/v2\/media\/6245"}],"wp:attachment":[{"href":"https:\/\/www.moebel.org\/cms\/wp-json\/wp\/v2\/media?parent=6244"}],"wp:term":[{"taxonomy":"product_brand","embeddable":true,"href":"https:\/\/www.moebel.org\/cms\/wp-json\/wp\/v2\/product_brand?post=6244"},{"taxonomy":"product_cat","embeddable":true,"href":"https:\/\/www.moebel.org\/cms\/wp-json\/wp\/v2\/product_cat?post=6244"},{"taxonomy":"product_tag","embeddable":true,"href":"https:\/\/www.moebel.org\/cms\/wp-json\/wp\/v2\/product_tag?post=6244"}],"curies":[{"name":"wp","href":"https:\/\/api.w.org\/{rel}","templated":true}]}}