{"id":6239,"date":"2024-08-11T11:14:53","date_gmt":"2024-08-11T09:14:53","guid":{"rendered":"https:\/\/www.moebel.org\/cms\/?post_type=product&#038;p=6239"},"modified":"2024-12-26T20:09:58","modified_gmt":"2024-12-26T19:09:58","slug":"wohnzimmertisch-cross_3-couchtisch-heller-bambus","status":"publish","type":"product","link":"https:\/\/www.moebel.org\/cms\/produkt\/wohnzimmertisch-cross_3-couchtisch-heller-bambus\/","title":{"rendered":"Wohnzimmertisch \u201cCross_3&#8243;, Couchtisch, heller Bambus"},"content":{"rendered":"<p>Wohnzimmertisch \u201c<strong>Cross_3<\/strong>&#8220;, Couchtisch, heller Bambus.<\/p>\n<p>Ca. 50 cm hoch.<\/p>\n<p>Ein Tisch f\u00fcr Wohnzimmer, Kinderzimmer, G\u00e4stezimmer oder auch f\u00fcr den Wintergarten.<\/p>\n<p>Dieser Sofatisch ist indonesische Handarbeit (Einzelanfertigung), Ausf\u00fchrung und Ma\u00dfe k\u00f6nnen daher variieren.<br \/>\nIdealerweise sollten diese Bambusm\u00f6bel vom K\u00e4ufer abgeholt werden (Abverkauf, keine R\u00fccknahme m\u00f6glich). Lieferung per Spedition ist aber auch m\u00f6glich (Versand per Paketdienst wegen der Glasplatte nicht m\u00f6glich).<\/p>\n<p><a href=\"https:\/\/www.moebel.org\/cms\/kontaktformular\/\" target=\"_blank\" rel=\"noopener\"><img loading=\"lazy\" decoding=\"async\" class=\"auto-style1\" src=\"https:\/\/www.moebel.org\/e_mail_bild.jpg\" width=\"111\" height=\"25\"><\/a><\/p>\n<p><a href=\"https:\/\/www.moebel.org\/cms\/kontaktformular\/\" target=\"_blank\" rel=\"noopener\"><strong><span style=\"color: #d75e11;\">Anfrage<\/span><\/strong><\/a><\/p>\n","protected":false},"excerpt":{"rendered":"<p>Wohnzimmertisch \u201cCross_3&#8220;, Couchtisch, heller Bambus. Ca. 50 cm hoch. Ein Tisch f\u00fcr Wohnzimmer, Kinderzimmer, G\u00e4stezimmer oder auch f\u00fcr den Wintergarten. Dieser Sofatisch ist indonesische Handarbeit (Einzelanfertigung),<span class=\"excerpt-hellip\"> [\u2026]<\/span><\/p>\n","protected":false},"featured_media":6236,"template":"","meta":{"ngg_post_thumbnail":0},"product_brand":[],"product_cat":[47,813],"product_tag":[784,49,52,757,812,810,811,815,168,390,780,806,807,169,170,783,808,809,227,228,814,167,517,518],"class_list":{"0":"post-6239","1":"product","2":"type-product","3":"status-publish","4":"has-post-thumbnail","6":"product_cat-bambusmoebel-moebel-aus-bambus","7":"product_cat-tische-aus-bambus","8":"product_tag-abverkauf","9":"product_tag-bambus","10":"product_tag-bambusmoebel","11":"product_tag-beistelltisch","12":"product_tag-beistelltische","13":"product_tag-couchtisch","14":"product_tag-couchtische","15":"product_tag-cross_3","16":"product_tag-gaestezimmer","17":"product_tag-glas","18":"product_tag-glasplatte","19":"product_tag-kaffeetisch","20":"product_tag-kaffeetische","21":"product_tag-kinderzimmer","22":"product_tag-moebel","23":"product_tag-restposten","24":"product_tag-sofatisch","25":"product_tag-sofatische","26":"product_tag-tisch","27":"product_tag-tische","28":"product_tag-wintergarten","29":"product_tag-wohnzimmer","30":"product_tag-wohnzimmertisch","31":"product_tag-wohnzimmertische","32":"product_shipping_class-spedition","34":"first","35":"instock","36":"taxable","37":"shipping-taxable","38":"purchasable","39":"product-type-variable"},"_links":{"self":[{"href":"https:\/\/www.moebel.org\/cms\/wp-json\/wp\/v2\/product\/6239","targetHints":{"allow":["GET"]}}],"collection":[{"href":"https:\/\/www.moebel.org\/cms\/wp-json\/wp\/v2\/product"}],"about":[{"href":"https:\/\/www.moebel.org\/cms\/wp-json\/wp\/v2\/types\/product"}],"wp:featuredmedia":[{"embeddable":true,"href":"https:\/\/www.moebel.org\/cms\/wp-json\/wp\/v2\/media\/6236"}],"wp:attachment":[{"href":"https:\/\/www.moebel.org\/cms\/wp-json\/wp\/v2\/media?parent=6239"}],"wp:term":[{"taxonomy":"product_brand","embeddable":true,"href":"https:\/\/www.moebel.org\/cms\/wp-json\/wp\/v2\/product_brand?post=6239"},{"taxonomy":"product_cat","embeddable":true,"href":"https:\/\/www.moebel.org\/cms\/wp-json\/wp\/v2\/product_cat?post=6239"},{"taxonomy":"product_tag","embeddable":true,"href":"https:\/\/www.moebel.org\/cms\/wp-json\/wp\/v2\/product_tag?post=6239"}],"curies":[{"name":"wp","href":"https:\/\/api.w.org\/{rel}","templated":true}]}}