{"id":6225,"date":"2024-08-06T18:14:03","date_gmt":"2024-08-06T16:14:03","guid":{"rendered":"https:\/\/www.moebel.org\/cms\/?post_type=product&#038;p=6225"},"modified":"2024-08-11T11:01:19","modified_gmt":"2024-08-11T09:01:19","slug":"couchtisch-wohnzimmertisch-news-braiding","status":"publish","type":"product","link":"https:\/\/www.moebel.org\/cms\/produkt\/couchtisch-wohnzimmertisch-news-braiding\/","title":{"rendered":"Couchtisch, Wohnzimmertisch &#8220;News Braiding&#8221;"},"content":{"rendered":"<p>Wohnzimmertisch Modell &#8220;<strong>News Braiding<\/strong>&#8220;.<\/p>\n<p>Couchtisch mit Zwischenboden und Geflecht, inkl. Glasplatte.<\/p>\n<p>Der Bambustisch mit praktischem Zwischenfach f\u00fcr Zeitungen, Zeitschriften, Fernbedienungen, u. a. Utensilien. Geflecht aus Bambusstreifen und Rattan in beiden Ebenen, helle Rattanwicklungen an den Ecken und Verbindungen.<\/p>\n<p>50&#215;50 cm, 55 cm hoch.<\/p>\n<p>Ein Tisch f\u00fcr Wohnzimmer, Kinderzimmer, G\u00e4stezimmer oder auch f\u00fcr den Wintergarten.<\/p>\n<p>Dieser Sofatisch ist indonesische Handarbeit (Einzelanfertigung), Ausf\u00fchrung und Ma\u00dfe k\u00f6nnen daher variieren.<br \/>\nIdealerweise sollten diese Bambusm\u00f6bel vom K\u00e4ufer abgeholt werden (Abverkauf, keine R\u00fccknahme m\u00f6glich). Lieferung per Spedition ist aber auch m\u00f6glich (Versand per Paketdienst wegen der Glasplatte nicht m\u00f6glich).<\/p>\n<p><a href=\"https:\/\/www.moebel.org\/cms\/kontaktformular\/\" target=\"_blank\" rel=\"noopener\"><img loading=\"lazy\" decoding=\"async\" class=\"auto-style1\" src=\"https:\/\/www.moebel.org\/e_mail_bild.jpg\" width=\"111\" height=\"25\"><\/a><\/p>\n<p><a href=\"https:\/\/www.moebel.org\/cms\/kontaktformular\/\" target=\"_blank\" rel=\"noopener\"><strong><span style=\"color: #d75e11;\">Anfrage<\/span><\/strong><\/a><\/p>\n","protected":false},"excerpt":{"rendered":"<p>Couchtisch \/ Wohnzimmertisch Modell &#8220;<strong>News Braiding<\/strong>&#8221; mit Geflecht und Glasplatte<\/p>\n","protected":false},"featured_media":6226,"template":"","meta":{"ngg_post_thumbnail":0},"product_brand":[],"product_cat":[47,62,813],"product_tag":[784,49,52,757,812,810,811,168,390,780,806,807,169,170,816,817,783,808,809,227,228,814,167,517,518],"class_list":{"0":"post-6225","1":"product","2":"type-product","3":"status-publish","4":"has-post-thumbnail","6":"product_cat-bambusmoebel-moebel-aus-bambus","7":"product_cat-tische-tischgestelle","8":"product_cat-tische-aus-bambus","9":"product_tag-abverkauf","10":"product_tag-bambus","11":"product_tag-bambusmoebel","12":"product_tag-beistelltisch","13":"product_tag-beistelltische","14":"product_tag-couchtisch","15":"product_tag-couchtische","16":"product_tag-gaestezimmer","17":"product_tag-glas","18":"product_tag-glasplatte","19":"product_tag-kaffeetisch","20":"product_tag-kaffeetische","21":"product_tag-kinderzimmer","22":"product_tag-moebel","23":"product_tag-news","24":"product_tag-news-braiding","25":"product_tag-restposten","26":"product_tag-sofatisch","27":"product_tag-sofatische","28":"product_tag-tisch","29":"product_tag-tische","30":"product_tag-wintergarten","31":"product_tag-wohnzimmer","32":"product_tag-wohnzimmertisch","33":"product_tag-wohnzimmertische","34":"product_shipping_class-spedition","36":"first","37":"instock","38":"sale","39":"taxable","40":"shipping-taxable","41":"purchasable","42":"product-type-simple"},"_links":{"self":[{"href":"https:\/\/www.moebel.org\/cms\/wp-json\/wp\/v2\/product\/6225","targetHints":{"allow":["GET"]}}],"collection":[{"href":"https:\/\/www.moebel.org\/cms\/wp-json\/wp\/v2\/product"}],"about":[{"href":"https:\/\/www.moebel.org\/cms\/wp-json\/wp\/v2\/types\/product"}],"wp:featuredmedia":[{"embeddable":true,"href":"https:\/\/www.moebel.org\/cms\/wp-json\/wp\/v2\/media\/6226"}],"wp:attachment":[{"href":"https:\/\/www.moebel.org\/cms\/wp-json\/wp\/v2\/media?parent=6225"}],"wp:term":[{"taxonomy":"product_brand","embeddable":true,"href":"https:\/\/www.moebel.org\/cms\/wp-json\/wp\/v2\/product_brand?post=6225"},{"taxonomy":"product_cat","embeddable":true,"href":"https:\/\/www.moebel.org\/cms\/wp-json\/wp\/v2\/product_cat?post=6225"},{"taxonomy":"product_tag","embeddable":true,"href":"https:\/\/www.moebel.org\/cms\/wp-json\/wp\/v2\/product_tag?post=6225"}],"curies":[{"name":"wp","href":"https:\/\/api.w.org\/{rel}","templated":true}]}}