{"id":6206,"date":"2024-08-04T12:55:58","date_gmt":"2024-08-04T10:55:58","guid":{"rendered":"https:\/\/www.moebel.org\/cms\/?post_type=product&#038;p=6206"},"modified":"2024-08-05T14:05:34","modified_gmt":"2024-08-05T12:05:34","slug":"bambuskommode-bambusschrank-asmat","status":"publish","type":"product","link":"https:\/\/www.moebel.org\/cms\/produkt\/bambuskommode-bambusschrank-asmat\/","title":{"rendered":"Bambuskommode, Bambusschrank &#8220;Asmat&#8221;"},"content":{"rendered":"<p>Konzipiert wurde dieser Bambusschrank &#8220;<strong>Asmat<\/strong>&#8221; als Kommode f\u00fcr TV und Videorecorder, er wird aber oft auch f\u00fcr W\u00e4sche, B\u00fccher oder Dekoration verwendet.<\/p>\n<p>Mit 2 Tiefen lagernd:&nbsp; 95 x 63 cm und 95 x 55 cm, jeweils 74 cm hoch (die Tiefe bitte <strong>angeben<\/strong> beim Bestellen).<\/p>\n<p>Das ist indonesische Handarbeit (Einzelanfertigung), Ausf\u00fchrung und Ma\u00dfe k\u00f6nnen daher variieren. Die M\u00f6bel selber abzuholen w\u00e4re optimal (weil Abverkauf, keine R\u00fccknahme m\u00f6glich), Lieferung per Spedition ist auch m\u00f6glich.<\/p>\n<p><a href=\"https:\/\/www.moebel.org\/cms\/kontaktformular\/\" target=\"_blank\" rel=\"noopener\"><img loading=\"lazy\" decoding=\"async\" class=\"auto-style1\" src=\"https:\/\/www.moebel.org\/e_mail_bild.jpg\" width=\"111\" height=\"25\"><\/a><\/p>\n<p><a href=\"https:\/\/www.moebel.org\/cms\/kontaktformular\/\" target=\"_blank\" rel=\"noopener\"><strong><span style=\"color: #d75e11;\">Anfrage<\/span><\/strong><\/a><\/p>\n","protected":false},"excerpt":{"rendered":"<p>Kommode &#8220;<strong>Asmat<\/strong>&#8220;, daf\u00fcr TV, Video, W\u00e4sche, Dekoration, etc. Bambusm\u00f6bel<\/p>\n","protected":false},"featured_media":6207,"template":"","meta":{"ngg_post_thumbnail":0},"product_brand":[],"product_cat":[161],"product_tag":[784,790,49,178,52,180,182,176,177,170,783,179,181,184,183],"class_list":{"0":"post-6206","1":"product","2":"type-product","3":"status-publish","4":"has-post-thumbnail","6":"product_cat-bambusmoebel-kleiderschraenke-kommoden-nachtkaestchen","7":"product_tag-abverkauf","8":"product_tag-asmat","9":"product_tag-bambus","10":"product_tag-bambuskommode","11":"product_tag-bambusmoebel","12":"product_tag-bambusschrank","13":"product_tag-bambusschraenke","14":"product_tag-kommode","15":"product_tag-kommoden","16":"product_tag-moebel","17":"product_tag-restposten","18":"product_tag-schrank","19":"product_tag-schraenke","20":"product_tag-tv-schrank","21":"product_tag-waescheschrank","23":"first","24":"instock","25":"sale","26":"taxable","27":"shipping-taxable","28":"purchasable","29":"product-type-simple"},"_links":{"self":[{"href":"https:\/\/www.moebel.org\/cms\/wp-json\/wp\/v2\/product\/6206","targetHints":{"allow":["GET"]}}],"collection":[{"href":"https:\/\/www.moebel.org\/cms\/wp-json\/wp\/v2\/product"}],"about":[{"href":"https:\/\/www.moebel.org\/cms\/wp-json\/wp\/v2\/types\/product"}],"wp:featuredmedia":[{"embeddable":true,"href":"https:\/\/www.moebel.org\/cms\/wp-json\/wp\/v2\/media\/6207"}],"wp:attachment":[{"href":"https:\/\/www.moebel.org\/cms\/wp-json\/wp\/v2\/media?parent=6206"}],"wp:term":[{"taxonomy":"product_brand","embeddable":true,"href":"https:\/\/www.moebel.org\/cms\/wp-json\/wp\/v2\/product_brand?post=6206"},{"taxonomy":"product_cat","embeddable":true,"href":"https:\/\/www.moebel.org\/cms\/wp-json\/wp\/v2\/product_cat?post=6206"},{"taxonomy":"product_tag","embeddable":true,"href":"https:\/\/www.moebel.org\/cms\/wp-json\/wp\/v2\/product_tag?post=6206"}],"curies":[{"name":"wp","href":"https:\/\/api.w.org\/{rel}","templated":true}]}}