{"id":6200,"date":"2024-08-04T11:42:11","date_gmt":"2024-08-04T09:42:11","guid":{"rendered":"https:\/\/www.moebel.org\/cms\/?post_type=product&#038;p=6200"},"modified":"2024-08-05T14:05:47","modified_gmt":"2024-08-05T12:05:47","slug":"laci-empat-bambus-kommode-mit-4-laden","status":"publish","type":"product","link":"https:\/\/www.moebel.org\/cms\/produkt\/laci-empat-bambus-kommode-mit-4-laden\/","title":{"rendered":"Laci Empat, Bambus-Kommode mit 4 Laden"},"content":{"rendered":"<p>Schubladenschrank &#8220;Laci Empat&#8221;, die <strong>Bambus-Kommode<\/strong> mit <strong>4 Laden<\/strong>.<\/p>\n<p>Laden auf Schubladen-Ausz\u00fcgen <em><span style=\"color: #999999;\">(auch Rollenf\u00fchrungen, Auszugschienen oder Rollschubf\u00fchrungen genannt)<\/span>.<\/em><\/p>\n<p>L\u00e4nge der Kommoden gesamt 70 oder 80 cm, 84 cm hoch, 65 cm tief. Das ist indonesische Handarbeit (Einzelanfertigung), Ausf\u00fchrung und Ma\u00dfe k\u00f6nnen daher variieren. Die M\u00f6bel selber abzuholen w\u00e4re optimal (weil Abverkauf, keine R\u00fccknahme m\u00f6glich), Lieferung per Spedition ist auch m\u00f6glich.<\/p>\n<p><a href=\"https:\/\/www.moebel.org\/cms\/kontaktformular\/\" target=\"_blank\" rel=\"noopener\"><img loading=\"lazy\" decoding=\"async\" class=\"auto-style1\" src=\"https:\/\/www.moebel.org\/e_mail_bild.jpg\" width=\"111\" height=\"25\"><\/a><\/p>\n<p><a href=\"https:\/\/www.moebel.org\/cms\/kontaktformular\/\" target=\"_blank\" rel=\"noopener\"><strong><span style=\"color: #d75e11;\">Anfrage<\/span><\/strong><\/a><\/p>\n","protected":false},"excerpt":{"rendered":"<p><strong>Schubladenschrank<\/strong> &#8220;Laci Empat&#8221; aus Bambus, die Kommode mit <strong>4 Laden<\/strong>.<\/p>\n","protected":false},"featured_media":6203,"template":"","meta":{"ngg_post_thumbnail":0},"product_brand":[],"product_cat":[161,47],"product_tag":[784,49,178,52,180,182,176,177,789,170,783,179,181,788,184,183],"class_list":{"0":"post-6200","1":"product","2":"type-product","3":"status-publish","4":"has-post-thumbnail","6":"product_cat-bambusmoebel-kleiderschraenke-kommoden-nachtkaestchen","7":"product_cat-bambusmoebel-moebel-aus-bambus","8":"product_tag-abverkauf","9":"product_tag-bambus","10":"product_tag-bambuskommode","11":"product_tag-bambusmoebel","12":"product_tag-bambusschrank","13":"product_tag-bambusschraenke","14":"product_tag-kommode","15":"product_tag-kommoden","16":"product_tag-laci-empat","17":"product_tag-moebel","18":"product_tag-restposten","19":"product_tag-schrank","20":"product_tag-schraenke","21":"product_tag-schubladenschrank","22":"product_tag-tv-schrank","23":"product_tag-waescheschrank","25":"first","26":"instock","27":"taxable","28":"shipping-taxable","29":"purchasable","30":"product-type-variable"},"_links":{"self":[{"href":"https:\/\/www.moebel.org\/cms\/wp-json\/wp\/v2\/product\/6200","targetHints":{"allow":["GET"]}}],"collection":[{"href":"https:\/\/www.moebel.org\/cms\/wp-json\/wp\/v2\/product"}],"about":[{"href":"https:\/\/www.moebel.org\/cms\/wp-json\/wp\/v2\/types\/product"}],"wp:featuredmedia":[{"embeddable":true,"href":"https:\/\/www.moebel.org\/cms\/wp-json\/wp\/v2\/media\/6203"}],"wp:attachment":[{"href":"https:\/\/www.moebel.org\/cms\/wp-json\/wp\/v2\/media?parent=6200"}],"wp:term":[{"taxonomy":"product_brand","embeddable":true,"href":"https:\/\/www.moebel.org\/cms\/wp-json\/wp\/v2\/product_brand?post=6200"},{"taxonomy":"product_cat","embeddable":true,"href":"https:\/\/www.moebel.org\/cms\/wp-json\/wp\/v2\/product_cat?post=6200"},{"taxonomy":"product_tag","embeddable":true,"href":"https:\/\/www.moebel.org\/cms\/wp-json\/wp\/v2\/product_tag?post=6200"}],"curies":[{"name":"wp","href":"https:\/\/api.w.org\/{rel}","templated":true}]}}