{"id":6180,"date":"2024-08-03T20:58:40","date_gmt":"2024-08-03T18:58:40","guid":{"rendered":"https:\/\/www.moebel.org\/cms\/?post_type=product&#038;p=6180"},"modified":"2024-08-05T14:07:11","modified_gmt":"2024-08-05T12:07:11","slug":"bambus-kommode-pintu-dua-tiang","status":"publish","type":"product","link":"https:\/\/www.moebel.org\/cms\/produkt\/bambus-kommode-pintu-dua-tiang\/","title":{"rendered":"Bambus-Kommode &#8220;Pintu Dua Tiang&#8221;"},"content":{"rendered":"<h1 class=\"product_title entry-title\">Bambus-Kommode &#8220;Pintu Dua Tiang&#8221;<\/h1>\n<p>Zweit\u00fcriger <strong>Schrank aus hellem Bambus<\/strong> f\u00fcr Wohnzimmer, Schlafzimmer, Kinderzimmer, G\u00e4stezimmer, Hotelzimmer, usw.&nbsp;<\/p>\n<p>Kommode mit 2 T\u00fcren und Mittelsteher, 2 Zwischenb\u00f6den. Handarbeit (Einzelanfertigung), die Ausf\u00fchrung kann daher variieren, auch die Ma\u00dfe (90 x 45 x 101 cm &#8211; BxTxH).<\/p>\n<p>Die M\u00f6bel selber abzuholen w\u00e4re optimal (weil Abverkauf, keine R\u00fccknahme m\u00f6glich), Lieferung per Spedition ist auch m\u00f6glich.<\/p>\n<p><a href=\"https:\/\/www.moebel.org\/cms\/kontaktformular\/\" target=\"_blank\" rel=\"noopener\"><img loading=\"lazy\" decoding=\"async\" class=\"auto-style1\" src=\"https:\/\/www.moebel.org\/e_mail_bild.jpg\" width=\"111\" height=\"25\"><\/a><\/p>\n<p><a href=\"https:\/\/www.moebel.org\/cms\/kontaktformular\/\" target=\"_blank\" rel=\"noopener\"><strong><span style=\"color: #d75e11;\">Anfrage<\/span><\/strong><\/a><\/p>\n","protected":false},"excerpt":{"rendered":"<p>Kommode aus Bambus mit 2 T\u00fcren und 2 Zwischenb\u00f6den.<\/p>\n<p>Heller Bambus.<\/p>\n","protected":false},"featured_media":6217,"template":"","meta":{"ngg_post_thumbnail":0},"product_brand":[],"product_cat":[161,47],"product_tag":[784,49,178,52,180,182,176,177,170,785,783,179,181,184,183],"class_list":{"0":"post-6180","1":"product","2":"type-product","3":"status-publish","4":"has-post-thumbnail","6":"product_cat-bambusmoebel-kleiderschraenke-kommoden-nachtkaestchen","7":"product_cat-bambusmoebel-moebel-aus-bambus","8":"product_tag-abverkauf","9":"product_tag-bambus","10":"product_tag-bambuskommode","11":"product_tag-bambusmoebel","12":"product_tag-bambusschrank","13":"product_tag-bambusschraenke","14":"product_tag-kommode","15":"product_tag-kommoden","16":"product_tag-moebel","17":"product_tag-puntu-dua","18":"product_tag-restposten","19":"product_tag-schrank","20":"product_tag-schraenke","21":"product_tag-tv-schrank","22":"product_tag-waescheschrank","23":"product_shipping_class-spedition","25":"first","26":"instock","27":"sale","28":"taxable","29":"shipping-taxable","30":"purchasable","31":"product-type-simple"},"_links":{"self":[{"href":"https:\/\/www.moebel.org\/cms\/wp-json\/wp\/v2\/product\/6180","targetHints":{"allow":["GET"]}}],"collection":[{"href":"https:\/\/www.moebel.org\/cms\/wp-json\/wp\/v2\/product"}],"about":[{"href":"https:\/\/www.moebel.org\/cms\/wp-json\/wp\/v2\/types\/product"}],"wp:featuredmedia":[{"embeddable":true,"href":"https:\/\/www.moebel.org\/cms\/wp-json\/wp\/v2\/media\/6217"}],"wp:attachment":[{"href":"https:\/\/www.moebel.org\/cms\/wp-json\/wp\/v2\/media?parent=6180"}],"wp:term":[{"taxonomy":"product_brand","embeddable":true,"href":"https:\/\/www.moebel.org\/cms\/wp-json\/wp\/v2\/product_brand?post=6180"},{"taxonomy":"product_cat","embeddable":true,"href":"https:\/\/www.moebel.org\/cms\/wp-json\/wp\/v2\/product_cat?post=6180"},{"taxonomy":"product_tag","embeddable":true,"href":"https:\/\/www.moebel.org\/cms\/wp-json\/wp\/v2\/product_tag?post=6180"}],"curies":[{"name":"wp","href":"https:\/\/api.w.org\/{rel}","templated":true}]}}