{"id":6175,"date":"2024-08-03T15:09:07","date_gmt":"2024-08-03T13:09:07","guid":{"rendered":"https:\/\/www.moebel.org\/cms\/?post_type=product&#038;p=6175"},"modified":"2024-08-05T14:07:39","modified_gmt":"2024-08-05T12:07:39","slug":"sessel-fauteuil-bali","status":"publish","type":"product","link":"https:\/\/www.moebel.org\/cms\/produkt\/sessel-fauteuil-bali\/","title":{"rendered":"Sessel \/ Fauteuil Mod. &#8220;BALI&#8221;"},"content":{"rendered":"<p>Bambusm\u00f6bel,&nbsp;<strong>Fauteuil \/ Sessel<\/strong> Mod. \u201cBALI\u201d.<\/p>\n<p>Restposten, Abverkauf.<\/p>\n<p>Heller Bambus, Verbindungen aus Rattan. Die Teile aus Bambus und Rattan sind fein geschliffen und transparent (farblos) lackiert.<\/p>\n<p>Elegant, zeitlos und gem\u00fctlich, der Wohnzimmer-Sessel \u201cBALI\u201d ist ein Sitzm\u00f6bel mit gutem <strong>Sitzkomfort,&nbsp;<\/strong>die Polsterung ist auch bei diesen Fauteuils abziehbar zum Waschen (Rei\u00dfverschluss).<\/p>\n<p>Reduziert weil Restposten (noch 3 Stk. lagernd, bei 2 fehlt aber die Polsterung).<\/p>\n<p>Ma\u00dfe (ca.): L\u00e4nge 100cm, Tiefe 92cm, H\u00f6he 82cm.<\/p>\n<p>Das ist indonesische Handarbeit (Einzelanfertigung), Ausf\u00fchrung und Ma\u00dfe k\u00f6nnen daher variieren.<br \/>\nDie M\u00f6bel selber abzuholen w\u00e4re optimal (weil Abverkauf, keine R\u00fccknahme m\u00f6glich), Lieferung per Spedition ist auch m\u00f6glich.<\/p>\n<p><a href=\"https:\/\/www.moebel.org\/cms\/kontaktformular\/\" target=\"_blank\" rel=\"noopener\"><img loading=\"lazy\" decoding=\"async\" class=\"auto-style1\" src=\"https:\/\/www.moebel.org\/e_mail_bild.jpg\" width=\"147\" height=\"33\"><\/a><\/p>\n<p><a href=\"https:\/\/www.moebel.org\/cms\/kontaktformular\/\" target=\"_blank\" rel=\"noopener\"><strong>Anfrage \/ Kontakt<\/strong><\/a><\/p>\n<p>Siehe auch <a href=\"https:\/\/www.moebel.org\/bambus-preise.htm\" target=\"_blank\" rel=\"noopener\"><strong>Preisliste<\/strong><\/a><\/p>\n","protected":false},"excerpt":{"rendered":"<p>Bambusm\u00f6bel,&nbsp;<strong>Fauteuil \/ Sessel<\/strong> Mod. \u201cBALI\u201d.&nbsp;<\/p>\n<p>Sitzm\u00f6bel f\u00fcr Wohnzimmer, Kinderzimmer, G\u00e4stezimmer, usw.<\/p>\n","protected":false},"featured_media":6176,"template":"","meta":{"ngg_post_thumbnail":0},"product_brand":[],"product_cat":[47,73],"product_tag":[784,350,49,52,776,164,662,168,353,663,169,170,166,783,163,660,165,162,661,167,173,171],"class_list":{"0":"post-6175","1":"product","2":"type-product","3":"status-publish","4":"has-post-thumbnail","6":"product_cat-bambusmoebel-moebel-aus-bambus","7":"product_cat-bambussofas-sofas-sessel-hocker-aus-bambus","8":"product_tag-abverkauf","9":"product_tag-bali","10":"product_tag-bambus","11":"product_tag-bambusmoebel","12":"product_tag-bambussessel","13":"product_tag-fauteuil","14":"product_tag-fredenzimmer","15":"product_tag-gaestezimmer","16":"product_tag-gepolstert","17":"product_tag-hotelzimmer","18":"product_tag-kinderzimmer","19":"product_tag-moebel","20":"product_tag-polsterung","21":"product_tag-restposten","22":"product_tag-sessel","23":"product_tag-sitzgruppe","24":"product_tag-sitzkomfort","25":"product_tag-sitzmoebel","26":"product_tag-wohnlandschaft","27":"product_tag-wohnzimmer","28":"product_tag-wohnzimmermoebel","29":"product_tag-wohnzimmersessel","30":"product_shipping_class-spedition","32":"first","33":"instock","34":"sale","35":"taxable","36":"shipping-taxable","37":"purchasable","38":"product-type-simple"},"_links":{"self":[{"href":"https:\/\/www.moebel.org\/cms\/wp-json\/wp\/v2\/product\/6175","targetHints":{"allow":["GET"]}}],"collection":[{"href":"https:\/\/www.moebel.org\/cms\/wp-json\/wp\/v2\/product"}],"about":[{"href":"https:\/\/www.moebel.org\/cms\/wp-json\/wp\/v2\/types\/product"}],"wp:featuredmedia":[{"embeddable":true,"href":"https:\/\/www.moebel.org\/cms\/wp-json\/wp\/v2\/media\/6176"}],"wp:attachment":[{"href":"https:\/\/www.moebel.org\/cms\/wp-json\/wp\/v2\/media?parent=6175"}],"wp:term":[{"taxonomy":"product_brand","embeddable":true,"href":"https:\/\/www.moebel.org\/cms\/wp-json\/wp\/v2\/product_brand?post=6175"},{"taxonomy":"product_cat","embeddable":true,"href":"https:\/\/www.moebel.org\/cms\/wp-json\/wp\/v2\/product_cat?post=6175"},{"taxonomy":"product_tag","embeddable":true,"href":"https:\/\/www.moebel.org\/cms\/wp-json\/wp\/v2\/product_tag?post=6175"}],"curies":[{"name":"wp","href":"https:\/\/api.w.org\/{rel}","templated":true}]}}