{"id":6155,"date":"2024-07-24T11:06:28","date_gmt":"2024-07-24T09:06:28","guid":{"rendered":"https:\/\/www.moebel.org\/cms\/?post_type=product&#038;p=6155"},"modified":"2024-12-28T14:37:06","modified_gmt":"2024-12-28T13:37:06","slug":"sessel-stuhl-aus-dunklem-schwarzem-bambus","status":"publish","type":"product","link":"https:\/\/www.moebel.org\/cms\/produkt\/sessel-stuhl-aus-dunklem-schwarzem-bambus\/","title":{"rendered":"Stuhl aus dunklem (schwarzem) Bambus"},"content":{"rendered":"<p><strong>Sessel \/ Stuhl Modell &#8220;Kantor&#8221;!<\/strong><\/p>\n<p>Die Variante aus dunklem (schwarzem) Bambusrohr. Passend zum <a href=\"https:\/\/www.moebel.org\/cms\/produkt\/schreibtisch-aus-dunklem-bambus\/\" target=\"_top\" rel=\"noopener\"><strong><span style=\"color: #d75e11;\">schwarzen Schreibtisch<\/span><\/strong><\/a>.<\/p>\n<p>Dieser Bambusstuhl wurde eigentlich entwickelt f\u00fcr die Verwendung am Schreibtisch aus Bambus, er kann aber nat\u00fcrlich auch an einem Esstisch oder an einem anderen B\u00fcrotisch bzw. Schreibtisch aus Holz, etc., verwendet werden.<\/p>\n<p>Das ist indonesische Handarbeit (Einzelanfertigung), Ausf\u00fchrung und Ma\u00dfe k\u00f6nnen daher variieren.<br \/>\nDie M\u00f6bel selber abzuholen w\u00e4re optimal (weil Abverkauf, keine R\u00fccknahme m\u00f6glich), Lieferung per Spedition ist auch m\u00f6glich.<\/p>\n<p><a href=\"https:\/\/www.moebel.org\/cms\/kontaktformular\/\" target=\"_blank\" rel=\"noopener\"><strong><span style=\"color: #d75e11;\">Kontakt \/ Anfrage<\/span><\/strong><\/a><\/p>\n","protected":false},"excerpt":{"rendered":"<p>Sessel \/ Stuhl aus dunklem (schwarzem) Bambus<\/p>\n","protected":false},"featured_media":6156,"template":"","meta":{"ngg_post_thumbnail":0},"product_brand":[],"product_cat":[47,765,73],"product_tag":[49,52,776,775,768,779,778,662,168,353,663,169,236,170,166,777,163,165,162,371],"class_list":{"0":"post-6155","1":"product","2":"type-product","3":"status-publish","4":"has-post-thumbnail","6":"product_cat-bambusmoebel-moebel-aus-bambus","7":"product_cat-schreibtische","8":"product_cat-bambussofas-sofas-sessel-hocker-aus-bambus","9":"product_tag-bambus","10":"product_tag-bambusmoebel","11":"product_tag-bambussessel","12":"product_tag-bambusstuhl","13":"product_tag-bueromoebel","14":"product_tag-buerosessel","15":"product_tag-buerostuhl","16":"product_tag-fredenzimmer","17":"product_tag-gaestezimmer","18":"product_tag-gepolstert","19":"product_tag-hotelzimmer","20":"product_tag-kinderzimmer","21":"product_tag-kinderzimmermoebel","22":"product_tag-moebel","23":"product_tag-polsterung","24":"product_tag-schreibtischsessel","25":"product_tag-sessel","26":"product_tag-sitzkomfort","27":"product_tag-sitzmoebel","28":"product_tag-stuhl","29":"product_shipping_class-paket-xl-bis-gurtmass","31":"first","32":"instock","33":"sale","34":"taxable","35":"shipping-taxable","36":"purchasable","37":"product-type-simple"},"_links":{"self":[{"href":"https:\/\/www.moebel.org\/cms\/wp-json\/wp\/v2\/product\/6155","targetHints":{"allow":["GET"]}}],"collection":[{"href":"https:\/\/www.moebel.org\/cms\/wp-json\/wp\/v2\/product"}],"about":[{"href":"https:\/\/www.moebel.org\/cms\/wp-json\/wp\/v2\/types\/product"}],"wp:featuredmedia":[{"embeddable":true,"href":"https:\/\/www.moebel.org\/cms\/wp-json\/wp\/v2\/media\/6156"}],"wp:attachment":[{"href":"https:\/\/www.moebel.org\/cms\/wp-json\/wp\/v2\/media?parent=6155"}],"wp:term":[{"taxonomy":"product_brand","embeddable":true,"href":"https:\/\/www.moebel.org\/cms\/wp-json\/wp\/v2\/product_brand?post=6155"},{"taxonomy":"product_cat","embeddable":true,"href":"https:\/\/www.moebel.org\/cms\/wp-json\/wp\/v2\/product_cat?post=6155"},{"taxonomy":"product_tag","embeddable":true,"href":"https:\/\/www.moebel.org\/cms\/wp-json\/wp\/v2\/product_tag?post=6155"}],"curies":[{"name":"wp","href":"https:\/\/api.w.org\/{rel}","templated":true}]}}