{"id":6152,"date":"2024-07-24T10:07:13","date_gmt":"2024-07-24T08:07:13","guid":{"rendered":"https:\/\/www.moebel.org\/cms\/?post_type=product&#038;p=6152"},"modified":"2024-12-28T14:23:37","modified_gmt":"2024-12-28T13:23:37","slug":"schreibtisch-aus-dunklem-bambus","status":"publish","type":"product","link":"https:\/\/www.moebel.org\/cms\/produkt\/schreibtisch-aus-dunklem-bambus\/","title":{"rendered":"Schreibtisch aus dunklem (schwarzem) Bambus"},"content":{"rendered":"<p><strong>Schreibtisch aus Bambus, mit 1 Lade und 1 T\u00fcr,<\/strong><\/p>\n<p>dunkler (schwarzer) Bambus mit hellen Rattan-Wicklungen. Natur (transparent) lackiert.<br \/>\nFilzgleiter an den Beinen.<br \/>\nWahlweise Schrank links oder rechts (siehe Option).<\/p>\n<p>Schwarzer Bambus ist nicht durchgehend bzw. nicht einfarbig schwarz, sondern hellbraun bis schwarz. Das Bambusrohr ist hier nicht gesch\u00e4lt, es wird fein geschliffen und dan 2x farblos lackiert.<\/p>\n<p>Die Farbkombination mit hellen Rattan-Wicklungen sehen Sie auch beim <a href=\"https:\/\/www.moebel.org\/Bambusmoebel-Fotos-NEU\/Stuhl-Schreibtisch-Sessel-Kantor-Bambus-schwarz-P1110257-FG_kl.jpg\" target=\"_blank\" rel=\"noopener\"><strong><span style=\"color: #d75e11;\"> schwarzen Stuhl bzw. Sessel<\/span><\/strong><\/a>.<\/p>\n<p>Zu diesem Schreibtisch gibt es auch eine passende <a href=\"https:\/\/www.moebel.org\/cms\/produkt\/glasplatte-fuer-schreibtisch-aus-bambus\/\" target=\"_blank\" rel=\"noopener\"><strong><span style=\"color: #d75e11;\">Glasplatte<\/span><\/strong><\/a> mit <a href=\"https:\/\/www.moebel.org\/galerie-schreibtische\/bilder\/schreibtisch-aus-bambus-mit-glasplatte-kl.jpg\" target=\"_blank\" rel=\"noopener\"><strong><span style=\"color: #d75e11;\">abgerundeten Ecken<\/span><\/strong><\/a>. Bitte Anfrage senden, Transportkosten f\u00fcr Schreibtisch, Stuhl und Glasplatte fallen nur 1x an.<\/p>\n<p>Das ist indonesische Handarbeit (Einzelanfertigung), Ausf\u00fchrung und Ma\u00dfe k\u00f6nnen daher variieren.<br \/>\nDie M\u00f6bel selber abzuholen w\u00e4re optimal (weil Abverkauf, keine R\u00fccknahme m\u00f6glich), Lieferung per Spedition ist auch m\u00f6glich.<\/p>\n<p><a href=\"https:\/\/www.moebel.org\/cms\/kontaktformular\/\" target=\"_blank\" rel=\"noopener\"><img loading=\"lazy\" decoding=\"async\" class=\"auto-style1\" src=\"https:\/\/www.moebel.org\/e_mail_bild.jpg\" width=\"111\" height=\"25\"><\/a><\/p>\n<p><a href=\"https:\/\/www.moebel.org\/cms\/kontaktformular\/\" target=\"_blank\" rel=\"noopener\"><strong><span style=\"color: #d75e11;\">Anfrage<\/span><\/strong><\/a><\/p>\n","protected":false},"excerpt":{"rendered":"<p>Schreibtisch aus dunklem (schwarzem) Bambus<\/p>\n","protected":false},"featured_media":6162,"template":"","meta":{"ngg_post_thumbnail":0},"product_brand":[],"product_cat":[47,62,765],"product_tag":[49,52,772,513,768,774,782,169,236,205,170,374,321,769,770,766,767,254,771,773],"class_list":{"0":"post-6152","1":"product","2":"type-product","3":"status-publish","4":"has-post-thumbnail","6":"product_cat-bambusmoebel-moebel-aus-bambus","7":"product_cat-tische-tischgestelle","8":"product_cat-schreibtische","9":"product_tag-bambus","10":"product_tag-bambusmoebel","11":"product_tag-bambusrohr","12":"product_tag-buero","13":"product_tag-bueromoebel","14":"product_tag-farblos","15":"product_tag-home-office","16":"product_tag-kinderzimmer","17":"product_tag-kinderzimmermoebel","18":"product_tag-lackiert","19":"product_tag-moebel","20":"product_tag-natur","21":"product_tag-rattan","22":"product_tag-rattanwicklung","23":"product_tag-rattanwicklungen","24":"product_tag-schreibtisch","25":"product_tag-schreibtische","26":"product_tag-schwarz","27":"product_tag-schwarzer-bambus","28":"product_tag-transparent","29":"product_shipping_class-spedition","31":"first","32":"instock","33":"sale","34":"taxable","35":"shipping-taxable","36":"purchasable","37":"product-type-variable"},"_links":{"self":[{"href":"https:\/\/www.moebel.org\/cms\/wp-json\/wp\/v2\/product\/6152","targetHints":{"allow":["GET"]}}],"collection":[{"href":"https:\/\/www.moebel.org\/cms\/wp-json\/wp\/v2\/product"}],"about":[{"href":"https:\/\/www.moebel.org\/cms\/wp-json\/wp\/v2\/types\/product"}],"wp:featuredmedia":[{"embeddable":true,"href":"https:\/\/www.moebel.org\/cms\/wp-json\/wp\/v2\/media\/6162"}],"wp:attachment":[{"href":"https:\/\/www.moebel.org\/cms\/wp-json\/wp\/v2\/media?parent=6152"}],"wp:term":[{"taxonomy":"product_brand","embeddable":true,"href":"https:\/\/www.moebel.org\/cms\/wp-json\/wp\/v2\/product_brand?post=6152"},{"taxonomy":"product_cat","embeddable":true,"href":"https:\/\/www.moebel.org\/cms\/wp-json\/wp\/v2\/product_cat?post=6152"},{"taxonomy":"product_tag","embeddable":true,"href":"https:\/\/www.moebel.org\/cms\/wp-json\/wp\/v2\/product_tag?post=6152"}],"curies":[{"name":"wp","href":"https:\/\/api.w.org\/{rel}","templated":true}]}}