{"id":6021,"date":"2023-12-25T22:00:31","date_gmt":"2023-12-25T21:00:31","guid":{"rendered":"https:\/\/www.moebel.org\/cms\/?post_type=product&#038;p=6021"},"modified":"2023-12-25T22:08:04","modified_gmt":"2023-12-25T21:08:04","slug":"barhocker-barhockergestell-wales-472","status":"publish","type":"product","link":"https:\/\/www.moebel.org\/cms\/produkt\/barhocker-barhockergestell-wales-472\/","title":{"rendered":"Barhocker \/ Barhockergestell &#8220;Wales-472&#8221;"},"content":{"rendered":"<p>Barhocker \/ Barhockergestell &#8220;Wales-472&#8221;,&nbsp;Gestell ohne Sitz.<\/p>\n<p>Bei diesen Modellen sind die <strong>Einzelteile lagernd,<\/strong> diese m\u00fcssen noch beschichtet und zusammengebaut werden. Lieferzeit auf <a href=\"https:\/\/www.moebel.org\/cms\/kontaktformular\/\" target=\"_blank\" rel=\"noopener\"><strong><span style=\"color: #d75e11;\">Anfrage<\/span><\/strong><\/a> (mengenabh\u00e4ngig).<\/p>\n<p><strong>Farben<\/strong>: Niro, Chrom, Schwarz (pulverbeschichtet), andere RAL-Farben sind auch m\u00f6glich, Aufpreis +30% auf Schwarz!<\/p>\n<p><strong>Sitze<\/strong> f\u00fcr die Barhocker finden Sie <a href=\"https:\/\/www.moebel.org\/cms\/produkt-kategorie\/barhocker\/barhockersitze\/\" target=\"_blank\" rel=\"noopener\"><strong><span style=\"color: #d75e11;\">hier<\/span><\/strong><\/a>! (Holz, Leder, Kunstleder, Stoff, &#8230;)! Sonderanfertigungen sind bei den Sitzen auch m\u00f6glich.<\/p>\n<p>M\u00f6bel Mitter, Ihr <a href=\"https:\/\/www.moebel.org\/cms\/kontaktformular\/\" target=\"_blank\" rel=\"noopener\"><strong><span style=\"color: #d75e11;\">Kontakt<\/span><\/strong><\/a> f\u00fcr Barhocker \/ Tresenhocker \/ Barst\u00fchle \/ M\u00f6bel aller Art, f\u00fcr die Gastronomie und f\u00fcr zu Hause.&nbsp;E-Mail bitte an:<\/p>\n<p><a href=\"https:\/\/www.moebel.org\/cms\/kontaktformular\/\" target=\"_blank\" rel=\"noopener\"><img loading=\"lazy\" decoding=\"async\" class=\"auto-style1\" src=\"https:\/\/www.moebel.org\/e_mail_bild.jpg\" width=\"147\" height=\"33\"><\/a><\/p>\n","protected":false},"excerpt":{"rendered":"<p><strong>Barhocker \/ Barhockergestell &#8220;Wales-472&#8221;,<\/strong>&nbsp;Gestell ohne Sitz.<\/p>\n<p><strong>Farben<\/strong>: Niro, Chrom, Schwarz, &#8230;<\/p>\n","protected":false},"featured_media":6017,"template":"","meta":{"ngg_post_thumbnail":0},"product_brand":[],"product_cat":[69,57],"product_tag":[366,199,740,626,627,440,441,732,733,363,367,743,284,368,744,272,270,624,208,745,742,642,631,643,214,219,220,211,279,268,369,629,370,222,170,741,282,630,364,209,628,365,212,632,254,165,162,221,200,223],"class_list":{"0":"post-6021","1":"product","2":"type-product","3":"status-publish","4":"has-post-thumbnail","6":"product_cat-metallbarhocker","7":"product_cat-barhocker","8":"product_tag-bar","9":"product_tag-barhocker","10":"product_tag-barhocker-tresenhocker","11":"product_tag-barhocker-gestell","12":"product_tag-barhocker-gestelle","13":"product_tag-barhockergestell","14":"product_tag-barhockergestelle","15":"product_tag-barstuhl","16":"product_tag-barstuehle","17":"product_tag-beschichtet","18":"product_tag-bistro","19":"product_tag-bistros","20":"product_tag-bodenmontage","21":"product_tag-cafe","22":"product_tag-cafes","23":"product_tag-chrom","24":"product_tag-edelstahl","25":"product_tag-farbe","26":"product_tag-farbig","27":"product_tag-fix-montiert","28":"product_tag-fuer-bars","29":"product_tag-fussraster","30":"product_tag-fussring","31":"product_tag-fussstuetze","32":"product_tag-gastronomie","33":"product_tag-gestell","34":"product_tag-gestelle","35":"product_tag-hocker","36":"product_tag-hotellerie","37":"product_tag-inox","38":"product_tag-kaffeehaus","39":"product_tag-kaufen","40":"product_tag-lokal","41":"product_tag-metall","42":"product_tag-moebel","43":"product_tag-moebel-fuer-die-gastronomie","44":"product_tag-montage","45":"product_tag-nirosta","46":"product_tag-pulverbeschichtet","47":"product_tag-ral","48":"product_tag-ral-farbe","49":"product_tag-restaurant","50":"product_tag-rund","51":"product_tag-saeule","52":"product_tag-schwarz","53":"product_tag-sitzkomfort","54":"product_tag-sitzmoebel","55":"product_tag-stahl","56":"product_tag-tresenhocker","57":"product_tag-verchromt","58":"product_shipping_class-spedition","60":"first","61":"instock","62":"taxable","63":"shipping-taxable","64":"purchasable","65":"product-type-variable"},"_links":{"self":[{"href":"https:\/\/www.moebel.org\/cms\/wp-json\/wp\/v2\/product\/6021","targetHints":{"allow":["GET"]}}],"collection":[{"href":"https:\/\/www.moebel.org\/cms\/wp-json\/wp\/v2\/product"}],"about":[{"href":"https:\/\/www.moebel.org\/cms\/wp-json\/wp\/v2\/types\/product"}],"wp:featuredmedia":[{"embeddable":true,"href":"https:\/\/www.moebel.org\/cms\/wp-json\/wp\/v2\/media\/6017"}],"wp:attachment":[{"href":"https:\/\/www.moebel.org\/cms\/wp-json\/wp\/v2\/media?parent=6021"}],"wp:term":[{"taxonomy":"product_brand","embeddable":true,"href":"https:\/\/www.moebel.org\/cms\/wp-json\/wp\/v2\/product_brand?post=6021"},{"taxonomy":"product_cat","embeddable":true,"href":"https:\/\/www.moebel.org\/cms\/wp-json\/wp\/v2\/product_cat?post=6021"},{"taxonomy":"product_tag","embeddable":true,"href":"https:\/\/www.moebel.org\/cms\/wp-json\/wp\/v2\/product_tag?post=6021"}],"curies":[{"name":"wp","href":"https:\/\/api.w.org\/{rel}","templated":true}]}}