{"id":5977,"date":"2023-12-25T16:15:47","date_gmt":"2023-12-25T15:15:47","guid":{"rendered":"https:\/\/www.moebel.org\/cms\/?post_type=product&#038;p=5977"},"modified":"2023-12-25T17:54:47","modified_gmt":"2023-12-25T16:54:47","slug":"barhockergestell-nirosta-hoehenverstellbar-wales-8275-99","status":"publish","type":"product","link":"https:\/\/www.moebel.org\/cms\/produkt\/barhockergestell-nirosta-hoehenverstellbar-wales-8275-99\/","title":{"rendered":"Barhockergestell Nirosta, h\u00f6henverstellbar, Mod. &#8220;Wales 8275-99&#8221;"},"content":{"rendered":"<div><strong>H\u00f6henverstellbares Barhockergestell<\/strong> aus Edelstahl \/ Nirosta \/ Inox.<\/div>\n<div>Mod. &#8220;Wales-8275-99&#8221;, Gestell ohne Sitz. <strong>Sitze<\/strong> f\u00fcr die Barhocker finden Sie <a href=\"https:\/\/www.moebel.org\/cms\/produkt-kategorie\/barhocker\/barhockersitze\/\" target=\"_blank\" rel=\"noopener\"><strong><span style=\"color: #d75e11;\">hier<\/span><\/strong><\/a>! (Holz, Leder, Kunstleder, Stoff, &#8230;)! Auch Sonderanfertigungen in Gr\u00f6\u00dfe und Form sind m\u00f6glich.<\/div>\n<div>&nbsp;<\/div>\n<div>\n<div>Bodenplatte vom Barhockergestell \u2300 390 mm.<\/div>\n<div>Fu\u00dfring \u00d8 340 x 160 x 40 mm.<\/div>\n<div>H\u00f6henverstellbar von 570 bis 830 mm (Gasdruckfeder).&nbsp;<\/div>\n<div>Drehbar.<\/div>\n<div>Dekorhaube bei Bodenplatte.<\/div>\n<div>Filzgleiter inklusive.<\/div>\n<div>Ausf\u00fchrung Edelstahl, alle RAL-Farben m\u00f6glich, Speziallackierungen auf Anfrage.<\/div>\n<div>\n<p>M\u00f6bel Mitter, ihr <a href=\"https:\/\/www.moebel.org\/cms\/kontaktformular\/\" target=\"_blank\" rel=\"noopener\"><strong><span style=\"color: #d75e11;\">Kontakt<\/span><\/strong><\/a> f\u00fcr Barhocker \/ Tresenhocker \/ Barst\u00fchle \/ M\u00f6bel aller Art, f\u00fcr die Gastronomie und f\u00fcr zu Hause. E-Mail bitte an:<\/p>\n<p><a href=\"https:\/\/www.moebel.org\/cms\/kontaktformular\/\" target=\"_blank\" rel=\"noopener\"><img loading=\"lazy\" decoding=\"async\" class=\"auto-style1\" src=\"https:\/\/www.moebel.org\/e_mail_bild.jpg\" width=\"147\" height=\"33\"><\/a><\/p>\n<\/div>\n<\/div>\n","protected":false},"excerpt":{"rendered":"<p>Barhockergestell aus Edelstahl, h\u00f6henverstellbar, drehbar, Mod. &#8220;Wales 8275-99&#8221;<\/p>\n","protected":false},"featured_media":5978,"template":"","meta":{"ngg_post_thumbnail":0},"product_brand":[],"product_cat":[69,57,737],"product_tag":[625,366,199,740,626,627,440,441,732,733,363,367,743,206,368,744,272,270,624,208,742,631,214,219,220,211,201,279,268,369,629,370,222,170,741,630,364,213,209,628,365,207,212,632,254,165,162,221,200,223,520],"class_list":{"0":"post-5977","1":"product","2":"type-product","3":"status-publish","4":"has-post-thumbnail","6":"product_cat-metallbarhocker","7":"product_cat-barhocker","8":"product_cat-barhocker-hoehenverstellbar","9":"product_tag-625","10":"product_tag-bar","11":"product_tag-barhocker","12":"product_tag-barhocker-tresenhocker","13":"product_tag-barhocker-gestell","14":"product_tag-barhocker-gestelle","15":"product_tag-barhockergestell","16":"product_tag-barhockergestelle","17":"product_tag-barstuhl","18":"product_tag-barstuehle","19":"product_tag-beschichtet","20":"product_tag-bistro","21":"product_tag-bistros","22":"product_tag-buche","23":"product_tag-cafe","24":"product_tag-cafes","25":"product_tag-chrom","26":"product_tag-edelstahl","27":"product_tag-farbe","28":"product_tag-farbig","29":"product_tag-fuer-bars","30":"product_tag-fussring","31":"product_tag-gastronomie","32":"product_tag-gestell","33":"product_tag-gestelle","34":"product_tag-hocker","35":"product_tag-holz","36":"product_tag-hotellerie","37":"product_tag-inox","38":"product_tag-kaffeehaus","39":"product_tag-kaufen","40":"product_tag-lokal","41":"product_tag-metall","42":"product_tag-moebel","43":"product_tag-moebel-fuer-die-gastronomie","44":"product_tag-nirosta","45":"product_tag-pulverbeschichtet","46":"product_tag-quadratisch","47":"product_tag-ral","48":"product_tag-ral-farbe","49":"product_tag-restaurant","50":"product_tag-roh","51":"product_tag-rund","52":"product_tag-saeule","53":"product_tag-schwarz","54":"product_tag-sitzkomfort","55":"product_tag-sitzmoebel","56":"product_tag-stahl","57":"product_tag-tresenhocker","58":"product_tag-verchromt","59":"product_tag-weissaluminium","60":"product_shipping_class-spedition","62":"first","63":"instock","64":"taxable","65":"shipping-taxable","66":"purchasable","67":"product-type-simple"},"_links":{"self":[{"href":"https:\/\/www.moebel.org\/cms\/wp-json\/wp\/v2\/product\/5977","targetHints":{"allow":["GET"]}}],"collection":[{"href":"https:\/\/www.moebel.org\/cms\/wp-json\/wp\/v2\/product"}],"about":[{"href":"https:\/\/www.moebel.org\/cms\/wp-json\/wp\/v2\/types\/product"}],"wp:featuredmedia":[{"embeddable":true,"href":"https:\/\/www.moebel.org\/cms\/wp-json\/wp\/v2\/media\/5978"}],"wp:attachment":[{"href":"https:\/\/www.moebel.org\/cms\/wp-json\/wp\/v2\/media?parent=5977"}],"wp:term":[{"taxonomy":"product_brand","embeddable":true,"href":"https:\/\/www.moebel.org\/cms\/wp-json\/wp\/v2\/product_brand?post=5977"},{"taxonomy":"product_cat","embeddable":true,"href":"https:\/\/www.moebel.org\/cms\/wp-json\/wp\/v2\/product_cat?post=5977"},{"taxonomy":"product_tag","embeddable":true,"href":"https:\/\/www.moebel.org\/cms\/wp-json\/wp\/v2\/product_tag?post=5977"}],"curies":[{"name":"wp","href":"https:\/\/api.w.org\/{rel}","templated":true}]}}