{"id":5935,"date":"2023-12-25T14:28:03","date_gmt":"2023-12-25T13:28:03","guid":{"rendered":"https:\/\/www.moebel.org\/cms\/?post_type=product&#038;p=5935"},"modified":"2023-12-25T19:38:13","modified_gmt":"2023-12-25T18:38:13","slug":"barhockergestell-wales-460","status":"publish","type":"product","link":"https:\/\/www.moebel.org\/cms\/produkt\/barhockergestell-wales-460\/","title":{"rendered":"Barhockergestell Wales-460"},"content":{"rendered":"<p>Barhockergestell <strong>Wales-460<\/strong>, Gestell ohne Sitz, optional mit Holzs\u00e4ulen (Buche roh, siehe Fotos).<\/p>\n<p>Bei diesen Modellen sind die <strong>Einzelteile lagernd,<\/strong> diese m\u00fcssen noch beschichtet bzw. oberfl\u00e4chenbehandelt und zusammengebaut werden. Lieferzeit auf <a href=\"https:\/\/www.moebel.org\/cms\/kontaktformular\/\" target=\"_blank\" rel=\"noopener\"><strong><span style=\"color: #d75e11;\">Anfrage<\/span><\/strong><\/a> (mengenabh\u00e4ngig).<\/p>\n<p><strong>Oberfl\u00e4chenbehandlung <\/strong>der Teile aus <strong>Holz<\/strong> (beizen, lackieren, \u00f6len, &#8230;) f\u00fcr S\u00e4ulen aus Holz ebenfalls auf Anfrage (mengenabh\u00e4ngig und abh\u00e4ngig von der Art und Weise der Oberfl\u00e4chenbehandlung).<\/p>\n<p><strong>Farben<\/strong> vom <strong>Stahl<\/strong>: Chrom, Schwarz (pulverbeschichtet) und Wei\u00dfaluminium (pulverbeschichtet), andere RAL-Farben sind m\u00f6glich, Aufpreis +30% auf Schwarz!<\/p>\n<p><strong>Sitze<\/strong> f\u00fcr die Barhocker finden Sie <a href=\"https:\/\/www.moebel.org\/cms\/produkt-kategorie\/barhocker\/barhockersitze\/\" target=\"_blank\" rel=\"noopener\"><strong><span style=\"color: #d75e11;\">hier<\/span><\/strong><\/a>! (Holz, Leder, Kunstleder, Stoff, &#8230;)! Sonderanfertigungen sind bei den Sitzen auch m\u00f6glich.<\/p>\n<p>M\u00f6bel Mitter, Ihr <a href=\"https:\/\/www.moebel.org\/cms\/kontaktformular\/\" target=\"_blank\" rel=\"noopener\"><strong><span style=\"color: #d75e11;\">Kontakt<\/span><\/strong><\/a> f\u00fcr Barhocker \/ Tresenhocker \/ Barst\u00fchle \/ M\u00f6bel aller Art, f\u00fcr die Gastronomie und f\u00fcr zu Hause.&nbsp;E-Mail bitte an:<\/p>\n<p><a href=\"https:\/\/www.moebel.org\/cms\/kontaktformular\/\" target=\"_blank\" rel=\"noopener\"><img loading=\"lazy\" decoding=\"async\" class=\"auto-style1\" src=\"https:\/\/www.moebel.org\/e_mail_bild.jpg\" width=\"147\" height=\"33\"><\/a><\/p>\n","protected":false},"excerpt":{"rendered":"<p>Barhockergestelle <strong>Wales-460<\/strong>, Gestelle aus Stahl, Sitze sind extra, optional mit Holzs\u00e4ulen (Buche roh).<br \/>\nZahlreiche Varianten verf\u00fcgbar.<\/p>\n","protected":false},"featured_media":5964,"template":"","meta":{"ngg_post_thumbnail":0},"product_brand":[],"product_cat":[69,57],"product_tag":[625,366,199,740,626,627,440,441,732,733,363,367,743,206,368,744,272,270,624,208,742,631,214,219,220,211,201,279,268,369,629,370,222,170,741,630,364,213,209,628,365,207,212,632,254,165,162,221,200,223,520],"class_list":{"0":"post-5935","1":"product","2":"type-product","3":"status-publish","4":"has-post-thumbnail","6":"product_cat-metallbarhocker","7":"product_cat-barhocker","8":"product_tag-625","9":"product_tag-bar","10":"product_tag-barhocker","11":"product_tag-barhocker-tresenhocker","12":"product_tag-barhocker-gestell","13":"product_tag-barhocker-gestelle","14":"product_tag-barhockergestell","15":"product_tag-barhockergestelle","16":"product_tag-barstuhl","17":"product_tag-barstuehle","18":"product_tag-beschichtet","19":"product_tag-bistro","20":"product_tag-bistros","21":"product_tag-buche","22":"product_tag-cafe","23":"product_tag-cafes","24":"product_tag-chrom","25":"product_tag-edelstahl","26":"product_tag-farbe","27":"product_tag-farbig","28":"product_tag-fuer-bars","29":"product_tag-fussring","30":"product_tag-gastronomie","31":"product_tag-gestell","32":"product_tag-gestelle","33":"product_tag-hocker","34":"product_tag-holz","35":"product_tag-hotellerie","36":"product_tag-inox","37":"product_tag-kaffeehaus","38":"product_tag-kaufen","39":"product_tag-lokal","40":"product_tag-metall","41":"product_tag-moebel","42":"product_tag-moebel-fuer-die-gastronomie","43":"product_tag-nirosta","44":"product_tag-pulverbeschichtet","45":"product_tag-quadratisch","46":"product_tag-ral","47":"product_tag-ral-farbe","48":"product_tag-restaurant","49":"product_tag-roh","50":"product_tag-rund","51":"product_tag-saeule","52":"product_tag-schwarz","53":"product_tag-sitzkomfort","54":"product_tag-sitzmoebel","55":"product_tag-stahl","56":"product_tag-tresenhocker","57":"product_tag-verchromt","58":"product_tag-weissaluminium","59":"product_shipping_class-spedition","61":"first","62":"instock","63":"taxable","64":"shipping-taxable","65":"purchasable","66":"product-type-variable"},"_links":{"self":[{"href":"https:\/\/www.moebel.org\/cms\/wp-json\/wp\/v2\/product\/5935","targetHints":{"allow":["GET"]}}],"collection":[{"href":"https:\/\/www.moebel.org\/cms\/wp-json\/wp\/v2\/product"}],"about":[{"href":"https:\/\/www.moebel.org\/cms\/wp-json\/wp\/v2\/types\/product"}],"wp:featuredmedia":[{"embeddable":true,"href":"https:\/\/www.moebel.org\/cms\/wp-json\/wp\/v2\/media\/5964"}],"wp:attachment":[{"href":"https:\/\/www.moebel.org\/cms\/wp-json\/wp\/v2\/media?parent=5935"}],"wp:term":[{"taxonomy":"product_brand","embeddable":true,"href":"https:\/\/www.moebel.org\/cms\/wp-json\/wp\/v2\/product_brand?post=5935"},{"taxonomy":"product_cat","embeddable":true,"href":"https:\/\/www.moebel.org\/cms\/wp-json\/wp\/v2\/product_cat?post=5935"},{"taxonomy":"product_tag","embeddable":true,"href":"https:\/\/www.moebel.org\/cms\/wp-json\/wp\/v2\/product_tag?post=5935"}],"curies":[{"name":"wp","href":"https:\/\/api.w.org\/{rel}","templated":true}]}}