{"id":5921,"date":"2023-12-23T12:23:41","date_gmt":"2023-12-23T11:23:41","guid":{"rendered":"https:\/\/www.moebel.org\/cms\/?post_type=product&#038;p=5921"},"modified":"2023-12-23T14:44:20","modified_gmt":"2023-12-23T13:44:20","slug":"barhocker-sam-mit-lehne","status":"publish","type":"product","link":"https:\/\/www.moebel.org\/cms\/produkt\/barhocker-sam-mit-lehne\/","title":{"rendered":"Barhocker SAM, h\u00f6henverstellbar, mit Lehne"},"content":{"rendered":"<p><strong>Barhocker \/ Tresenhocker \/ Barstuhl<\/strong> Modell &#8220;<strong>SAM<\/strong>&#8220;, ein Designer-Barhocker mit Lehne, gestaltet nach dem Motto &#8220;<em>form follows function<\/em>&#8220;.&nbsp;<\/p>\n<p><span class=\"Apple-style-span\"><span style=\"font-size: small;\">Barhockergestell mit Gaslift zur H\u00f6henregulierung (Sitz h\u00f6henverstellbar).<\/span><\/span><\/p>\n<p><span class=\"Apple-style-span\" style=\"color: #339966;\"><span style=\"font-size: small;\">Variante 472-05L: Leder schwarz, verchromtes Barhockergestell&nbsp;<br \/>\nVariante 200890500: Leder wei\u00df, Barhockergestell Niro\/Chrom kombiniert<\/span><\/span><\/p>\n<p><span class=\"Apple-style-span\"><span style=\"font-size: small;\">Diese Designer-Barhocker haben ein verchromtes Barhockergestell oder ein Gestell aus Edelstahl \/ Nirosta \/ Chromstahl (da sind die Fu\u00dfraster verchromt, also gl\u00e4nzend). <\/span><\/span>Der SAM ist ein Barhocker aus sorgf\u00e4ltig ausgew\u00e4hlten Materialien in hoher Qualit\u00e4t.&nbsp;Die quadratische Sitzfl\u00e4che harmoniert optisch gut mit der quadratischen Bodenplatte, der gepolsterte Sitz ist mit strapazierf\u00e4higem Echtleder \u00fcberzogen. Hochwertig und pflegeleicht, <span class=\"Apple-style-span\"><span style=\"font-size: small;\">Sitzh\u00f6he verstellbar, zur Verwendung in der Bar oder in der K\u00fcche.<\/span><\/span><\/p>\n<p>Das Design der R\u00fcckenlehne ist modern-minimalistisch und diese Lehne bringt zus\u00e4tzlichen Sitzkomfort, zu dem auch die Fu\u00dfst\u00fctze (Fu\u00dfraster \/ Beinablage) beitr\u00e4gt.<\/p>\n<p><a href=\"https:\/\/www.moebel.org\/cms\/kontaktformular\/\" target=\"_blank\" rel=\"noopener\"><strong><span style=\"color: #d75e11;\">Anfrage \/ Kontakt<\/span><\/strong><\/a><\/p>\n<p>Ma\u00dfe, Gewicht:&nbsp; H\u00f6he 78,5-97,5 CM &#8211;&nbsp;Breite 36 CM &#8211;&nbsp;Sitzh\u00f6he 54-74 CM &#8211;&nbsp;CBM: 0.16 &#8211;&nbsp;Gewicht: ca. 20 KG<\/p>\n<p>VE: 1 Stk. (wird fertig montiert geliefert)<\/p>\n<p><span style=\"color: #999999;\"><em>Ein Produkt von Dan-Form in D\u00e4nemark<\/em><\/span><\/p>\n","protected":false},"excerpt":{"rendered":"<p>Barhocker SAM, mit Lehne<\/p>\n","protected":false},"featured_media":5928,"template":"","meta":{"ngg_post_thumbnail":0},"product_brand":[],"product_cat":[69,57,737,707],"product_tag":[366,199,732,733,367,368,272,734,730,731,736,270,735,643,738,214,211,658,263,279,369,629,355,439,370,222,170,630,166,213,365,438,254,739,165,162,221,200,223],"class_list":{"0":"post-5921","1":"product","2":"type-product","3":"status-publish","4":"has-post-thumbnail","6":"product_cat-metallbarhocker","7":"product_cat-barhocker","8":"product_cat-barhocker-hoehenverstellbar","9":"product_cat-kueche_esszimmer_ausstattung","10":"product_tag-bar","11":"product_tag-barhocker","12":"product_tag-barstuhl","13":"product_tag-barstuehle","14":"product_tag-bistro","15":"product_tag-cafe","16":"product_tag-chrom","17":"product_tag-chromstahl","18":"product_tag-dan-form","19":"product_tag-danform","20":"product_tag-disco","21":"product_tag-edelstahl","22":"product_tag-fussablage","23":"product_tag-fussstuetze","24":"product_tag-gaslift","25":"product_tag-gastronomie","26":"product_tag-hocker","27":"product_tag-hoehenregulierung","28":"product_tag-hoehenverstellbar","29":"product_tag-hotellerie","30":"product_tag-kaffeehaus","31":"product_tag-kaufen","32":"product_tag-leder","33":"product_tag-lehne","34":"product_tag-lokal","35":"product_tag-metall","36":"product_tag-moebel","37":"product_tag-nirosta","38":"product_tag-polsterung","39":"product_tag-quadratisch","40":"product_tag-restaurant","41":"product_tag-rueckenlehne","42":"product_tag-schwarz","43":"product_tag-sitzhoehe","44":"product_tag-sitzkomfort","45":"product_tag-sitzmoebel","46":"product_tag-stahl","47":"product_tag-tresenhocker","48":"product_tag-verchromt","49":"product_shipping_class-spedition","51":"first","52":"instock","53":"taxable","54":"shipping-taxable","55":"purchasable","56":"product-type-variable"},"_links":{"self":[{"href":"https:\/\/www.moebel.org\/cms\/wp-json\/wp\/v2\/product\/5921","targetHints":{"allow":["GET"]}}],"collection":[{"href":"https:\/\/www.moebel.org\/cms\/wp-json\/wp\/v2\/product"}],"about":[{"href":"https:\/\/www.moebel.org\/cms\/wp-json\/wp\/v2\/types\/product"}],"wp:featuredmedia":[{"embeddable":true,"href":"https:\/\/www.moebel.org\/cms\/wp-json\/wp\/v2\/media\/5928"}],"wp:attachment":[{"href":"https:\/\/www.moebel.org\/cms\/wp-json\/wp\/v2\/media?parent=5921"}],"wp:term":[{"taxonomy":"product_brand","embeddable":true,"href":"https:\/\/www.moebel.org\/cms\/wp-json\/wp\/v2\/product_brand?post=5921"},{"taxonomy":"product_cat","embeddable":true,"href":"https:\/\/www.moebel.org\/cms\/wp-json\/wp\/v2\/product_cat?post=5921"},{"taxonomy":"product_tag","embeddable":true,"href":"https:\/\/www.moebel.org\/cms\/wp-json\/wp\/v2\/product_tag?post=5921"}],"curies":[{"name":"wp","href":"https:\/\/api.w.org\/{rel}","templated":true}]}}