{"id":5914,"date":"2025-10-08T17:08:44","date_gmt":"2025-10-08T15:08:44","guid":{"rendered":"https:\/\/www.moebel.org\/cms\/?post_type=product&#038;p=5914"},"modified":"2025-10-08T17:23:41","modified_gmt":"2025-10-08T15:23:41","slug":"schlaegel-schlegel-fuer-flache-trommeln","status":"publish","type":"product","link":"https:\/\/www.moebel.org\/cms\/produkt\/schlaegel-schlegel-fuer-flache-trommeln\/","title":{"rendered":"Schl\u00e4gel \/ Schlegel f\u00fcr flache Trommeln"},"content":{"rendered":"<p>Trommelstock, Schl\u00e4gel bzw. Schlegel f\u00fcr Rahmen-Trommeln (schamanische Trommeln, flache Trommeln, Flat Drums, &#8230;).&nbsp;<\/p>\n<div>Drumsticks mit Holzgriff, Trommel-Schl\u00e4gel, Trommel-Schlegel, Stick, Zubeh\u00f6r f\u00fcr Percussion Instruments<\/div>\n<div>&nbsp;<\/div>\n<p>&nbsp;<\/p>\n<p>&nbsp;<\/p>\n","protected":false},"excerpt":{"rendered":"<p>Schl\u00e4gel \/ Schlegel f\u00fcr schamanische Trommel<\/p>\n","protected":false},"featured_media":7066,"template":"","meta":{"ngg_post_thumbnail":0},"product_brand":[],"product_cat":[84,530,61],"product_tag":[922,921,920,558,919,458,535],"class_list":{"0":"post-5914","1":"product","2":"type-product","3":"status-publish","4":"has-post-thumbnail","6":"product_cat-diverses","7":"product_cat-musikinstrumente","8":"product_cat-trommeln-djembe","9":"product_tag-drums","10":"product_tag-flat","11":"product_tag-schamanische","12":"product_tag-schlaegel","13":"product_tag-schlegel","14":"product_tag-trommel","15":"product_tag-trommeln","16":"product_shipping_class-paket-klein","18":"first","19":"instock","20":"taxable","21":"shipping-taxable","22":"purchasable","23":"product-type-simple"},"_links":{"self":[{"href":"https:\/\/www.moebel.org\/cms\/wp-json\/wp\/v2\/product\/5914","targetHints":{"allow":["GET"]}}],"collection":[{"href":"https:\/\/www.moebel.org\/cms\/wp-json\/wp\/v2\/product"}],"about":[{"href":"https:\/\/www.moebel.org\/cms\/wp-json\/wp\/v2\/types\/product"}],"wp:featuredmedia":[{"embeddable":true,"href":"https:\/\/www.moebel.org\/cms\/wp-json\/wp\/v2\/media\/7066"}],"wp:attachment":[{"href":"https:\/\/www.moebel.org\/cms\/wp-json\/wp\/v2\/media?parent=5914"}],"wp:term":[{"taxonomy":"product_brand","embeddable":true,"href":"https:\/\/www.moebel.org\/cms\/wp-json\/wp\/v2\/product_brand?post=5914"},{"taxonomy":"product_cat","embeddable":true,"href":"https:\/\/www.moebel.org\/cms\/wp-json\/wp\/v2\/product_cat?post=5914"},{"taxonomy":"product_tag","embeddable":true,"href":"https:\/\/www.moebel.org\/cms\/wp-json\/wp\/v2\/product_tag?post=5914"}],"curies":[{"name":"wp","href":"https:\/\/api.w.org\/{rel}","templated":true}]}}