{"id":5889,"date":"2023-08-28T15:55:16","date_gmt":"2023-08-28T13:55:16","guid":{"rendered":"https:\/\/www.moebel.org\/cms\/?post_type=product&#038;p=5889"},"modified":"2023-12-22T09:14:08","modified_gmt":"2023-12-22T08:14:08","slug":"armatur-niederdruckarmatur","status":"publish","type":"product","link":"https:\/\/www.moebel.org\/cms\/produkt\/armatur-niederdruckarmatur\/","title":{"rendered":"KLUDI-Armatur (Niederdruck)"},"content":{"rendered":"<p><strong>Drucklose Armatur <\/strong>f\u00fcr das Sp\u00fclbecken in der K\u00fcche, Marke <strong>KLUDI<\/strong>. Armatur f\u00fcr Warmwasserspeicher (Boiler oder Untertischger\u00e4t), Niederdruckarmatur mit 3 Anschlussschl\u00e4uchen.<\/p>\n<p>Diese Armatur (alias &#8220;Wasserhahn&#8221;) passt, wenn nur 1 Kaltwasser-Anschluss vorhanden ist und ein Untertischspeicher (kleiner Boiler) zur Warmwasserbereitung eingesetzt wird.<\/p>\n<p>&nbsp;<\/p>\n","protected":false},"excerpt":{"rendered":"<p><strong>KLUDI-Armatur <\/strong>drucklos, f\u00fcr Warmwasserspeicher (Boiler oder Untertischger\u00e4t bzw. Untertischspeicher), Niederdruckarmatur mit 3 Anschlussschl\u00e4uchen<\/p>\n","protected":false},"featured_media":5888,"template":"","meta":{"ngg_post_thumbnail":0},"product_brand":[],"product_cat":[84,707],"product_tag":[718,709,720,714,717,721,708,587,711,712,719,715,716,713],"class_list":{"0":"post-5889","1":"product","2":"type-product","3":"status-publish","4":"has-post-thumbnail","6":"product_cat-diverses","7":"product_cat-kueche_esszimmer_ausstattung","8":"product_tag-anschlussschlaeuche","9":"product_tag-armatur","10":"product_tag-armaturen","11":"product_tag-boiler","12":"product_tag-drei","13":"product_tag-drucklos","14":"product_tag-kludi","15":"product_tag-kueche","16":"product_tag-niederdruckarmatur","17":"product_tag-niederdruckarmaturen","18":"product_tag-spuelbecken","19":"product_tag-untertischgeraet","20":"product_tag-untertischspeicher","21":"product_tag-warmwasserspeicher","22":"product_shipping_class-paket-klein","24":"first","25":"outofstock","26":"sale","27":"taxable","28":"shipping-taxable","29":"purchasable","30":"product-type-simple"},"_links":{"self":[{"href":"https:\/\/www.moebel.org\/cms\/wp-json\/wp\/v2\/product\/5889","targetHints":{"allow":["GET"]}}],"collection":[{"href":"https:\/\/www.moebel.org\/cms\/wp-json\/wp\/v2\/product"}],"about":[{"href":"https:\/\/www.moebel.org\/cms\/wp-json\/wp\/v2\/types\/product"}],"wp:featuredmedia":[{"embeddable":true,"href":"https:\/\/www.moebel.org\/cms\/wp-json\/wp\/v2\/media\/5888"}],"wp:attachment":[{"href":"https:\/\/www.moebel.org\/cms\/wp-json\/wp\/v2\/media?parent=5889"}],"wp:term":[{"taxonomy":"product_brand","embeddable":true,"href":"https:\/\/www.moebel.org\/cms\/wp-json\/wp\/v2\/product_brand?post=5889"},{"taxonomy":"product_cat","embeddable":true,"href":"https:\/\/www.moebel.org\/cms\/wp-json\/wp\/v2\/product_cat?post=5889"},{"taxonomy":"product_tag","embeddable":true,"href":"https:\/\/www.moebel.org\/cms\/wp-json\/wp\/v2\/product_tag?post=5889"}],"curies":[{"name":"wp","href":"https:\/\/api.w.org\/{rel}","templated":true}]}}