{"id":5785,"date":"2023-05-05T11:18:40","date_gmt":"2023-05-05T09:18:40","guid":{"rendered":"https:\/\/www.moebel.org\/cms\/?post_type=product&#038;p=5785"},"modified":"2023-12-25T22:24:23","modified_gmt":"2023-12-25T21:24:23","slug":"barhocker-tresenhocker-wales-482-0206","status":"publish","type":"product","link":"https:\/\/www.moebel.org\/cms\/produkt\/barhocker-tresenhocker-wales-482-0206\/","title":{"rendered":"Barhocker \/ Tresenhocker &#8220;Wales-482-0206&#8221;"},"content":{"rendered":"<p>Barhocker \/ Barstuhl f\u00fcr 2 Personen, <strong>Partnerhocker<\/strong> Wales-482-0206, das 2-Personen-Barhockergestell aus Stahl, schwarz, mit verchromtem Fu\u00dfring.&nbsp;<\/p>\n<p>Bodenplatte 900&#215;390 mm.<\/p>\n<p>Gestell ohne Sitz.<\/p>\n<p><strong>Einzelteile lagernd,<\/strong> Lieferzeit auf <a href=\"https:\/\/www.moebel.org\/cms\/kontaktformular\/\" target=\"_blank\" rel=\"noopener\"><strong><span style=\"color: #d75e11;\">Anfrage<\/span><\/strong><\/a> (mengenabh\u00e4ngig).<\/p>\n<p><strong>Sitze<\/strong> f\u00fcr die Barhocker finden Sie <a href=\"https:\/\/www.moebel.org\/cms\/produkt-kategorie\/barhocker\/barhockersitze\/\" target=\"_blank\" rel=\"noopener\"><strong><span style=\"color: #d75e11;\">hier<\/span><\/strong><\/a>! (Holz, Leder, Kunstleder, Stoff, &#8230;)! Sonderanfertigungen sind bei den Sitzen auch m\u00f6glich.<\/p>\n<p>M\u00f6bel Mitter, Ihr <a href=\"https:\/\/www.moebel.org\/cms\/kontaktformular\/\" target=\"_blank\" rel=\"noopener\"><strong><span style=\"color: #d75e11;\">Kontakt<\/span><\/strong><\/a> f\u00fcr Barhocker \/ Tresenhocker \/ Barst\u00fchle \/ M\u00f6bel aller Art, f\u00fcr die Gastronomie und f\u00fcr zu Hause.&nbsp;E-Mail bitte an:<\/p>\n<p><a href=\"https:\/\/www.moebel.org\/cms\/kontaktformular\/\" target=\"_blank\" rel=\"noopener\"><img loading=\"lazy\" decoding=\"async\" class=\"auto-style1\" src=\"https:\/\/www.moebel.org\/e_mail_bild.jpg\" width=\"147\" height=\"33\"><\/a><\/p>\n","protected":false},"excerpt":{"rendered":"<p>Barhocker f\u00fcr 2 Personen, Mod. &#8220;Wales-482-0206&#8221;.&nbsp;<\/p>\n<p><strong>Partnerhocker<\/strong> aus Stahl, schwarz, mit verchromtem Fu\u00dfring.&nbsp;<\/p>\n<p>Gestell ohne Sitz.<\/p>\n","protected":false},"featured_media":5786,"template":"","meta":{"ngg_post_thumbnail":0},"product_brand":[],"product_cat":[69,57],"product_tag":[625,366,199,740,747,626,627,440,441,732,733,363,367,743,206,368,744,272,270,624,208,742,642,631,643,214,219,220,211,201,279,268,369,629,370,222,170,741,630,644,364,213,209,628,365,207,212,632,254,165,162,221,200,223,520,746],"class_list":{"0":"post-5785","1":"product","2":"type-product","3":"status-publish","4":"has-post-thumbnail","6":"product_cat-metallbarhocker","7":"product_cat-barhocker","8":"product_tag-625","9":"product_tag-bar","10":"product_tag-barhocker","11":"product_tag-barhocker-tresenhocker","12":"product_tag-barhocker-fuer-2-personen","13":"product_tag-barhocker-gestell","14":"product_tag-barhocker-gestelle","15":"product_tag-barhockergestell","16":"product_tag-barhockergestelle","17":"product_tag-barstuhl","18":"product_tag-barstuehle","19":"product_tag-beschichtet","20":"product_tag-bistro","21":"product_tag-bistros","22":"product_tag-buche","23":"product_tag-cafe","24":"product_tag-cafes","25":"product_tag-chrom","26":"product_tag-edelstahl","27":"product_tag-farbe","28":"product_tag-farbig","29":"product_tag-fuer-bars","30":"product_tag-fussraster","31":"product_tag-fussring","32":"product_tag-fussstuetze","33":"product_tag-gastronomie","34":"product_tag-gestell","35":"product_tag-gestelle","36":"product_tag-hocker","37":"product_tag-holz","38":"product_tag-hotellerie","39":"product_tag-inox","40":"product_tag-kaffeehaus","41":"product_tag-kaufen","42":"product_tag-lokal","43":"product_tag-metall","44":"product_tag-moebel","45":"product_tag-moebel-fuer-die-gastronomie","46":"product_tag-nirosta","47":"product_tag-partnerhocker","48":"product_tag-pulverbeschichtet","49":"product_tag-quadratisch","50":"product_tag-ral","51":"product_tag-ral-farbe","52":"product_tag-restaurant","53":"product_tag-roh","54":"product_tag-rund","55":"product_tag-saeule","56":"product_tag-schwarz","57":"product_tag-sitzkomfort","58":"product_tag-sitzmoebel","59":"product_tag-stahl","60":"product_tag-tresenhocker","61":"product_tag-verchromt","62":"product_tag-weissaluminium","63":"product_tag-zwillings-barhocker","64":"product_shipping_class-spedition","66":"first","67":"instock","68":"taxable","69":"shipping-taxable","70":"purchasable","71":"product-type-simple"},"_links":{"self":[{"href":"https:\/\/www.moebel.org\/cms\/wp-json\/wp\/v2\/product\/5785","targetHints":{"allow":["GET"]}}],"collection":[{"href":"https:\/\/www.moebel.org\/cms\/wp-json\/wp\/v2\/product"}],"about":[{"href":"https:\/\/www.moebel.org\/cms\/wp-json\/wp\/v2\/types\/product"}],"wp:featuredmedia":[{"embeddable":true,"href":"https:\/\/www.moebel.org\/cms\/wp-json\/wp\/v2\/media\/5786"}],"wp:attachment":[{"href":"https:\/\/www.moebel.org\/cms\/wp-json\/wp\/v2\/media?parent=5785"}],"wp:term":[{"taxonomy":"product_brand","embeddable":true,"href":"https:\/\/www.moebel.org\/cms\/wp-json\/wp\/v2\/product_brand?post=5785"},{"taxonomy":"product_cat","embeddable":true,"href":"https:\/\/www.moebel.org\/cms\/wp-json\/wp\/v2\/product_cat?post=5785"},{"taxonomy":"product_tag","embeddable":true,"href":"https:\/\/www.moebel.org\/cms\/wp-json\/wp\/v2\/product_tag?post=5785"}],"curies":[{"name":"wp","href":"https:\/\/api.w.org\/{rel}","templated":true}]}}