{"id":5724,"date":"2023-04-16T21:00:53","date_gmt":"2023-04-16T19:00:53","guid":{"rendered":"https:\/\/www.moebel.org\/cms\/?post_type=product&#038;p=5724"},"modified":"2023-12-26T09:32:24","modified_gmt":"2023-12-26T08:32:24","slug":"barhockergestell_wales-442","status":"publish","type":"product","link":"https:\/\/www.moebel.org\/cms\/produkt\/barhockergestell_wales-442\/","title":{"rendered":"Barhockergestell &#8220;Wales-442&#8221; f\u00fcr Bodenmontage"},"content":{"rendered":"<p><strong>Barhocker \/ Barhockergestell &#8220;Wales-442&#8221; <\/strong>f\u00fcr <strong>Bodenmontage<\/strong>, das Gestell ohne Fu\u00dfring.&nbsp;<\/p>\n<p>Wenn an der Bar bereits ein Fu\u00dfreling (Rohrsystem als Fu\u00dfst\u00fctze) vorhanden ist und der Barhocker fix am Boden montiert werden soll, ist dieses Gestell genau das passende.&nbsp;<\/p>\n<p><strong>Farben<\/strong> vom <strong>Stahl<\/strong> siehe Varianten. Pulverbeschichtungen in Schwarz sind Standard, andere <a href=\"https:\/\/www.moebel.org\/cms\/ral-farben-wales\/\" target=\"_blank\" rel=\"noopener\"><strong><span style=\"color: #d75e11;\">RAL-Farben<\/span><\/strong><\/a> sind auch m\u00f6glich, Aufpreis +30% auf Schwarz!<\/p>\n<p>Bei diesen Modellen sind die <strong>Einzelteile lagernd,<\/strong> diese m\u00fcssen noch beschichtet, zusammengebaut und verpackt werden. Lieferzeit auf <a href=\"https:\/\/www.moebel.org\/cms\/kontaktformular\/\" target=\"_blank\" rel=\"noopener\"><strong><span style=\"color: #d75e11;\">Anfrage<\/span><\/strong><\/a> (mengenabh\u00e4ngig).<\/p>\n<p>Gestell ohne Sitz, passende <strong>Sitze<\/strong> f\u00fcr die Barhockergestelle finden Sie <a href=\"https:\/\/www.moebel.org\/cms\/produkt-kategorie\/barhocker\/barhockersitze\/\" target=\"_blank\" rel=\"noopener\"><strong><span style=\"color: #d75e11;\">hier<\/span><\/strong><\/a>! (Holz, Leder, Kunstleder, Stoff, &#8230;)! Sonderanfertigungen sind bei den Sitzen auch m\u00f6glich.<\/p>\n<p>M\u00f6bel Mitter, Ihr <a href=\"https:\/\/www.moebel.org\/cms\/kontaktformular\/\" target=\"_blank\" rel=\"noopener\"><strong><span style=\"color: #d75e11;\">Kontakt<\/span><\/strong><\/a> f\u00fcr Barhocker \/ Tresenhocker \/ Barst\u00fchle \/ M\u00f6bel aller Art, f\u00fcr die Gastronomie und f\u00fcr zu Hause.&nbsp;E-Mail bitte an:<\/p>\n<p><a href=\"https:\/\/www.moebel.org\/cms\/kontaktformular\/\" target=\"_blank\" rel=\"noopener\"><img loading=\"lazy\" decoding=\"async\" class=\"auto-style1\" src=\"https:\/\/www.moebel.org\/e_mail_bild.jpg\" width=\"147\" height=\"33\"><\/a><\/p>\n","protected":false},"excerpt":{"rendered":"<p><strong>Barhockergestell &#8220;Wales-442&#8221;<\/strong>, ein Gestell f\u00fcr fixe Bodenmontage.&nbsp;<\/p>\n<p>Die Variante ohne Fu\u00dfring.&nbsp;<\/p>\n","protected":false},"featured_media":5718,"template":"","meta":{"ngg_post_thumbnail":0},"product_brand":[],"product_cat":[69,57],"product_tag":[366,199,626,627,440,441,363,367,284,368,272,270,624,208,214,219,220,211,279,369,629,370,222,170,630,364,209,628,365,212,254,165,162,221,200,223],"class_list":{"0":"post-5724","1":"product","2":"type-product","3":"status-publish","4":"has-post-thumbnail","6":"product_cat-metallbarhocker","7":"product_cat-barhocker","8":"product_tag-bar","9":"product_tag-barhocker","10":"product_tag-barhocker-gestell","11":"product_tag-barhocker-gestelle","12":"product_tag-barhockergestell","13":"product_tag-barhockergestelle","14":"product_tag-beschichtet","15":"product_tag-bistro","16":"product_tag-bodenmontage","17":"product_tag-cafe","18":"product_tag-chrom","19":"product_tag-edelstahl","20":"product_tag-farbe","21":"product_tag-farbig","22":"product_tag-gastronomie","23":"product_tag-gestell","24":"product_tag-gestelle","25":"product_tag-hocker","26":"product_tag-hotellerie","27":"product_tag-kaffeehaus","28":"product_tag-kaufen","29":"product_tag-lokal","30":"product_tag-metall","31":"product_tag-moebel","32":"product_tag-nirosta","33":"product_tag-pulverbeschichtet","34":"product_tag-ral","35":"product_tag-ral-farbe","36":"product_tag-restaurant","37":"product_tag-rund","38":"product_tag-schwarz","39":"product_tag-sitzkomfort","40":"product_tag-sitzmoebel","41":"product_tag-stahl","42":"product_tag-tresenhocker","43":"product_tag-verchromt","44":"product_shipping_class-spedition","46":"first","47":"onbackorder","48":"taxable","49":"shipping-taxable","50":"purchasable","51":"product-type-variable"},"_links":{"self":[{"href":"https:\/\/www.moebel.org\/cms\/wp-json\/wp\/v2\/product\/5724","targetHints":{"allow":["GET"]}}],"collection":[{"href":"https:\/\/www.moebel.org\/cms\/wp-json\/wp\/v2\/product"}],"about":[{"href":"https:\/\/www.moebel.org\/cms\/wp-json\/wp\/v2\/types\/product"}],"wp:featuredmedia":[{"embeddable":true,"href":"https:\/\/www.moebel.org\/cms\/wp-json\/wp\/v2\/media\/5718"}],"wp:attachment":[{"href":"https:\/\/www.moebel.org\/cms\/wp-json\/wp\/v2\/media?parent=5724"}],"wp:term":[{"taxonomy":"product_brand","embeddable":true,"href":"https:\/\/www.moebel.org\/cms\/wp-json\/wp\/v2\/product_brand?post=5724"},{"taxonomy":"product_cat","embeddable":true,"href":"https:\/\/www.moebel.org\/cms\/wp-json\/wp\/v2\/product_cat?post=5724"},{"taxonomy":"product_tag","embeddable":true,"href":"https:\/\/www.moebel.org\/cms\/wp-json\/wp\/v2\/product_tag?post=5724"}],"curies":[{"name":"wp","href":"https:\/\/api.w.org\/{rel}","templated":true}]}}