{"id":5709,"date":"2023-04-16T20:02:10","date_gmt":"2023-04-16T18:02:10","guid":{"rendered":"https:\/\/www.moebel.org\/cms\/?post_type=product&#038;p=5709"},"modified":"2023-12-27T09:56:41","modified_gmt":"2023-12-27T08:56:41","slug":"barhockergestell_wales-440","status":"publish","type":"product","link":"https:\/\/www.moebel.org\/cms\/produkt\/barhockergestell_wales-440\/","title":{"rendered":"Barhockergestell_Wales-440"},"content":{"rendered":"<p><strong>Barhocker \/ Barhockergestell<\/strong> aus Stahl.<\/p>\n<p>Mod.&#8221;Wales-440&#8243;, Gestell ohne Fu\u00dfring, Sitz bitte extra bestellen. Passende <strong>Sitze<\/strong> f\u00fcr die Barhocker finden Sie <a href=\"https:\/\/www.moebel.org\/cms\/produkt-kategorie\/barhocker\/barhockersitze\/\" target=\"_blank\" rel=\"noopener\"><strong><span style=\"color: #d75e11;\">hier<\/span><\/strong><\/a>! (Holz, Leder, Kunstleder, Stoff, &#8230;)! Sonderanfertigungen in Form und Farbe sind bei den Sitzen auch m\u00f6glich.<\/p>\n<p>Bei den Modellen mit der Bezeichnung &#8220;Wales&#8221; sind in der Regel die <strong>Einzelteile lagernd,<\/strong> diese m\u00fcssen aber noch beschichtet und \/ oder zusammengebaut und verpackt werden. Lieferzeit daher auf <a href=\"https:\/\/www.moebel.org\/cms\/kontaktformular\/\" target=\"_blank\" rel=\"noopener\"><strong><span style=\"color: #d75e11;\">Anfrage<\/span><\/strong><\/a> (mengenabh\u00e4ngig).<\/p>\n<p><strong>Farben<\/strong> vom <strong>Stahl<\/strong> siehe Varianten. Pulverbeschichtungen in Schwarz sind Standard, andere <a href=\"https:\/\/www.moebel.org\/cms\/ral-farben-wales\/\" target=\"_blank\" rel=\"noopener\"><strong><span style=\"color: #d75e11;\">RAL-Farben<\/span><\/strong><\/a> sind auch m\u00f6glich, Aufpreis +30% auf Schwarz!<\/p>\n<p>M\u00f6bel Mitter, Ihr <a href=\"https:\/\/www.moebel.org\/cms\/kontaktformular\/\" target=\"_blank\" rel=\"noopener\"><strong><span style=\"color: #d75e11;\">Kontakt<\/span><\/strong><\/a> f\u00fcr Barhocker \/ Tresenhocker \/ Barst\u00fchle \/ M\u00f6bel aller Art, f\u00fcr die Gastronomie und f\u00fcr zu Hause. E-Mail bitte an:<\/p>\n<p><a href=\"https:\/\/www.moebel.org\/cms\/kontaktformular\/\" target=\"_blank\" rel=\"noopener\"><img loading=\"lazy\" decoding=\"async\" class=\"auto-style1\" src=\"https:\/\/www.moebel.org\/e_mail_bild.jpg\" width=\"147\" height=\"33\"><\/a><\/p>\n","protected":false},"excerpt":{"rendered":"<p><strong>Barhocker \/ Barhockergestell<\/strong> aus Stahl.<\/p>\n<p>Mod.&#8221;Wales-440&#8243;, Gestell ohne Fu\u00dfring, Sitz ist extra<\/p>\n","protected":false},"featured_media":5715,"template":"","meta":{"ngg_post_thumbnail":0},"product_brand":[],"product_cat":[69,57],"product_tag":[366,199,740,626,627,440,441,732,733,363,367,743,368,744,272,624,208,742,214,219,220,211,279,369,629,370,222,170,741,280,364,209,628,365,212,632,165,162,221,200,223],"class_list":{"0":"post-5709","1":"product","2":"type-product","3":"status-publish","4":"has-post-thumbnail","6":"product_cat-metallbarhocker","7":"product_cat-barhocker","8":"product_tag-bar","9":"product_tag-barhocker","10":"product_tag-barhocker-tresenhocker","11":"product_tag-barhocker-gestell","12":"product_tag-barhocker-gestelle","13":"product_tag-barhockergestell","14":"product_tag-barhockergestelle","15":"product_tag-barstuhl","16":"product_tag-barstuehle","17":"product_tag-beschichtet","18":"product_tag-bistro","19":"product_tag-bistros","20":"product_tag-cafe","21":"product_tag-cafes","22":"product_tag-chrom","23":"product_tag-farbe","24":"product_tag-farbig","25":"product_tag-fuer-bars","26":"product_tag-gastronomie","27":"product_tag-gestell","28":"product_tag-gestelle","29":"product_tag-hocker","30":"product_tag-hotellerie","31":"product_tag-kaffeehaus","32":"product_tag-kaufen","33":"product_tag-lokal","34":"product_tag-metall","35":"product_tag-moebel","36":"product_tag-moebel-fuer-die-gastronomie","37":"product_tag-objektmoebel","38":"product_tag-pulverbeschichtet","39":"product_tag-ral","40":"product_tag-ral-farbe","41":"product_tag-restaurant","42":"product_tag-rund","43":"product_tag-saeule","44":"product_tag-sitzkomfort","45":"product_tag-sitzmoebel","46":"product_tag-stahl","47":"product_tag-tresenhocker","48":"product_tag-verchromt","49":"product_shipping_class-spedition","51":"first","52":"onbackorder","53":"taxable","54":"shipping-taxable","55":"purchasable","56":"product-type-variable"},"_links":{"self":[{"href":"https:\/\/www.moebel.org\/cms\/wp-json\/wp\/v2\/product\/5709","targetHints":{"allow":["GET"]}}],"collection":[{"href":"https:\/\/www.moebel.org\/cms\/wp-json\/wp\/v2\/product"}],"about":[{"href":"https:\/\/www.moebel.org\/cms\/wp-json\/wp\/v2\/types\/product"}],"wp:featuredmedia":[{"embeddable":true,"href":"https:\/\/www.moebel.org\/cms\/wp-json\/wp\/v2\/media\/5715"}],"wp:attachment":[{"href":"https:\/\/www.moebel.org\/cms\/wp-json\/wp\/v2\/media?parent=5709"}],"wp:term":[{"taxonomy":"product_brand","embeddable":true,"href":"https:\/\/www.moebel.org\/cms\/wp-json\/wp\/v2\/product_brand?post=5709"},{"taxonomy":"product_cat","embeddable":true,"href":"https:\/\/www.moebel.org\/cms\/wp-json\/wp\/v2\/product_cat?post=5709"},{"taxonomy":"product_tag","embeddable":true,"href":"https:\/\/www.moebel.org\/cms\/wp-json\/wp\/v2\/product_tag?post=5709"}],"curies":[{"name":"wp","href":"https:\/\/api.w.org\/{rel}","templated":true}]}}