{"id":5671,"date":"2023-03-20T10:00:09","date_gmt":"2023-03-20T09:00:09","guid":{"rendered":"https:\/\/www.moebel.org\/cms\/?post_type=product&#038;p=5671"},"modified":"2023-05-05T16:59:40","modified_gmt":"2023-05-05T14:59:40","slug":"andrea-05-klapptisch-gestell-fuer-runde-platten","status":"publish","type":"product","link":"https:\/\/www.moebel.org\/cms\/produkt\/andrea-05-klapptisch-gestell-fuer-runde-platten\/","title":{"rendered":"H=71cm, Andrea 05, Esstisch-Klapptisch-Gestell f\u00fcr runde Platten"},"content":{"rendered":"<p><strong>Andrea 05 <\/strong>Klpptisch-Gestell in <strong>Esstisch-H\u00f6he<\/strong>, Designer-Tischgestell f\u00fcr runde, abklappbare Tischplatten.&nbsp;<\/p>\n<p>H\u00f6he <strong>71 cm<\/strong><\/p>\n<p>Der Preis ist ohne Tischplatte (Tischplatten \u00dcbersicht&nbsp;<a href=\"https:\/\/www.moebel.org\/tischplatten-tischplatte.htm\" target=\"_blank\" rel=\"noopener\"><span style=\"color: #d75e11;\">hier<\/span><\/a>).&nbsp;<\/p>\n<p><strong>Farben<\/strong>: Schwarz und Wei\u00df (zum hier angef\u00fchrten Standard-Preis), weitere <a href=\"https:\/\/www.moebel.org\/cms\/wp-content\/uploads\/Farben_Metallteile_Klapptischgestelle_FLEX_07-2017-2.jpg\" target=\"_blank\" rel=\"noopener\"><span style=\"color: #d75e11;\">Farben<\/span><\/a> sind m\u00f6glich, Preis aber auf <a href=\"https:\/\/www.moebel.org\/cms\/kontaktformular\/\" target=\"_blank\" rel=\"noopener\"><strong><span style=\"color: #d75e11;\">ANFRAGE<\/span><\/strong><\/a><\/p>\n","protected":false},"excerpt":{"rendered":"<p>Andrea 05, Klapptisch-Gestell in <strong>Esstisch-H\u00f6he.<\/strong><\/p>\n<p>Bitte Farbe beim Bestellen angeben (Schwarz und&nbsp; Wei\u00df m\u00f6glich zum hier angef\u00fchrten Preis)!<\/p>\n","protected":false},"featured_media":5674,"template":"","meta":{"ngg_post_thumbnail":0},"product_brand":[],"product_cat":[88,62,82],"product_tag":[272,271,257,258,361,362,208,219,220,277,225,217,218,226,215,216,222,209,254,221,227,228,229,230,223],"class_list":{"0":"post-5671","1":"product","2":"type-product","3":"status-publish","4":"has-post-thumbnail","6":"product_cat-esstische","7":"product_cat-tische-tischgestelle","8":"product_cat-klapptische-klapptischgestelle","9":"product_tag-chrom","10":"product_tag-eisen","11":"product_tag-esstisch","12":"product_tag-esstische","13":"product_tag-esstischgestell","14":"product_tag-esstischgestelle","15":"product_tag-farbig","16":"product_tag-gestell","17":"product_tag-gestelle","18":"product_tag-klappbar","19":"product_tag-klapptisch","20":"product_tag-klapptisch-gestell","21":"product_tag-klapptisch-gestelle","22":"product_tag-klapptische","23":"product_tag-klapptischgestell","24":"product_tag-klapptischgestelle","25":"product_tag-metall","26":"product_tag-ral","27":"product_tag-schwarz","28":"product_tag-stahl","29":"product_tag-tisch","30":"product_tag-tische","31":"product_tag-tischgestell","32":"product_tag-tischgestelle","33":"product_tag-verchromt","34":"product_shipping_class-spedition","36":"first","37":"onbackorder","38":"taxable","39":"shipping-taxable","40":"purchasable","41":"product-type-simple"},"_links":{"self":[{"href":"https:\/\/www.moebel.org\/cms\/wp-json\/wp\/v2\/product\/5671","targetHints":{"allow":["GET"]}}],"collection":[{"href":"https:\/\/www.moebel.org\/cms\/wp-json\/wp\/v2\/product"}],"about":[{"href":"https:\/\/www.moebel.org\/cms\/wp-json\/wp\/v2\/types\/product"}],"wp:featuredmedia":[{"embeddable":true,"href":"https:\/\/www.moebel.org\/cms\/wp-json\/wp\/v2\/media\/5674"}],"wp:attachment":[{"href":"https:\/\/www.moebel.org\/cms\/wp-json\/wp\/v2\/media?parent=5671"}],"wp:term":[{"taxonomy":"product_brand","embeddable":true,"href":"https:\/\/www.moebel.org\/cms\/wp-json\/wp\/v2\/product_brand?post=5671"},{"taxonomy":"product_cat","embeddable":true,"href":"https:\/\/www.moebel.org\/cms\/wp-json\/wp\/v2\/product_cat?post=5671"},{"taxonomy":"product_tag","embeddable":true,"href":"https:\/\/www.moebel.org\/cms\/wp-json\/wp\/v2\/product_tag?post=5671"}],"curies":[{"name":"wp","href":"https:\/\/api.w.org\/{rel}","templated":true}]}}