{"id":5638,"date":"2023-01-03T16:33:55","date_gmt":"2023-01-03T15:33:55","guid":{"rendered":"https:\/\/www.moebel.org\/cms\/?post_type=product&#038;p=5638"},"modified":"2023-01-04T11:14:55","modified_gmt":"2023-01-04T10:14:55","slug":"drehteller-fuer-barhocker-rueckstellautomaten","status":"publish","type":"product","link":"https:\/\/www.moebel.org\/cms\/produkt\/drehteller-fuer-barhocker-rueckstellautomaten\/","title":{"rendered":"Drehteller \/ Drehautomaten f\u00fcr Barhocker, R\u00fcckstellautomaten"},"content":{"rendered":"<p>Gelagerte <strong>Drehautomaten<\/strong> bzw. <strong>Drehteller<\/strong> f\u00fcr Barhockersitze, R\u00fcckstellautomaten mit und ohne R\u00fcckholfeder.<\/p>\n<p><strong>Die Varianten:&nbsp;<\/strong><\/p>\n<p>Wales_930 Drehautomat <span style=\"color: #339966;\"><strong>mit<\/strong> <\/span>R\u00fcckholfeder, <span style=\"color: #0000ff;\"><strong>ohne<\/strong> <\/span>Lehnenb\u00fcgel&nbsp;<\/p>\n<p>Wales_930ST w. o. aber in besonders starker Ausf\u00fchrung&nbsp;<\/p>\n<p>Wales_933 Drehautomat <span style=\"color: #339966;\"><strong>mit<\/strong> <\/span>R\u00fcckholfeder, mit <strong>schwarzem<\/strong> Lehnenb\u00fcgel&nbsp;<\/p>\n<p>Wales_934-06 Drehautomat <span style=\"color: #339966;\"><strong>mit<\/strong> <\/span>R\u00fcckholfeder, Lehnenb\u00fcgel <strong>verchromt&nbsp;<\/strong><\/p>\n<p>Wales_935 Drehteller <span style=\"color: #0000ff;\"><strong>ohne<\/strong> <\/span>R\u00fcckholfeder, <span style=\"color: #0000ff;\"><strong>ohne<\/strong> <\/span>Lehnenb\u00fcgel&nbsp;<\/p>\n<p>Kugelgelagerte Metall-Drehteller f\u00fcr Sitze aller Art, f\u00fcr Barhocker, Hocker, Tresenhocker. R\u00fcckstellautomaten mit und ohne R\u00fcckholfeder, mit und ohne Lehnenb\u00fcgel (B\u00fcgel Stahl verchromt oder schwarz, pulverbeschichtet).<\/p>\n<p><a href=\"https:\/\/www.moebel.org\/cms\/kontaktformular\/\" target=\"_blank\" rel=\"noopener\"><strong><span style=\"color: #d75e11;\">Kontakt<\/span><\/strong><\/a><\/p>\n","protected":false},"excerpt":{"rendered":"<p>Gelagerte Drehautomaten bzw. Drehteller f\u00fcr Barhockersitze, R\u00fcckstellautomaten mit und ohne R\u00fcckholfeder. Die Varianten:&nbsp; Wales_930 Drehautomat mit R\u00fcckholfeder, ohne Lehnenb\u00fcgel&nbsp; Wales_930ST w. o. aber in besonders starker<span class=\"excerpt-hellip\"> [\u2026]<\/span><\/p>\n","protected":false},"featured_media":5644,"template":"","meta":{"ngg_post_thumbnail":0},"product_brand":[],"product_cat":[69,57,80],"product_tag":[199,605,606,604,609,211,439,611,610,222,364,608,607,254,151,210,221,200,223],"class_list":{"0":"post-5638","1":"product","2":"type-product","3":"status-publish","4":"has-post-thumbnail","6":"product_cat-metallbarhocker","7":"product_cat-barhocker","8":"product_cat-barhockersitze","9":"product_tag-barhocker","10":"product_tag-drehautomaten","11":"product_tag-drehmechanik","12":"product_tag-drehteller","13":"product_tag-feder","14":"product_tag-hocker","15":"product_tag-lehne","16":"product_tag-lehnen","17":"product_tag-lehnenbuegel","18":"product_tag-metall","19":"product_tag-pulverbeschichtet","20":"product_tag-rueckholfeder","21":"product_tag-rueckstellautomaten","22":"product_tag-schwarz","23":"product_tag-sitz","24":"product_tag-sitze","25":"product_tag-stahl","26":"product_tag-tresenhocker","27":"product_tag-verchromt","28":"product_shipping_class-paket-klein","30":"first","31":"instock","32":"taxable","33":"shipping-taxable","34":"purchasable","35":"product-type-variable"},"_links":{"self":[{"href":"https:\/\/www.moebel.org\/cms\/wp-json\/wp\/v2\/product\/5638","targetHints":{"allow":["GET"]}}],"collection":[{"href":"https:\/\/www.moebel.org\/cms\/wp-json\/wp\/v2\/product"}],"about":[{"href":"https:\/\/www.moebel.org\/cms\/wp-json\/wp\/v2\/types\/product"}],"wp:featuredmedia":[{"embeddable":true,"href":"https:\/\/www.moebel.org\/cms\/wp-json\/wp\/v2\/media\/5644"}],"wp:attachment":[{"href":"https:\/\/www.moebel.org\/cms\/wp-json\/wp\/v2\/media?parent=5638"}],"wp:term":[{"taxonomy":"product_brand","embeddable":true,"href":"https:\/\/www.moebel.org\/cms\/wp-json\/wp\/v2\/product_brand?post=5638"},{"taxonomy":"product_cat","embeddable":true,"href":"https:\/\/www.moebel.org\/cms\/wp-json\/wp\/v2\/product_cat?post=5638"},{"taxonomy":"product_tag","embeddable":true,"href":"https:\/\/www.moebel.org\/cms\/wp-json\/wp\/v2\/product_tag?post=5638"}],"curies":[{"name":"wp","href":"https:\/\/api.w.org\/{rel}","templated":true}]}}