{"id":5416,"date":"2022-06-01T18:07:59","date_gmt":"2022-06-01T16:07:59","guid":{"rendered":"https:\/\/www.moebel.org\/cms\/?post_type=product&#038;p=5416"},"modified":"2025-12-18T12:43:42","modified_gmt":"2025-12-18T11:43:42","slug":"hoehenverstellbares-tischgestell-tisch-hoehenverstellbar-wales-4600-710-06","status":"publish","type":"product","link":"https:\/\/www.moebel.org\/cms\/produkt\/hoehenverstellbares-tischgestell-tisch-hoehenverstellbar-wales-4600-710-06\/","title":{"rendered":"H\u00f6henverstellbares Tischgestell, Tisch h\u00f6henverstellbar, Wales-4600-710-06"},"content":{"rendered":"<p><strong>Tischgestell h\u00f6henverstellbar,<\/strong> mit <strong>Gasdruckfeder,<\/strong> Stahl verchromt.<br \/>\nMod. Wales 4600-710-06<\/p>\n","protected":false},"excerpt":{"rendered":"<p><strong>Tischgestell h\u00f6henverstellbar,<\/strong> mit <strong>Gasdruckfeder,<\/strong> Stahl verchromt.<br \/>\nMod. Wales 4600-710-06<\/p>\n","protected":false},"featured_media":5390,"template":"","meta":{"ngg_post_thumbnail":0},"product_brand":[],"product_cat":[509],"product_tag":[366,367,513,514,368,272,271,519,214,219,220,263,409,279,369,515,516,370,222,365,221,227,228,229,230,223,167,517,518],"class_list":{"0":"post-5416","1":"product","2":"type-product","3":"status-publish","4":"has-post-thumbnail","6":"product_cat-hoehenverstellbare-tischgestelle","7":"product_tag-bar","8":"product_tag-bistro","9":"product_tag-buero","10":"product_tag-buerotisch","11":"product_tag-cafe","12":"product_tag-chrom","13":"product_tag-eisen","14":"product_tag-gasdruckfeder","15":"product_tag-gastronomie","16":"product_tag-gestell","17":"product_tag-gestelle","18":"product_tag-hoehenverstellbar","19":"product_tag-hoehenverstellbare","20":"product_tag-hotellerie","21":"product_tag-kaffeehaus","22":"product_tag-konferenz","23":"product_tag-konferenztisch","24":"product_tag-lokal","25":"product_tag-metall","26":"product_tag-restaurant","27":"product_tag-stahl","28":"product_tag-tisch","29":"product_tag-tische","30":"product_tag-tischgestell","31":"product_tag-tischgestelle","32":"product_tag-verchromt","33":"product_tag-wohnzimmer","34":"product_tag-wohnzimmertisch","35":"product_tag-wohnzimmertische","36":"product_shipping_class-spedition","38":"first","39":"outofstock","40":"taxable","41":"shipping-taxable","42":"purchasable","43":"product-type-simple"},"_links":{"self":[{"href":"https:\/\/www.moebel.org\/cms\/wp-json\/wp\/v2\/product\/5416","targetHints":{"allow":["GET"]}}],"collection":[{"href":"https:\/\/www.moebel.org\/cms\/wp-json\/wp\/v2\/product"}],"about":[{"href":"https:\/\/www.moebel.org\/cms\/wp-json\/wp\/v2\/types\/product"}],"wp:featuredmedia":[{"embeddable":true,"href":"https:\/\/www.moebel.org\/cms\/wp-json\/wp\/v2\/media\/5390"}],"wp:attachment":[{"href":"https:\/\/www.moebel.org\/cms\/wp-json\/wp\/v2\/media?parent=5416"}],"wp:term":[{"taxonomy":"product_brand","embeddable":true,"href":"https:\/\/www.moebel.org\/cms\/wp-json\/wp\/v2\/product_brand?post=5416"},{"taxonomy":"product_cat","embeddable":true,"href":"https:\/\/www.moebel.org\/cms\/wp-json\/wp\/v2\/product_cat?post=5416"},{"taxonomy":"product_tag","embeddable":true,"href":"https:\/\/www.moebel.org\/cms\/wp-json\/wp\/v2\/product_tag?post=5416"}],"curies":[{"name":"wp","href":"https:\/\/api.w.org\/{rel}","templated":true}]}}