{"id":5414,"date":"2022-06-01T18:03:46","date_gmt":"2022-06-01T16:03:46","guid":{"rendered":"https:\/\/www.moebel.org\/cms\/?post_type=product&#038;p=5414"},"modified":"2025-12-18T12:42:47","modified_gmt":"2025-12-18T11:42:47","slug":"hoehenverstellbares-gestell-fuer-tische-wales-4600-717-02","status":"publish","type":"product","link":"https:\/\/www.moebel.org\/cms\/produkt\/hoehenverstellbares-gestell-fuer-tische-wales-4600-717-02\/","title":{"rendered":"H\u00f6henverstellbares Gestell f\u00fcr Tische, Wales-4600-717-02"},"content":{"rendered":"<p><strong>Tischgestell h\u00f6henverstellbar<\/strong> Stahl schwarz pulverbeschichtet, mittels Kurbel h\u00f6henverstellbar (Kurbeltischgestell).<br \/>\nMod.Wales 4600-717-02<\/p>\n","protected":false},"excerpt":{"rendered":"<p><strong>Tischgestell h\u00f6henverstellbar<\/strong> Stahl schwarz pulverbeschichtet, mittels Kurbel h\u00f6henverstellbar (Kurbeltischgestell).<br \/>\nMod.Wales 4600-717-02<\/p>\n","protected":false},"featured_media":5398,"template":"","meta":{"ngg_post_thumbnail":0},"product_brand":[],"product_cat":[509],"product_tag":[366,363,367,513,514,368,271,208,214,219,220,263,409,279,369,515,516,510,511,512,370,222,364,209,365,254,221,227,228,229,230,167,517,518],"class_list":{"0":"post-5414","1":"product","2":"type-product","3":"status-publish","4":"has-post-thumbnail","6":"product_cat-hoehenverstellbare-tischgestelle","7":"product_tag-bar","8":"product_tag-beschichtet","9":"product_tag-bistro","10":"product_tag-buero","11":"product_tag-buerotisch","12":"product_tag-cafe","13":"product_tag-eisen","14":"product_tag-farbig","15":"product_tag-gastronomie","16":"product_tag-gestell","17":"product_tag-gestelle","18":"product_tag-hoehenverstellbar","19":"product_tag-hoehenverstellbare","20":"product_tag-hotellerie","21":"product_tag-kaffeehaus","22":"product_tag-konferenz","23":"product_tag-konferenztisch","24":"product_tag-kurbel","25":"product_tag-kurbeltischgestell","26":"product_tag-kurbeltischgestelle","27":"product_tag-lokal","28":"product_tag-metall","29":"product_tag-pulverbeschichtet","30":"product_tag-ral","31":"product_tag-restaurant","32":"product_tag-schwarz","33":"product_tag-stahl","34":"product_tag-tisch","35":"product_tag-tische","36":"product_tag-tischgestell","37":"product_tag-tischgestelle","38":"product_tag-wohnzimmer","39":"product_tag-wohnzimmertisch","40":"product_tag-wohnzimmertische","41":"product_shipping_class-spedition","43":"first","44":"outofstock","45":"taxable","46":"shipping-taxable","47":"purchasable","48":"product-type-simple"},"_links":{"self":[{"href":"https:\/\/www.moebel.org\/cms\/wp-json\/wp\/v2\/product\/5414","targetHints":{"allow":["GET"]}}],"collection":[{"href":"https:\/\/www.moebel.org\/cms\/wp-json\/wp\/v2\/product"}],"about":[{"href":"https:\/\/www.moebel.org\/cms\/wp-json\/wp\/v2\/types\/product"}],"wp:featuredmedia":[{"embeddable":true,"href":"https:\/\/www.moebel.org\/cms\/wp-json\/wp\/v2\/media\/5398"}],"wp:attachment":[{"href":"https:\/\/www.moebel.org\/cms\/wp-json\/wp\/v2\/media?parent=5414"}],"wp:term":[{"taxonomy":"product_brand","embeddable":true,"href":"https:\/\/www.moebel.org\/cms\/wp-json\/wp\/v2\/product_brand?post=5414"},{"taxonomy":"product_cat","embeddable":true,"href":"https:\/\/www.moebel.org\/cms\/wp-json\/wp\/v2\/product_cat?post=5414"},{"taxonomy":"product_tag","embeddable":true,"href":"https:\/\/www.moebel.org\/cms\/wp-json\/wp\/v2\/product_tag?post=5414"}],"curies":[{"name":"wp","href":"https:\/\/api.w.org\/{rel}","templated":true}]}}