{"id":5069,"date":"2022-03-18T23:18:58","date_gmt":"2022-03-18T22:18:58","guid":{"rendered":"https:\/\/www.moebel.org\/cms\/?post_type=product&#038;p=5069"},"modified":"2025-04-30T18:58:50","modified_gmt":"2025-04-30T16:58:50","slug":"bambus-sofa-dreisitzer-couch-mod-java","status":"publish","type":"product","link":"https:\/\/www.moebel.org\/cms\/produkt\/bambus-sofa-dreisitzer-couch-mod-java\/","title":{"rendered":"Bambus-Sofa, Dreisitzer-Couch Mod. &#8220;JAVA&#8221;"},"content":{"rendered":"<p><strong>Bambus-Sofa, Dreisitzer-Couch<\/strong> aus der Sitzgruppe Mod. &#8220;<strong>JAVA<\/strong>&#8221; bzw. &#8220;<strong>JAWA<\/strong>&#8221; .<\/p>\n<p>Rattan-Wicklung als Bambus-Verbindung, handgedrechselte Holzkappen in den Armlehnen, Bambus, Holz und Rattan sind fein geschliffen und transparent (farblos) lackiert.<\/p>\n<p>Auch als <a href=\"https:\/\/www.moebel.org\/cms\/produkt\/bambus-sofa-zweisitzer-couch-mod-java\/\" target=\"_blank\" rel=\"noopener\"><span style=\"color: #d75e11;\">2-Sitzer<\/a> und als <a href=\"https:\/\/www.moebel.org\/cms\/produkt\/bambus-sessel-fauteuil-mod-java\/\" target=\"_blank\" rel=\"noopener\"><span style=\"color: #d75e11;\">Sessel \/ Fauteuil<\/a> erh\u00e4ltlich.<\/p>\n<p>Das JAWA SUPER Sofa 3-Sitzer ist 190 cm lang, 96 cm tief und 70 cm hoch.&nbsp;Sitzkomfort aus Bambus, Polsterung abziehbar, Bambusm\u00f6bel f\u00fcr Wohnzimmer, G\u00e4stezimmer, Kinderzimmer, usw.<\/p>\n<p>Das ist indonesische Handarbeit (Einzelanfertigung), Ausf\u00fchrung und Ma\u00dfe k\u00f6nnen daher variieren.<br \/>\nDie M\u00f6bel selber abzuholen w\u00e4re optimal (weil Abverkauf, keine R\u00fccknahme m\u00f6glich), Lieferung per Spedition ist auch m\u00f6glich.<\/p>\n<p><a href=\"https:\/\/www.moebel.org\/cms\/kontaktformular\/\" target=\"_blank\" rel=\"noopener\"><img loading=\"lazy\" decoding=\"async\" class=\"auto-style1\" src=\"https:\/\/www.moebel.org\/e_mail_bild.jpg\" width=\"111\" height=\"25\"><\/a><\/p>\n<p><a href=\"https:\/\/www.moebel.org\/cms\/kontaktformular\/\" target=\"_blank\" rel=\"noopener\"><strong><span style=\"color: #d75e11;\">Anfrage<\/span><\/strong><\/a><\/p>\n","protected":false},"excerpt":{"rendered":"<p><strong>Bambus-Sofas<\/strong>, Sitzm\u00f6bel f\u00fcr Wohnzimmer, G\u00e4stezimmer, Kinderzimmer.<br \/>\nDie Dreisitzer-Couch aus der Sitzgruppe &#8220;JAVA&#8221;.&nbsp;<\/p>\n<p><a href=\"https:\/\/www.moebel.org\/cms\/kontaktformular\/\" target=\"_blank\" rel=\"noopener\"><strong><span style=\"color: #d75e11;\">Kontakt<\/span><\/strong><\/a><\/p>\n","protected":false},"featured_media":5070,"template":"","meta":{"ngg_post_thumbnail":0},"product_brand":[],"product_cat":[47,73,54],"product_tag":[49,52,133,662,168,353,663,669,169,170,166,165,162,134,172,661,167,175,173,174],"class_list":{"0":"post-5069","1":"product","2":"type-product","3":"status-publish","4":"has-post-thumbnail","6":"product_cat-bambusmoebel-moebel-aus-bambus","7":"product_cat-bambussofas-sofas-sessel-hocker-aus-bambus","8":"product_cat-sofas","9":"product_tag-bambus","10":"product_tag-bambusmoebel","11":"product_tag-couch","12":"product_tag-fredenzimmer","13":"product_tag-gaestezimmer","14":"product_tag-gepolstert","15":"product_tag-hotelzimmer","16":"product_tag-java","17":"product_tag-kinderzimmer","18":"product_tag-moebel","19":"product_tag-polsterung","20":"product_tag-sitzkomfort","21":"product_tag-sitzmoebel","22":"product_tag-sofa","23":"product_tag-sofas","24":"product_tag-wohnlandschaft","25":"product_tag-wohnzimmer","26":"product_tag-wohnzimmercouch","27":"product_tag-wohnzimmermoebel","28":"product_tag-wohnzimmersofa","29":"product_shipping_class-spedition","31":"first","32":"instock","33":"taxable","34":"shipping-taxable","35":"purchasable","36":"product-type-simple"},"_links":{"self":[{"href":"https:\/\/www.moebel.org\/cms\/wp-json\/wp\/v2\/product\/5069","targetHints":{"allow":["GET"]}}],"collection":[{"href":"https:\/\/www.moebel.org\/cms\/wp-json\/wp\/v2\/product"}],"about":[{"href":"https:\/\/www.moebel.org\/cms\/wp-json\/wp\/v2\/types\/product"}],"wp:featuredmedia":[{"embeddable":true,"href":"https:\/\/www.moebel.org\/cms\/wp-json\/wp\/v2\/media\/5070"}],"wp:attachment":[{"href":"https:\/\/www.moebel.org\/cms\/wp-json\/wp\/v2\/media?parent=5069"}],"wp:term":[{"taxonomy":"product_brand","embeddable":true,"href":"https:\/\/www.moebel.org\/cms\/wp-json\/wp\/v2\/product_brand?post=5069"},{"taxonomy":"product_cat","embeddable":true,"href":"https:\/\/www.moebel.org\/cms\/wp-json\/wp\/v2\/product_cat?post=5069"},{"taxonomy":"product_tag","embeddable":true,"href":"https:\/\/www.moebel.org\/cms\/wp-json\/wp\/v2\/product_tag?post=5069"}],"curies":[{"name":"wp","href":"https:\/\/api.w.org\/{rel}","templated":true}]}}