{"id":5063,"date":"2022-03-18T09:09:11","date_gmt":"2022-03-18T08:09:11","guid":{"rendered":"https:\/\/www.moebel.org\/cms\/?post_type=product&#038;p=5063"},"modified":"2024-08-05T14:24:29","modified_gmt":"2024-08-05T12:24:29","slug":"kommode-aus-bambus-mod-komodo","status":"publish","type":"product","link":"https:\/\/www.moebel.org\/cms\/produkt\/kommode-aus-bambus-mod-komodo\/","title":{"rendered":"Kommode aus Bambus, Mod. Komodo"},"content":{"rendered":"<p>Die <strong>Kommode Mod. &#8220;KOMODO&#8221;<\/strong> ist aus Bambus und ein Mehrzweck-Schrank, f\u00fcr Wohnzimmer, (TV-Schrank) Schlafzimmer (W\u00e4scheschrank), Kinderzimmer (Schrank f\u00fcr Spielsachen oder Kleider), G\u00e4stezimmer, Hotelzimmer, usw.<\/p>\n<p>Rahmen aus robustem Bambusrohr, F\u00fcllungen in den T\u00fcren, B\u00f6den und W\u00e4nden aus Bambus-Lamellen. Eine Kommode mit 2 T\u00fcren und 1 Zwischenboden.<\/p>\n<p>Ma\u00dfe 93 x 62 x 72 cm (BxTxH). Das ist indonesische Handarbeit (Einzelanfertigung), Ausf\u00fchrung und Ma\u00dfe k\u00f6nnen daher variieren.<br \/>\nDie M\u00f6bel selber abzuholen w\u00e4re optimal (weil Abverkauf, keine R\u00fccknahme m\u00f6glich), Lieferung per Spedition ist auch m\u00f6glich.<\/p>\n<p><a href=\"https:\/\/www.moebel.org\/cms\/kontaktformular\/\" target=\"_blank\" rel=\"noopener\"><img loading=\"lazy\" decoding=\"async\" class=\"auto-style1\" src=\"https:\/\/www.moebel.org\/e_mail_bild.jpg\" width=\"111\" height=\"25\"><\/a><\/p>\n<p><a href=\"https:\/\/www.moebel.org\/cms\/kontaktformular\/\" target=\"_blank\" rel=\"noopener\"><strong><span style=\"color: #d75e11;\">Anfrage<\/span><\/strong><\/a><\/p>\n","protected":false},"excerpt":{"rendered":"<p>Kommode &#8220;Komodo&#8221;, ein <strong>Schrank aus Bambus<\/strong> f\u00fcr Wohnzimmer, (TV-Schrank) Schlafzimmer (W\u00e4scheschrank), Kinderzimmer (Schrank f\u00fcr Spielsachen oder Kleider), G\u00e4stezimmer, Hotelzimmer, usw.&nbsp;<\/p>\n<p>Kommode Komodo, 2 T\u00fcren, 1 Zwischenboden<\/p>\n<p><a href=\"https:\/\/www.moebel.org\/cms\/kontaktformular\/\" target=\"_blank\" rel=\"noopener\"><strong><span style=\"color: #d75e11;\">Kontakt<\/span><\/strong><\/a><\/p>\n","protected":false},"featured_media":5062,"template":"","meta":{"ngg_post_thumbnail":0},"product_brand":[],"product_cat":[161,47],"product_tag":[784,49,178,52,180,182,176,177,791,170,783,179,181,184,183],"class_list":{"0":"post-5063","1":"product","2":"type-product","3":"status-publish","4":"has-post-thumbnail","6":"product_cat-bambusmoebel-kleiderschraenke-kommoden-nachtkaestchen","7":"product_cat-bambusmoebel-moebel-aus-bambus","8":"product_tag-abverkauf","9":"product_tag-bambus","10":"product_tag-bambuskommode","11":"product_tag-bambusmoebel","12":"product_tag-bambusschrank","13":"product_tag-bambusschraenke","14":"product_tag-kommode","15":"product_tag-kommoden","16":"product_tag-komodo","17":"product_tag-moebel","18":"product_tag-restposten","19":"product_tag-schrank","20":"product_tag-schraenke","21":"product_tag-tv-schrank","22":"product_tag-waescheschrank","23":"product_shipping_class-spedition","25":"first","26":"instock","27":"sale","28":"taxable","29":"shipping-taxable","30":"purchasable","31":"product-type-simple"},"_links":{"self":[{"href":"https:\/\/www.moebel.org\/cms\/wp-json\/wp\/v2\/product\/5063","targetHints":{"allow":["GET"]}}],"collection":[{"href":"https:\/\/www.moebel.org\/cms\/wp-json\/wp\/v2\/product"}],"about":[{"href":"https:\/\/www.moebel.org\/cms\/wp-json\/wp\/v2\/types\/product"}],"wp:featuredmedia":[{"embeddable":true,"href":"https:\/\/www.moebel.org\/cms\/wp-json\/wp\/v2\/media\/5062"}],"wp:attachment":[{"href":"https:\/\/www.moebel.org\/cms\/wp-json\/wp\/v2\/media?parent=5063"}],"wp:term":[{"taxonomy":"product_brand","embeddable":true,"href":"https:\/\/www.moebel.org\/cms\/wp-json\/wp\/v2\/product_brand?post=5063"},{"taxonomy":"product_cat","embeddable":true,"href":"https:\/\/www.moebel.org\/cms\/wp-json\/wp\/v2\/product_cat?post=5063"},{"taxonomy":"product_tag","embeddable":true,"href":"https:\/\/www.moebel.org\/cms\/wp-json\/wp\/v2\/product_tag?post=5063"}],"curies":[{"name":"wp","href":"https:\/\/api.w.org\/{rel}","templated":true}]}}