{"id":4930,"date":"2021-12-12T08:21:30","date_gmt":"2021-12-12T07:21:30","guid":{"rendered":"https:\/\/www.moebel.org\/cms\/?post_type=product&#038;p=4930"},"modified":"2024-06-16T22:48:18","modified_gmt":"2024-06-16T20:48:18","slug":"klapptischgestell-mod-wales-8084600","status":"publish","type":"product","link":"https:\/\/www.moebel.org\/cms\/produkt\/klapptischgestell-mod-wales-8084600\/","title":{"rendered":"Klapptischgestell Mod. Wales-8084600"},"content":{"rendered":"<p align=\"LEFT\"><span class=\"auto-style10\" style=\"font-family: Verdana; font-size: small;\">Ein robustes<strong> Klapptischgestell<\/strong> f\u00fcr Tische die oft wegger\u00e4umt werden m\u00fcssen, <span class=\"auto-style47\">f\u00fcr Tischplatten ab ca. 900 x 700 mm.<\/span><\/span><\/p>\n<p align=\"LEFT\"><span class=\"auto-style10\" style=\"font-family: Verdana; font-size: small;\">D<\/span><span style=\"font-family: Verdana; font-size: small;\"><span class=\"auto-style10\">iese Klapptischgestelle haben <span style=\"font-family: Verdana;\">Kunststoff-Lager, die auch gleichzeitig ein praktischer Stapelschutz sind. <\/span>Gewicht vom Gestell ca. 8 kg, H\u00f6he 700 mm.<\/span><\/span><\/p>\n<p align=\"LEFT\">Standard-Farben sind <strong>S<\/strong><span style=\"font-family: Verdana; font-size: small;\"><strong><span class=\"auto-style10\"><strong>chwarz <\/strong><\/span><\/strong><span class=\"auto-style10\">und <\/span><\/span><span class=\"auto-style10\" style=\"font-family: Verdana; font-size: small;\"><strong>Verchromt<\/strong>, Sonderfarbe nach <strong>RAL<\/strong> m\u00f6glich (lackiert oder pulverbeschichtet), siehe Farbauswahl<span style=\"font-family: Verdana; font-size: small;\"><span class=\"auto-style10\">. Aktuell verursachen Farben nach RAL <strong>30% <\/strong><\/span><\/span><\/span>Aufpreis, <a href=\"https:\/\/www.moebel.org\/cms\/ral-farben-wales\/\" target=\"_blank\" rel=\"noopener\"><strong><span style=\"color: #d75e11;\">Beispiele RAL-Farben<\/span><\/strong><\/a>.<\/p>\n<p align=\"LEFT\">Sie bekommen bei uns auch die passenden <a href=\"https:\/\/www.moebel.org\/tischplatten-tischplatte.htm\" target=\"_blank\" rel=\"noopener\"><strong><span style=\"color: #d75e11;\">Tischplatten<\/span><\/strong><\/a>&nbsp;zum Tischgestell.<\/p>\n<p align=\"LEFT\"><span class=\"auto-style10\" style=\"font-family: Verdana; font-size: small;\"><span style=\"font-family: Verdana; font-size: small;\"><span class=\"auto-style10\">F\u00fcr den Au\u00dfenbereich auch <strong>galvanisch verzinkt<\/strong> (Outdoor-Variante, <a href=\"https:\/\/www.moebel.org\/Klapptische-Klapptischgestelle\/Tische-Klapptische-verzinkt-Klapptisch-Tischplatte-wasserfest-wetterfest-2020_02_24_kl.JPG\" target=\"_blank\" rel=\"noopener\">Beispielfoto hier<\/a>) m\u00f6glich. <\/span><\/span><\/span>Gr\u00f6\u00dfere Mengen, Lieferzeit und Transport auf Palette auf <strong>Anfrage<\/strong>:<\/p>\n<p align=\"LEFT\"><a href=\"https:\/\/www.moebel.org\/cms\/kontaktformular\/\" target=\"_blank\" rel=\"noopener\"><strong><span style=\"color: #d75e11;\">Kontakt<\/span><\/strong><\/a><\/p>\n","protected":false},"excerpt":{"rendered":"<p><strong>Klapptisch-Gestell<\/strong> f\u00fcr Tische ab ca. 900 x 700 mm.<\/p>\n<p>Mit Kunststoff-Lager (= Stapelschutz)<\/p>\n<p>Schwarz, Farbe nach RAL oder technisch verchromt, auf Anfrage auch mit Sonderma\u00df und auch galvanisch verzinkt (Outdoor-Variante).&nbsp;<\/p>\n<p>Tischplatten sind extra zu bestellen.<\/p>\n<p>Gr\u00f6\u00dfere Mengen und Transport auf Palette auf Anfrage:<br \/>\n<a href=\"https:\/\/www.moebel.org\/cms\/kontaktformular\/\" target=\"_blank\" rel=\"noopener\"><strong><span style=\"color: #d75e11;\">Kontakt<\/span><\/strong><\/a><\/p>\n","protected":false},"featured_media":4937,"template":"","meta":{"ngg_post_thumbnail":0},"product_brand":[],"product_cat":[88,62,82],"product_tag":[272,271,208,219,220,225,217,218,226,215,216,222,209,254,221,227,228,229,230,223],"class_list":{"0":"post-4930","1":"product","2":"type-product","3":"status-publish","4":"has-post-thumbnail","6":"product_cat-esstische","7":"product_cat-tische-tischgestelle","8":"product_cat-klapptische-klapptischgestelle","9":"product_tag-chrom","10":"product_tag-eisen","11":"product_tag-farbig","12":"product_tag-gestell","13":"product_tag-gestelle","14":"product_tag-klapptisch","15":"product_tag-klapptisch-gestell","16":"product_tag-klapptisch-gestelle","17":"product_tag-klapptische","18":"product_tag-klapptischgestell","19":"product_tag-klapptischgestelle","20":"product_tag-metall","21":"product_tag-ral","22":"product_tag-schwarz","23":"product_tag-stahl","24":"product_tag-tisch","25":"product_tag-tische","26":"product_tag-tischgestell","27":"product_tag-tischgestelle","28":"product_tag-verchromt","29":"product_shipping_class-paket-xl-bis-gurtmass","31":"first","32":"instock","33":"taxable","34":"shipping-taxable","35":"purchasable","36":"product-type-variable"},"_links":{"self":[{"href":"https:\/\/www.moebel.org\/cms\/wp-json\/wp\/v2\/product\/4930","targetHints":{"allow":["GET"]}}],"collection":[{"href":"https:\/\/www.moebel.org\/cms\/wp-json\/wp\/v2\/product"}],"about":[{"href":"https:\/\/www.moebel.org\/cms\/wp-json\/wp\/v2\/types\/product"}],"wp:featuredmedia":[{"embeddable":true,"href":"https:\/\/www.moebel.org\/cms\/wp-json\/wp\/v2\/media\/4937"}],"wp:attachment":[{"href":"https:\/\/www.moebel.org\/cms\/wp-json\/wp\/v2\/media?parent=4930"}],"wp:term":[{"taxonomy":"product_brand","embeddable":true,"href":"https:\/\/www.moebel.org\/cms\/wp-json\/wp\/v2\/product_brand?post=4930"},{"taxonomy":"product_cat","embeddable":true,"href":"https:\/\/www.moebel.org\/cms\/wp-json\/wp\/v2\/product_cat?post=4930"},{"taxonomy":"product_tag","embeddable":true,"href":"https:\/\/www.moebel.org\/cms\/wp-json\/wp\/v2\/product_tag?post=4930"}],"curies":[{"name":"wp","href":"https:\/\/api.w.org\/{rel}","templated":true}]}}