{"id":4874,"date":"2021-10-16T17:20:49","date_gmt":"2021-10-16T15:20:49","guid":{"rendered":"https:\/\/www.moebel.org\/cms\/?post_type=product&#038;p=4874"},"modified":"2025-07-04T14:03:41","modified_gmt":"2025-07-04T12:03:41","slug":"klapptischgestell-stapelbar-fortissimo-f1-big","status":"publish","type":"product","link":"https:\/\/www.moebel.org\/cms\/produkt\/klapptischgestell-stapelbar-fortissimo-f1-big\/","title":{"rendered":"Klapptischgestell Fortissimo (F1)\u00a0BIG"},"content":{"rendered":"<p><strong>Klapptischgestell<\/strong> stapelbar <strong>&#8220;Fortissimo (F1)&nbsp;BIG&#8221;,<\/strong><\/p>\n<p>identisch mit &#8220;<a style=\"color: #d75e11;\" href=\"https:\/\/www.moebel.org\/cms\/produkt\/klapptischgestell-fortissimo\/\">Fortissimo (F1)<\/a>&#8221; aber mit breiterer Basis (l\u00e4ngeres Rohr), f\u00fcr breitere Tischplatten&nbsp;(f\u00fcr besseren Stand, gegen ein seitliches Umkippen des Tisches).&nbsp;<\/p>\n<p>Brauchen Sie gr\u00f6\u00dfere Mengen?<br \/>\n<a href=\"https:\/\/www.moebel.org\/cms\/kontaktformular\/\" target=\"_blank\" rel=\"noopener\"><strong><span style=\"color: #d75e11;\">Kontakt \/ Anfrage<\/span><\/strong><\/a><\/p>\n","protected":false},"excerpt":{"rendered":"<p>Klapptischgestell <strong>&#8220;Fortissimo (F1) BIG&#8221;,<\/strong> das Gestell f\u00fcr gr\u00f6\u00dfere Klapptische, f\u00fcr Tische die auch stapelbar sind.&nbsp;<\/p>\n<p>Dieses Gestell ist identisch mit <a style=\"color: #d75e11;\" href=\"https:\/\/www.moebel.org\/cms\/produkt\/klapptischgestell-fortissimo\/\">&#8220;Fortissimo (F1)&#8221;<\/a> aber mit breiterer Basis (l\u00e4ngeres Rohr), f\u00fcr breitere Tischplatten (f\u00fcr besseren Stand, gegen ein seitliches Umkippen des Tisches).&nbsp;<\/p>\n<p>Beachten Sie bitte die <strong><a href=\"https:\/\/www.moebel.org\/Klapptische-Klapptischgestelle\/Klapptische-Stabilitaet-klappbare-Tische.htm\" target=\"_blank\" rel=\"noopener\">Hinweise zur Stabilit\u00e4t<\/a><\/strong>!<\/p>\n<p>Brauchen Sie gr\u00f6\u00dfere Mengen?<br \/>\n<a href=\"https:\/\/www.moebel.org\/cms\/kontaktformular\/\" target=\"_blank\" rel=\"noopener\"><strong><span style=\"color: #d75e11;\">Kontakt \/ Anfrage<\/span><\/strong><\/a><\/p>\n","protected":false},"featured_media":4875,"template":"","meta":{"ngg_post_thumbnail":0},"product_brand":[],"product_cat":[88,62,82],"product_tag":[272,271,208,219,220,760,225,217,218,226,215,216,222,381,209,254,221,227,228,229,230,223],"class_list":{"0":"post-4874","1":"product","2":"type-product","3":"status-publish","4":"has-post-thumbnail","6":"product_cat-esstische","7":"product_cat-tische-tischgestelle","8":"product_cat-klapptische-klapptischgestelle","9":"product_tag-chrom","10":"product_tag-eisen","11":"product_tag-farbig","12":"product_tag-gestell","13":"product_tag-gestelle","14":"product_tag-klappgestell","15":"product_tag-klapptisch","16":"product_tag-klapptisch-gestell","17":"product_tag-klapptisch-gestelle","18":"product_tag-klapptische","19":"product_tag-klapptischgestell","20":"product_tag-klapptischgestelle","21":"product_tag-metall","22":"product_tag-metallgestell","23":"product_tag-ral","24":"product_tag-schwarz","25":"product_tag-stahl","26":"product_tag-tisch","27":"product_tag-tische","28":"product_tag-tischgestell","29":"product_tag-tischgestelle","30":"product_tag-verchromt","31":"product_shipping_class-paket-xl-bis-gurtmass","33":"first","34":"instock","35":"taxable","36":"shipping-taxable","37":"purchasable","38":"product-type-variable"},"_links":{"self":[{"href":"https:\/\/www.moebel.org\/cms\/wp-json\/wp\/v2\/product\/4874","targetHints":{"allow":["GET"]}}],"collection":[{"href":"https:\/\/www.moebel.org\/cms\/wp-json\/wp\/v2\/product"}],"about":[{"href":"https:\/\/www.moebel.org\/cms\/wp-json\/wp\/v2\/types\/product"}],"wp:featuredmedia":[{"embeddable":true,"href":"https:\/\/www.moebel.org\/cms\/wp-json\/wp\/v2\/media\/4875"}],"wp:attachment":[{"href":"https:\/\/www.moebel.org\/cms\/wp-json\/wp\/v2\/media?parent=4874"}],"wp:term":[{"taxonomy":"product_brand","embeddable":true,"href":"https:\/\/www.moebel.org\/cms\/wp-json\/wp\/v2\/product_brand?post=4874"},{"taxonomy":"product_cat","embeddable":true,"href":"https:\/\/www.moebel.org\/cms\/wp-json\/wp\/v2\/product_cat?post=4874"},{"taxonomy":"product_tag","embeddable":true,"href":"https:\/\/www.moebel.org\/cms\/wp-json\/wp\/v2\/product_tag?post=4874"}],"curies":[{"name":"wp","href":"https:\/\/api.w.org\/{rel}","templated":true}]}}