{"id":4827,"date":"2021-09-17T15:41:39","date_gmt":"2021-09-17T13:41:39","guid":{"rendered":"https:\/\/www.moebel.org\/cms\/?post_type=product&#038;p=4827"},"modified":"2025-02-24T09:32:01","modified_gmt":"2025-02-24T08:32:01","slug":"franziska_mm2016_singlefoot-stadionsitz","status":"publish","type":"product","link":"https:\/\/www.moebel.org\/cms\/produkt\/franziska_mm2016_singlefoot-stadionsitz\/","title":{"rendered":"Franziska_MM2016 Singlefoot, Stadion-Klappsitz"},"content":{"rendered":"<h1>Stadion-Klappsitz &#8220;Franziska_MM2016_Singlefoot&#8221;.<\/h1>\n<p>Der Klappsitz f\u00fcr Sportst\u00e4tten aller Art, indoor und outdoor, f\u00fcr Hallen und Stadien, f\u00fcr die Montage einzeln am Boden.&nbsp;<\/p>\n<p>Dieser Sitz hat 4 Befestigungspunkte, das Stahlrohr (bzw. Formrohr \/ Vierkantrohr) liegt auf einem robusten Bein. Die Montage einzeln am Boden erlaubt <strong>individuelle Anordnung<\/strong> der Sitze, z. B. im Business- oder VIP-Bereich vom Stadion (auch Bodenmontage kreisf\u00f6rmig). Der Oberteil (die R\u00fcckenlehne und die Sitzfl\u00e4che) gibt es auch gepolstert und mit Firmenlogo im Kunstleder (Schrift, Logo vom Verein, Vereinswappen).&nbsp;<\/p>\n<p>Optional sind auch Nummerierung der Sitze und der Sitzreihen, QR-Code, Armlehnen (auch abklappbare), Armlehnen mit Becherhalter oder mit Schreibablage. Bei Verwendung von Armlehnen braucht man am Ende einer jeden Sitzreihe 1 Armlehne extra, als Abschluss der Reihe. Wahlweise&nbsp; 1 oder 2 Armlehnen Zwischen den einzelnen Sitzen.<\/p>\n<p>Der Preis ist ein <strong>Richtpreis<\/strong> (f\u00fcr Muster und Kleinmengen)! Ein einzelner Sitz kann auf Anfrage auch per <span style=\"color: #00ccff;\"><strong>Paketdienst<\/strong> <\/span>geliefert werden, bei mehreren Sitzen muss der Versand per <span style=\"color: #00ccff;\"><strong>Spedition <\/strong>(auf Palette)<\/span> stattfinden. Gr\u00f6\u00dfere Mengen und Transport per Spedition auf Anfrage:&nbsp;<br \/>\n<a href=\"https:\/\/www.moebel.org\/cms\/kontaktformular\/\" target=\"_blank\" rel=\"noopener\"><strong><span style=\"color: #d75e11;\">Kontakt<\/span><\/strong><\/a><\/p>\n<p>| <a href=\"https:\/\/www.moebel.org\/cms\/produkt-kategorie\/stadionsitze\/klappsitze\/\" target=\"_top\" rel=\"noopener\"><strong><span style=\"color: #d75e11;\">Klappsitze<\/span><\/strong><\/a> | <a href=\"https:\/\/www.moebel.org\/cms\/produkt-kategorie\/stadionsitze\/schalensitze\/\" target=\"_top\" rel=\"noopener\"><strong><span style=\"color: #d75e11;\">Schalensitze<\/span><\/strong><\/a> | <a href=\"https:\/\/www.moebel.org\/cms\/shop\/\" target=\"_top\" rel=\"noopener\"><strong><span style=\"color: #d75e11;\">Shop Startseite<\/span><\/strong><\/a> |<\/p>\n","protected":false},"excerpt":{"rendered":"<p><strong>Klappsitze<\/strong> f\u00fcr innen und au\u00dfen, Einzelsitz mit 1 Bein (mit 4 Montagepunkten).<\/p>\n<p>Sitz auf Mittelfu\u00df, f\u00fcr Montage (indoor oder outdoor) einzeln am Boden, ein variabler Sitz f\u00fcr Sportstadien, Sporthallen, Wartezonen beim Arzt oder im Krankenhaus, f\u00fcr Fu\u00dfballpl\u00e4tze, Tennispl\u00e4tze und alle anderen Sportpl\u00e4tze und Hallen.&nbsp;<\/p>\n<p><strong>Richtpreis<\/strong> (f\u00fcr Muster und Kleinmengen)!<\/p>\n<p>Gr\u00f6\u00dfere Mengen und Transport per Spedition auf Anfrage:&nbsp;<br \/>\n<a href=\"https:\/\/www.moebel.org\/cms\/kontaktformular\/\" target=\"_blank\" rel=\"noopener\"><strong><span style=\"color: #d75e11;\">Kontakt<\/span><\/strong><\/a><\/p>\n","protected":false},"featured_media":4844,"template":"","meta":{"ngg_post_thumbnail":0},"product_brand":[],"product_cat":[75,72],"product_tag":[147,152,277,273,274,158,156,151,210,143,153,144,148,154,146,145,275,276,278,140,141,155,142,157],"class_list":{"0":"post-4827","1":"product","2":"type-product","3":"status-publish","4":"has-post-thumbnail","6":"product_cat-klappsitze","7":"product_cat-stadionsitze","8":"product_tag-fussballplatz","9":"product_tag-fussballplaetze","10":"product_tag-klappbar","11":"product_tag-klappsitz","12":"product_tag-klappsitze","13":"product_tag-nachhaltigkeit","14":"product_tag-recycling","15":"product_tag-sitz","16":"product_tag-sitze","17":"product_tag-sitze-fuer-sportstaetten","18":"product_tag-sporthalle","19":"product_tag-sporthallen","20":"product_tag-sportplatz","21":"product_tag-sportplaetze","22":"product_tag-stadien","23":"product_tag-stadion","24":"product_tag-stadion-klappsitz","25":"product_tag-stadion-klappsitze","26":"product_tag-stadionbestuhlung","27":"product_tag-stadionsitz","28":"product_tag-stadionsitze","29":"product_tag-tribuenensitz","30":"product_tag-tribuenensitze","31":"product_tag-umweltschutz","32":"product_shipping_class-spedition","34":"first","35":"onbackorder","36":"taxable","37":"shipping-taxable","38":"purchasable","39":"product-type-variable"},"_links":{"self":[{"href":"https:\/\/www.moebel.org\/cms\/wp-json\/wp\/v2\/product\/4827","targetHints":{"allow":["GET"]}}],"collection":[{"href":"https:\/\/www.moebel.org\/cms\/wp-json\/wp\/v2\/product"}],"about":[{"href":"https:\/\/www.moebel.org\/cms\/wp-json\/wp\/v2\/types\/product"}],"wp:featuredmedia":[{"embeddable":true,"href":"https:\/\/www.moebel.org\/cms\/wp-json\/wp\/v2\/media\/4844"}],"wp:attachment":[{"href":"https:\/\/www.moebel.org\/cms\/wp-json\/wp\/v2\/media?parent=4827"}],"wp:term":[{"taxonomy":"product_brand","embeddable":true,"href":"https:\/\/www.moebel.org\/cms\/wp-json\/wp\/v2\/product_brand?post=4827"},{"taxonomy":"product_cat","embeddable":true,"href":"https:\/\/www.moebel.org\/cms\/wp-json\/wp\/v2\/product_cat?post=4827"},{"taxonomy":"product_tag","embeddable":true,"href":"https:\/\/www.moebel.org\/cms\/wp-json\/wp\/v2\/product_tag?post=4827"}],"curies":[{"name":"wp","href":"https:\/\/api.w.org\/{rel}","templated":true}]}}