{"id":4766,"date":"2021-07-03T09:48:40","date_gmt":"2021-07-03T07:48:40","guid":{"rendered":"https:\/\/www.moebel.org\/cms\/?post_type=product&#038;p=4766"},"modified":"2023-12-25T20:45:31","modified_gmt":"2023-12-25T19:45:31","slug":"barhockergestell-wales-469-02","status":"publish","type":"product","link":"https:\/\/www.moebel.org\/cms\/produkt\/barhockergestell-wales-469-02\/","title":{"rendered":"Barhocker, Barhockergestell Mod. &#8220;Wales-469&#8221;"},"content":{"rendered":"<p><strong>Barhockergestell<\/strong> Mod. &#8220;<strong>Wales-469<\/strong>&#8221; aus Stahl, mit Fu\u00dfring bzw Fu\u00dfst\u00fctze. Ein Gestell ohne Sitz, f\u00fcr <strong>Barhocker \/ Tresenhocker<\/strong>.&nbsp;<\/p>\n<p>Farben: Schwarz und Wei\u00dfaluminium (RAL 9006).<\/p>\n<p>Die Teile f\u00fcr diese Barhocker sind zerlegt lagernd und werden nach Bestellung entsprechend beschichtet bzw. lackiert,<br \/>\n<strong>Lieferzeit<\/strong> 1 bis 4 Wochen.&nbsp;<\/p>\n<p>Sitze sind extra zu bestellen.&nbsp;<\/p>\n<p>Bei diesen Modellen sind die <strong>Einzelteile lagernd,<\/strong> diese m\u00fcssen noch beschichtet und zusammengebaut werden. Lieferzeit auf <a href=\"https:\/\/www.moebel.org\/cms\/kontaktformular\/\" target=\"_blank\" rel=\"noopener\"><strong><span style=\"color: #d75e11;\">Anfrage<\/span><\/strong><\/a> (mengenabh\u00e4ngig).<\/p>\n<p><strong>Sitze<\/strong> f\u00fcr die Barhocker finden Sie <a href=\"https:\/\/www.moebel.org\/cms\/produkt-kategorie\/barhocker\/barhockersitze\/\" target=\"_blank\" rel=\"noopener\"><strong><span style=\"color: #d75e11;\">hier<\/span><\/strong><\/a>! (Holz, Leder, Kunstleder, Stoff, &#8230;)! Sonderanfertigungen sind bei den Sitzen auch m\u00f6glich.<\/p>\n<p>M\u00f6bel Mitter, Ihr <a href=\"https:\/\/www.moebel.org\/cms\/kontaktformular\/\" target=\"_blank\" rel=\"noopener\"><strong><span style=\"color: #d75e11;\">Kontakt<\/span><\/strong><\/a> f\u00fcr Barhocker \/ Tresenhocker \/ Barst\u00fchle \/ M\u00f6bel aller Art, f\u00fcr die Gastronomie und f\u00fcr zu Hause.&nbsp;E-Mail bitte an:<\/p>\n<p><a href=\"https:\/\/www.moebel.org\/cms\/kontaktformular\/\" target=\"_blank\" rel=\"noopener\"><img loading=\"lazy\" decoding=\"async\" class=\"auto-style1\" src=\"https:\/\/www.moebel.org\/e_mail_bild.jpg\" width=\"147\" height=\"33\"><\/a><\/p>\n","protected":false},"excerpt":{"rendered":"<p><strong>Gestell<\/strong> f\u00fcr <strong>Barhocker <\/strong>bzw. <strong>Tresenhocker.&nbsp;<\/strong><\/p>\n<p>Mod. &#8220;Wales-469&#8221; aus Stahl, mit Fu\u00dfring bzw Fu\u00dfst\u00fctze. Ein Gestell f\u00fcr <strong>Barhocker<\/strong>.&nbsp;<br \/>\nPreis f\u00fcr gr\u00f6\u00dfere Mengen auf Anfrage:&nbsp;<br \/>\n<a href=\"https:\/\/www.moebel.org\/cms\/kontaktformular\/\" target=\"_blank\" rel=\"noopener\"><strong><span style=\"color: #d75e11;\">Kontakt<\/span><\/strong><\/a><\/p>\n","protected":false},"featured_media":4772,"template":"","meta":{"ngg_post_thumbnail":0},"product_brand":[],"product_cat":[69,57],"product_tag":[625,366,199,740,626,627,440,441,732,733,363,367,743,368,744,624,208,742,642,631,643,214,219,220,211,279,369,629,370,222,170,741,364,209,628,365,212,632,254,165,162,221,200,520],"class_list":{"0":"post-4766","1":"product","2":"type-product","3":"status-publish","4":"has-post-thumbnail","6":"product_cat-metallbarhocker","7":"product_cat-barhocker","8":"product_tag-625","9":"product_tag-bar","10":"product_tag-barhocker","11":"product_tag-barhocker-tresenhocker","12":"product_tag-barhocker-gestell","13":"product_tag-barhocker-gestelle","14":"product_tag-barhockergestell","15":"product_tag-barhockergestelle","16":"product_tag-barstuhl","17":"product_tag-barstuehle","18":"product_tag-beschichtet","19":"product_tag-bistro","20":"product_tag-bistros","21":"product_tag-cafe","22":"product_tag-cafes","23":"product_tag-farbe","24":"product_tag-farbig","25":"product_tag-fuer-bars","26":"product_tag-fussraster","27":"product_tag-fussring","28":"product_tag-fussstuetze","29":"product_tag-gastronomie","30":"product_tag-gestell","31":"product_tag-gestelle","32":"product_tag-hocker","33":"product_tag-hotellerie","34":"product_tag-kaffeehaus","35":"product_tag-kaufen","36":"product_tag-lokal","37":"product_tag-metall","38":"product_tag-moebel","39":"product_tag-moebel-fuer-die-gastronomie","40":"product_tag-pulverbeschichtet","41":"product_tag-ral","42":"product_tag-ral-farbe","43":"product_tag-restaurant","44":"product_tag-rund","45":"product_tag-saeule","46":"product_tag-schwarz","47":"product_tag-sitzkomfort","48":"product_tag-sitzmoebel","49":"product_tag-stahl","50":"product_tag-tresenhocker","51":"product_tag-weissaluminium","52":"product_shipping_class-spedition","54":"first","55":"instock","56":"taxable","57":"shipping-taxable","58":"purchasable","59":"product-type-variable"},"_links":{"self":[{"href":"https:\/\/www.moebel.org\/cms\/wp-json\/wp\/v2\/product\/4766","targetHints":{"allow":["GET"]}}],"collection":[{"href":"https:\/\/www.moebel.org\/cms\/wp-json\/wp\/v2\/product"}],"about":[{"href":"https:\/\/www.moebel.org\/cms\/wp-json\/wp\/v2\/types\/product"}],"wp:featuredmedia":[{"embeddable":true,"href":"https:\/\/www.moebel.org\/cms\/wp-json\/wp\/v2\/media\/4772"}],"wp:attachment":[{"href":"https:\/\/www.moebel.org\/cms\/wp-json\/wp\/v2\/media?parent=4766"}],"wp:term":[{"taxonomy":"product_brand","embeddable":true,"href":"https:\/\/www.moebel.org\/cms\/wp-json\/wp\/v2\/product_brand?post=4766"},{"taxonomy":"product_cat","embeddable":true,"href":"https:\/\/www.moebel.org\/cms\/wp-json\/wp\/v2\/product_cat?post=4766"},{"taxonomy":"product_tag","embeddable":true,"href":"https:\/\/www.moebel.org\/cms\/wp-json\/wp\/v2\/product_tag?post=4766"}],"curies":[{"name":"wp","href":"https:\/\/api.w.org\/{rel}","templated":true}]}}