{"id":4739,"date":"2021-06-04T06:24:28","date_gmt":"2021-06-04T04:24:28","guid":{"rendered":"https:\/\/www.moebel.org\/cms\/?post_type=product&#038;p=4739"},"modified":"2025-02-24T09:32:42","modified_gmt":"2025-02-24T08:32:42","slug":"klappsitze-als-bank-mod-franziska_mm2016_traverse","status":"publish","type":"product","link":"https:\/\/www.moebel.org\/cms\/produkt\/klappsitze-als-bank-mod-franziska_mm2016_traverse\/","title":{"rendered":"Franziska_MM2016 auf Traverse, Klappsitze als Bank"},"content":{"rendered":"<h1>Klappsitze als Bank, Mod. &#8220;Franziska MM2016_Traverse&#8221;.<\/h1>\n<p>Bank mit 2, 3 oder 4 Klappsitzen, als Spielerbank, Trainerbank oder als Bank f\u00fcr Zuseher im Stadion, Sitze f\u00fcr wartende Patienten in der Arztpraxis, im Krankenhaus, in einer Wartezone bzw. in einem Warteraum.<\/p>\n<p>Der Preis ist pro Sitzplatz und <strong>ohne<\/strong> Armlehnen. Zwischen den Sitzen k\u00f6nnen je 1 oder je 2 Armlehnen bestellt werden (Armlehnen kosten extra, 11,70 + MwSt. \/ Stk.). Falls zwischen den einzelnen Sitzen nur 1 Armlehne montiert wird, braucht man am Ende jeder Sitzreihe 1 Armlehne extra (als Abschluss f\u00fcr die Reihe).<\/p>\n<p>Diese B\u00e4nke sind f\u00fcr Bodenmontage, andere Varianten siehe Fotos bzw. Shop.<\/p>\n<p>M\u00f6gliche <a href=\"https:\/\/www.moebel.org\/cms\/wp-content\/uploads\/Franziska_MM2016-Farben.jpg\" target=\"_blank\" rel=\"noopener\"><strong><span style=\"color: #d75e11;\">Farben der Sitze.<\/span><\/strong><\/a><\/p>\n<p><strong>Optionen<\/strong>: Polsterung mit \u00d6koleder bzw. Kunstleder, Armlehnen, QR.Code, Nummern (Sitzplatz-Nummerierung), usw.<\/p>\n<p>Der Preis ist ein <strong>Richtpreis<\/strong> (f\u00fcr Muster und Kleinmengen)! Ein einzelner Sitz kann auf Anfrage auch per <span style=\"color: #00ccff;\"><strong>Paketdienst<\/strong> <\/span>geliefert werden, bei mehreren Sitzen muss der Versand per <span style=\"color: #00ccff;\"><strong>Spedition <\/strong>(auf Palette)<\/span> stattfinden.&nbsp;Gr\u00f6\u00dfere Mengen und Transport auf Anfrage:<br \/>\n<a href=\"https:\/\/www.moebel.org\/cms\/kontaktformular\/\" target=\"_blank\" rel=\"noopener\"><strong><span style=\"color: #d75e11;\">Kontakt<\/span><\/strong><\/a><\/p>\n<p>| <a href=\"https:\/\/www.moebel.org\/cms\/produkt-kategorie\/stadionsitze\/klappsitze\/\" target=\"_top\" rel=\"noopener\"><strong><span style=\"color: #d75e11;\">Klappsitze<\/span><\/strong><\/a> | <a href=\"https:\/\/www.moebel.org\/cms\/produkt-kategorie\/stadionsitze\/schalensitze\/\" target=\"_top\" rel=\"noopener\"><strong><span style=\"color: #d75e11;\">Schalensitze<\/span><\/strong><\/a> | <a href=\"https:\/\/www.moebel.org\/cms\/shop\/\" target=\"_top\" rel=\"noopener\"><strong><span style=\"color: #d75e11;\">Shop Startseite<\/span><\/strong><\/a> |<\/p>\n","protected":false},"excerpt":{"rendered":"<p><strong>Klappsitze auf Traverse<\/strong> (Formrohr).<\/p>\n<p>Bank mit 2, 3 oder 4 Klappsitzen, als Spielerbank, Trainerbank oder als Bank f\u00fcr Zuseher im Stadion.&nbsp;<\/p>\n<p><strong>Richtpreis pro Sitz<\/strong> und f\u00fcr Muster und Kleinmengen (falls lagernd)! Gr\u00f6\u00dfere Mengen und Transport&nbsp;auf Anfrage:&nbsp;<br \/>\n<a href=\"https:\/\/www.moebel.org\/cms\/kontaktformular\/\" target=\"_blank\" rel=\"noopener\"><strong><span style=\"color: #d75e11;\">Kontakt<\/span><\/strong><\/a><\/p>\n","protected":false},"featured_media":4754,"template":"","meta":{"ngg_post_thumbnail":0},"product_brand":[],"product_cat":[75,72],"product_tag":[650,386,286,284,147,152,277,273,274,653,651,281,282,158,156,151,210,143,153,144,148,154,146,145,275,276,278,140,141,285,155,142,157,387,655,654,652],"class_list":{"0":"post-4739","1":"product","2":"type-product","3":"status-publish","4":"has-post-thumbnail","6":"product_cat-klappsitze","7":"product_cat-stadionsitze","8":"product_tag-arztpraxen","9":"product_tag-arztpraxis","10":"product_tag-bank","11":"product_tag-bodenmontage","12":"product_tag-fussballplatz","13":"product_tag-fussballplaetze","14":"product_tag-klappbar","15":"product_tag-klappsitz","16":"product_tag-klappsitze","17":"product_tag-krankenhaus","18":"product_tag-krankenhaeuser","19":"product_tag-kunststoff","20":"product_tag-montage","21":"product_tag-nachhaltigkeit","22":"product_tag-recycling","23":"product_tag-sitz","24":"product_tag-sitze","25":"product_tag-sitze-fuer-sportstaetten","26":"product_tag-sporthalle","27":"product_tag-sporthallen","28":"product_tag-sportplatz","29":"product_tag-sportplaetze","30":"product_tag-stadien","31":"product_tag-stadion","32":"product_tag-stadion-klappsitz","33":"product_tag-stadion-klappsitze","34":"product_tag-stadionbestuhlung","35":"product_tag-stadionsitz","36":"product_tag-stadionsitze","37":"product_tag-traverse","38":"product_tag-tribuenensitz","39":"product_tag-tribuenensitze","40":"product_tag-umweltschutz","41":"product_tag-warteraum","42":"product_tag-warteraeume","43":"product_tag-wartezone","44":"product_tag-wartezonen","45":"product_shipping_class-spedition","47":"first","48":"instock","49":"taxable","50":"shipping-taxable","51":"purchasable","52":"product-type-variable"},"_links":{"self":[{"href":"https:\/\/www.moebel.org\/cms\/wp-json\/wp\/v2\/product\/4739","targetHints":{"allow":["GET"]}}],"collection":[{"href":"https:\/\/www.moebel.org\/cms\/wp-json\/wp\/v2\/product"}],"about":[{"href":"https:\/\/www.moebel.org\/cms\/wp-json\/wp\/v2\/types\/product"}],"wp:featuredmedia":[{"embeddable":true,"href":"https:\/\/www.moebel.org\/cms\/wp-json\/wp\/v2\/media\/4754"}],"wp:attachment":[{"href":"https:\/\/www.moebel.org\/cms\/wp-json\/wp\/v2\/media?parent=4739"}],"wp:term":[{"taxonomy":"product_brand","embeddable":true,"href":"https:\/\/www.moebel.org\/cms\/wp-json\/wp\/v2\/product_brand?post=4739"},{"taxonomy":"product_cat","embeddable":true,"href":"https:\/\/www.moebel.org\/cms\/wp-json\/wp\/v2\/product_cat?post=4739"},{"taxonomy":"product_tag","embeddable":true,"href":"https:\/\/www.moebel.org\/cms\/wp-json\/wp\/v2\/product_tag?post=4739"}],"curies":[{"name":"wp","href":"https:\/\/api.w.org\/{rel}","templated":true}]}}