{"id":4716,"date":"2021-06-02T11:58:12","date_gmt":"2021-06-02T09:58:12","guid":{"rendered":"https:\/\/www.moebel.org\/cms\/?post_type=product&#038;p=4716"},"modified":"2026-03-25T14:32:54","modified_gmt":"2026-03-25T13:32:54","slug":"klappsitze-fuer-stadien-mod-franziska_mm2016_legs","status":"publish","type":"product","link":"https:\/\/www.moebel.org\/cms\/produkt\/klappsitze-fuer-stadien-mod-franziska_mm2016_legs\/","title":{"rendered":"Franziska_MM2016 Legs, Stadion-Klappsitze"},"content":{"rendered":"<h1>Stadionsitze Mod. &#8220;Franziska_MM2016_Legs&#8221;.<\/h1>\n<p>Klappsitze f\u00fcr Sportpl\u00e4tze, Sporthallen und Stadien f\u00fcr die Montage am Boden (die Variante dieses Modells mit 2 Beinen).<\/p>\n<p>Dieser Sitz ist <strong>platzsparend<\/strong>, er braucht ganz wenig Platz (mit hochgeklapptem Sitz nur ca. 10 cm in der Tiefe) und er ist so auch optimal f\u00fcr einen Warteraum in der Arztpraxis oder im Krankenhaus, speziell in engen G\u00e4ngen, d. h. wenn selbiger schmal ist.<\/p>\n<p>Als Stadionsitz passt er nat\u00fcrlich in jeder Sportst\u00e4tte, sowohl im Freien als auch drinnen, in der Halle. Optimal also f\u00fcr die Sporthalle, die Trib\u00fcne, das Stadion, den Fu\u00dfballplatz, den Tennisplatz und f\u00fcr praktisch jeden anderen Sportplatz.<\/p>\n<p>Optionen:<\/p>\n<p>Polsterung mit \u00d6koleder bzw. Kunstleder (f\u00fcr Business-Bereich und f\u00fcr den VIP-Club im Stadion), Armlehnen, QR-Code, usw.<\/p>\n<p>Siehe Varianten.<\/p>\n<p>Der Preis ist ein <strong>Richtpreis<\/strong> (f\u00fcr Muster und Kleinmengen)! Ein einzelner Sitz kann auf Anfrage auch per <span style=\"color: #00ccff;\"><strong>Paketdienst<\/strong> <\/span>geliefert werden, bei mehreren Sitzen muss der Versand per <span style=\"color: #00ccff;\"><strong>Spedition <\/strong>(auf Palette)<\/span> stattfinden.&nbsp;Gr\u00f6\u00dfere Mengen und Transport per Spedition auf Anfrage:<br \/>\n<a href=\"https:\/\/www.moebel.org\/cms\/kontaktformular\/\" target=\"_blank\" rel=\"noopener\"><strong><span style=\"color: #d75e11;\">Kontakt<\/span><\/strong><\/a><\/p>\n<p>| <a href=\"https:\/\/www.moebel.org\/cms\/produkt-kategorie\/stadionsitze\/klappsitze\/\" target=\"_top\" rel=\"noopener\"><strong><span style=\"color: #d75e11;\">Klappsitze<\/span><\/strong><\/a> | <a href=\"https:\/\/www.moebel.org\/cms\/produkt-kategorie\/stadionsitze\/schalensitze\/\" target=\"_top\" rel=\"noopener\"><strong><span style=\"color: #d75e11;\">Schalensitze<\/span><\/strong><\/a> | <a href=\"https:\/\/www.moebel.org\/cms\/shop\/\" target=\"_top\" rel=\"noopener\"><strong><span style=\"color: #d75e11;\">Shop Startseite<\/span><\/strong><\/a> |<\/p>\n","protected":false},"excerpt":{"rendered":"<p><strong>Klappsitz<\/strong> f\u00fcr innen und au\u00dfen, Einzelsitz mit 2 Beinen. &nbsp;<\/p>\n<p>Ein Sitz f\u00fcr Stadien, Sporthallen, Arztpraxen, Krankenh\u00e4user, Wartebereiche, Warter\u00e4ume, Fu\u00dfballpl\u00e4tze, Tennispl\u00e4tze und Sportpl\u00e4tze aller Art. Platzsparend!&nbsp;<\/p>\n<p>Wenn Wandmontage nicht m\u00f6glich oder nicht gewollt ist, ist Bodenmontage die L\u00f6sung.<\/p>\n<p><strong>Richtpreis <\/strong>(f\u00fcr Muster und Kleinmengen) ohne Optionen!<\/p>\n<p>Gr\u00f6\u00dfere Mengen und Transport per Spedition auf Anfrage:&nbsp;<a href=\"https:\/\/www.moebel.org\/cms\/kontaktformular\/\" target=\"_blank\" rel=\"noopener\"><strong><span style=\"color: #d75e11;\">Kontakt<\/span><\/strong><\/a><\/p>\n","protected":false},"featured_media":4726,"template":"","meta":{"ngg_post_thumbnail":0},"product_brand":[],"product_cat":[75,72],"product_tag":[284,147,152,277,273,274,281,282,158,156,151,210,143,153,144,148,154,146,145,275,276,278,140,141,155,142,157],"class_list":{"0":"post-4716","1":"product","2":"type-product","3":"status-publish","4":"has-post-thumbnail","6":"product_cat-klappsitze","7":"product_cat-stadionsitze","8":"product_tag-bodenmontage","9":"product_tag-fussballplatz","10":"product_tag-fussballplaetze","11":"product_tag-klappbar","12":"product_tag-klappsitz","13":"product_tag-klappsitze","14":"product_tag-kunststoff","15":"product_tag-montage","16":"product_tag-nachhaltigkeit","17":"product_tag-recycling","18":"product_tag-sitz","19":"product_tag-sitze","20":"product_tag-sitze-fuer-sportstaetten","21":"product_tag-sporthalle","22":"product_tag-sporthallen","23":"product_tag-sportplatz","24":"product_tag-sportplaetze","25":"product_tag-stadien","26":"product_tag-stadion","27":"product_tag-stadion-klappsitz","28":"product_tag-stadion-klappsitze","29":"product_tag-stadionbestuhlung","30":"product_tag-stadionsitz","31":"product_tag-stadionsitze","32":"product_tag-tribuenensitz","33":"product_tag-tribuenensitze","34":"product_tag-umweltschutz","35":"product_shipping_class-spedition","37":"first","38":"onbackorder","39":"taxable","40":"shipping-taxable","41":"purchasable","42":"product-type-variable"},"_links":{"self":[{"href":"https:\/\/www.moebel.org\/cms\/wp-json\/wp\/v2\/product\/4716","targetHints":{"allow":["GET"]}}],"collection":[{"href":"https:\/\/www.moebel.org\/cms\/wp-json\/wp\/v2\/product"}],"about":[{"href":"https:\/\/www.moebel.org\/cms\/wp-json\/wp\/v2\/types\/product"}],"wp:featuredmedia":[{"embeddable":true,"href":"https:\/\/www.moebel.org\/cms\/wp-json\/wp\/v2\/media\/4726"}],"wp:attachment":[{"href":"https:\/\/www.moebel.org\/cms\/wp-json\/wp\/v2\/media?parent=4716"}],"wp:term":[{"taxonomy":"product_brand","embeddable":true,"href":"https:\/\/www.moebel.org\/cms\/wp-json\/wp\/v2\/product_brand?post=4716"},{"taxonomy":"product_cat","embeddable":true,"href":"https:\/\/www.moebel.org\/cms\/wp-json\/wp\/v2\/product_cat?post=4716"},{"taxonomy":"product_tag","embeddable":true,"href":"https:\/\/www.moebel.org\/cms\/wp-json\/wp\/v2\/product_tag?post=4716"}],"curies":[{"name":"wp","href":"https:\/\/api.w.org\/{rel}","templated":true}]}}