{"id":4684,"date":"2021-06-01T15:54:22","date_gmt":"2021-06-01T13:54:22","guid":{"rendered":"https:\/\/www.moebel.org\/cms\/?post_type=product&#038;p=4684"},"modified":"2025-06-14T17:37:33","modified_gmt":"2025-06-14T15:37:33","slug":"klappsitze-mod-franziska_mm2016-fronte","status":"publish","type":"product","link":"https:\/\/www.moebel.org\/cms\/produkt\/klappsitze-mod-franziska_mm2016-fronte\/","title":{"rendered":"Klappsitze Mod. &#8220;Franziska_MM2016 Fronte&#8221;"},"content":{"rendered":"<h1>Klappsitz Mod. &#8220;Franziska_MM2016_Fronte&#8221;.<\/h1>\n<p><strong>Stadion-Klappsitz<\/strong> f\u00fcr die Montage an der Vorderseite der Stufe (am senkrechten Teil der Stadionstufe) oder f\u00fcr Wandmontage im Wartebereich.<\/p>\n<p>Ein vielf\u00e4ltig einsetzbarer Sitz, sch\u00f6n verarbeitet und robust. Ideal f\u00fcr Warter\u00e4ume in Arztpraxen oder Krankenh\u00e4usern, f\u00fcr Sportst\u00e4tten <strong>indoor<\/strong> und <strong>outdoor. <\/strong>&nbsp;<\/p>\n<p>Der Sitz braucht wenig Platz (Tiefe ohne Armlehnen nur ca. 10 cm) und er eignet sich daher besonders gut f\u00fcr enge G\u00e4nge im Krankenhaus bzw. Spital (Wartezonen), in Schulen, Sporthallen und Stadien, f\u00fcr Fu\u00dfballpl\u00e4tze, Tennispl\u00e4tze, Trib\u00fcnen und f\u00fcr Sportpl\u00e4tze aller Art.&nbsp;<\/p>\n<p>Diese Klappsitze gibt es auch <a href=\"https:\/\/www.moebel.org\/cms\/wp-content\/uploads\/Stadion-Klappsitz-Franziska_MM2016_Fronte-gepolstert-Armlehnen-VIP-Business.jpg\">mit \u00d6ko-Leder bzw. Kunstleder gepolstert<\/a>, z. B. f\u00fcr Business-Bereiche im Sportstadion bzw. f\u00fcr den VIP-Bereich. Gegen Aufpreis mit Armlehnen, <a href=\"https:\/\/www.moebel.org\/cms\/wp-content\/uploads\/QR-Code-am-Stadionsitz.jpg\">QR-Code<\/a> und auch f\u00fcr <a href=\"https:\/\/www.moebel.org\/cms\/produkt\/klappsitze-fuer-stadien-mod-franziska_mm2016_legs\/\">Bodenmontage (auf 2 Beinen)<\/a>, mit <a href=\"https:\/\/www.moebel.org\/cms\/wp-content\/uploads\/Franziska_MM2016-Varianten.jpg\">Mittelfu\u00df<\/a> als Einzelsitz (auch drehbar), f\u00fcr Montage an der <a href=\"https:\/\/www.moebel.org\/cms\/produkt\/klappsitz-mod-franziska_mm2016_kante\/\">Kante<\/a> der Stufe (ohne Beine) und auf einer Schiene aus Metall (<a href=\"https:\/\/www.moebel.org\/cms\/produkt\/klappsitze-als-bank-mod-franziska_mm2016_traverse\/\">Traversen-Bank<\/a> mit 2, 3 oder 4 Sitzpl\u00e4tzen).&nbsp;<\/p>\n<p>Bei Montage vor Stufe (d. h. an der Setzstufe, also vorne) und bei Montage an der Kante der Stufe bleibt der <strong>Boden frei<\/strong>, das ist ein gro\u00dfer Vorteil bei der Reinigung vom Boden im Stadion, auf dem Sportplatz, in der Sporthalle oder auch in Krankenh\u00e4usern und Arztpraxen.<\/p>\n<p>Der Preis ist ein <strong>Richtpreis<\/strong> (f\u00fcr Muster und Kleinmengen)! Ein einzelner Sitz kann auf Anfrage auch per <span style=\"color: #00ccff;\"><strong>Paketdienst<\/strong> <\/span>geliefert werden, bei mehreren Sitzen muss der Versand per <span style=\"color: #00ccff;\"><strong>Spedition <\/strong>(auf Palette)<\/span> stattfinden.&nbsp;<\/p>\n<p>Gr\u00f6\u00dfere Mengen und andere Optionen (Polsterung, Vereinslogo, QR-Code, Sitzplatz-Nummerierung, Reihen-Nummerierung, hochklappbare Armlehnen) sowie Transport per Spedition auf Anfrage:&nbsp;<br \/>\n<a href=\"https:\/\/www.moebel.org\/cms\/kontaktformular\/\" target=\"_blank\" rel=\"noopener\"><strong><span style=\"color: #d75e11;\">Kontakt<\/span><\/strong><\/a><\/p>\n<p>| <a href=\"https:\/\/www.moebel.org\/cms\/produkt-kategorie\/stadionsitze\/klappsitze\/\" target=\"_top\" rel=\"noopener\"><strong><span style=\"color: #d75e11;\">Klappsitze<\/span><\/strong><\/a> | <a href=\"https:\/\/www.moebel.org\/cms\/produkt-kategorie\/stadionsitze\/schalensitze\/\" target=\"_top\" rel=\"noopener\"><strong><span style=\"color: #d75e11;\">Schalensitze<\/span><\/strong><\/a> | <a href=\"https:\/\/www.moebel.org\/cms\/shop\/\" target=\"_top\" rel=\"noopener\"><strong><span style=\"color: #d75e11;\">Shop Startseite<\/span><\/strong><\/a> |<\/p>\n","protected":false},"excerpt":{"rendered":"<p><strong>Stadion-Klappsitz<\/strong> f\u00fcr die Montage an der Vorderseite der Stufe (am senkrechten Teil der Stadionstufe) oder f\u00fcr Wandmontage (in Schulen, Hallen, Warter\u00e4umen, &#8230;).&nbsp;<\/p>\n<p><strong>Richtpreis<\/strong> (f\u00fcr Muster und Kleinmengen)!<\/p>\n<p>Gr\u00f6\u00dfere Mengen und Transport per Spedition&nbsp;auf Anfrage:&nbsp;<br \/>\n<a href=\"https:\/\/www.moebel.org\/cms\/kontaktformular\/\" target=\"_blank\" rel=\"noopener\"><strong><span style=\"color: #d75e11;\">Kontakt<\/span><\/strong><\/a><\/p>\n","protected":false},"featured_media":4687,"template":"","meta":{"ngg_post_thumbnail":0},"product_brand":[],"product_cat":[75,72],"product_tag":[147,152,277,273,274,281,282,158,156,283,151,210,143,153,144,148,154,146,145,275,276,278,140,141,155,142,157],"class_list":{"0":"post-4684","1":"product","2":"type-product","3":"status-publish","4":"has-post-thumbnail","6":"product_cat-klappsitze","7":"product_cat-stadionsitze","8":"product_tag-fussballplatz","9":"product_tag-fussballplaetze","10":"product_tag-klappbar","11":"product_tag-klappsitz","12":"product_tag-klappsitze","13":"product_tag-kunststoff","14":"product_tag-montage","15":"product_tag-nachhaltigkeit","16":"product_tag-recycling","17":"product_tag-setzstufe","18":"product_tag-sitz","19":"product_tag-sitze","20":"product_tag-sitze-fuer-sportstaetten","21":"product_tag-sporthalle","22":"product_tag-sporthallen","23":"product_tag-sportplatz","24":"product_tag-sportplaetze","25":"product_tag-stadien","26":"product_tag-stadion","27":"product_tag-stadion-klappsitz","28":"product_tag-stadion-klappsitze","29":"product_tag-stadionbestuhlung","30":"product_tag-stadionsitz","31":"product_tag-stadionsitze","32":"product_tag-tribuenensitz","33":"product_tag-tribuenensitze","34":"product_tag-umweltschutz","35":"product_shipping_class-spedition","37":"first","38":"instock","39":"taxable","40":"shipping-taxable","41":"purchasable","42":"product-type-variable"},"_links":{"self":[{"href":"https:\/\/www.moebel.org\/cms\/wp-json\/wp\/v2\/product\/4684","targetHints":{"allow":["GET"]}}],"collection":[{"href":"https:\/\/www.moebel.org\/cms\/wp-json\/wp\/v2\/product"}],"about":[{"href":"https:\/\/www.moebel.org\/cms\/wp-json\/wp\/v2\/types\/product"}],"wp:featuredmedia":[{"embeddable":true,"href":"https:\/\/www.moebel.org\/cms\/wp-json\/wp\/v2\/media\/4687"}],"wp:attachment":[{"href":"https:\/\/www.moebel.org\/cms\/wp-json\/wp\/v2\/media?parent=4684"}],"wp:term":[{"taxonomy":"product_brand","embeddable":true,"href":"https:\/\/www.moebel.org\/cms\/wp-json\/wp\/v2\/product_brand?post=4684"},{"taxonomy":"product_cat","embeddable":true,"href":"https:\/\/www.moebel.org\/cms\/wp-json\/wp\/v2\/product_cat?post=4684"},{"taxonomy":"product_tag","embeddable":true,"href":"https:\/\/www.moebel.org\/cms\/wp-json\/wp\/v2\/product_tag?post=4684"}],"curies":[{"name":"wp","href":"https:\/\/api.w.org\/{rel}","templated":true}]}}