{"id":4650,"date":"2021-05-27T16:13:08","date_gmt":"2021-05-27T14:13:08","guid":{"rendered":"https:\/\/www.moebel.org\/cms\/?post_type=product&#038;p=4650"},"modified":"2022-04-19T13:49:34","modified_gmt":"2022-04-19T11:49:34","slug":"tischplatte-6-teilig-modell-semmel","status":"publish","type":"product","link":"https:\/\/www.moebel.org\/cms\/produkt\/tischplatte-6-teilig-modell-semmel\/","title":{"rendered":"Tischplatte 6-teilig, Modell &#8220;Semmel&#8221;"},"content":{"rendered":"<p><strong>Runde Tischplatte<\/strong> aus 6 Einzelteilen, Fl\u00e4che oben mit HPL belegt (HPL = high pressure laminate, robuster Schichtstoff-Belag).&nbsp;&nbsp;<\/p>\n<p>ABS-Kante rundum, Durchmesser gesamt 180 cm, 6 einzelne (lose) Teile in 2 verschiedenen Farben.<\/p>\n<p>Der Radius aller 6 Einzelteile ist 90 cm, auch der der gesamten Platte. Man kann so jeden einzelnen Teil herausnehmen und auch an der Au\u00dfenkante oder nebeneinander positionieren oder &#8220;seltsame&#8221; Tischformen gestalten.&nbsp;<\/p>\n<p>Ideen zur Anordnung der Platten siehe Bilddateien. Sonderw\u00fcnsche (andere Formen und Gr\u00f6\u00dfen) auf <strong><a href=\"https:\/\/www.moebel.org\/cms\/kontaktformular\/\"><span style=\"color: #d75e11;\">Anfrage<\/span><\/a> <\/strong>(Sie k\u00f6nnen selber am Computer mit AutoCAD eine Form zeichnen oder uns eine Skizze senden). Lieferung ohne Tischgestell.&nbsp;<\/p>\n","protected":false},"excerpt":{"rendered":"<p>Sonderanfertigung, Tischplatte rund, 6-teilig, Modell &#8220;<strong>Semmel<\/strong>&#8221; ein Puzzle-Tisch.&nbsp;<\/p>\n<p>Sonderw\u00fcnsche (andere Formen und Gr\u00f6\u00dfen) auf <strong><a href=\"https:\/\/www.moebel.org\/cms\/kontaktformular\/\"><span style=\"color: #d75e11;\">Anfrage<\/span><\/a>&nbsp;<\/strong><\/p>\n","protected":false},"featured_media":4658,"template":"","meta":{"ngg_post_thumbnail":0},"product_brand":[],"product_cat":[84,88,62,56],"product_tag":[295,313,206,302,303,309,306,312,307,308,299,296,298,304,289,290,314,297,212,300,301,305,293,310,287,288,311],"class_list":{"0":"post-4650","1":"product","2":"type-product","3":"status-publish","4":"has-post-thumbnail","6":"product_cat-diverses","7":"product_cat-esstische","8":"product_cat-tische-tischgestelle","9":"product_cat-tischplatten-borde-zuschnitte-platten-korpus","10":"product_tag-abs","11":"product_tag-blau","12":"product_tag-buche","13":"product_tag-dekorspanplatte","14":"product_tag-dekorspanplatten","15":"product_tag-einfarbig","16":"product_tag-glaenzend","17":"product_tag-grau","18":"product_tag-hochglanz","19":"product_tag-holzdekor","20":"product_tag-hpl","21":"product_tag-kante-abs","22":"product_tag-kante-pvc","23":"product_tag-matt","24":"product_tag-platte","25":"product_tag-platten","26":"product_tag-puzzle","27":"product_tag-pvc","28":"product_tag-rund","29":"product_tag-schichtstoffplatte","30":"product_tag-schichtstoffplatten","31":"product_tag-seidenmatt","32":"product_tag-sonderformen","33":"product_tag-steindekor","34":"product_tag-tischplatte","35":"product_tag-tischplatten","36":"product_tag-weiss","37":"product_shipping_class-spedition","39":"first","40":"instock","41":"taxable","42":"shipping-taxable","43":"purchasable","44":"product-type-simple"},"_links":{"self":[{"href":"https:\/\/www.moebel.org\/cms\/wp-json\/wp\/v2\/product\/4650","targetHints":{"allow":["GET"]}}],"collection":[{"href":"https:\/\/www.moebel.org\/cms\/wp-json\/wp\/v2\/product"}],"about":[{"href":"https:\/\/www.moebel.org\/cms\/wp-json\/wp\/v2\/types\/product"}],"wp:featuredmedia":[{"embeddable":true,"href":"https:\/\/www.moebel.org\/cms\/wp-json\/wp\/v2\/media\/4658"}],"wp:attachment":[{"href":"https:\/\/www.moebel.org\/cms\/wp-json\/wp\/v2\/media?parent=4650"}],"wp:term":[{"taxonomy":"product_brand","embeddable":true,"href":"https:\/\/www.moebel.org\/cms\/wp-json\/wp\/v2\/product_brand?post=4650"},{"taxonomy":"product_cat","embeddable":true,"href":"https:\/\/www.moebel.org\/cms\/wp-json\/wp\/v2\/product_cat?post=4650"},{"taxonomy":"product_tag","embeddable":true,"href":"https:\/\/www.moebel.org\/cms\/wp-json\/wp\/v2\/product_tag?post=4650"}],"curies":[{"name":"wp","href":"https:\/\/api.w.org\/{rel}","templated":true}]}}