{"id":4615,"date":"2021-05-27T11:20:28","date_gmt":"2021-05-27T09:20:28","guid":{"rendered":"https:\/\/www.moebel.org\/cms\/?post_type=product&#038;p=4615"},"modified":"2026-01-19T15:44:11","modified_gmt":"2026-01-19T14:44:11","slug":"100-stadion-klappsitze-mod-cara-franziska","status":"publish","type":"product","link":"https:\/\/www.moebel.org\/cms\/produkt\/100-stadion-klappsitze-mod-cara-franziska\/","title":{"rendered":"Klappsitze Mod. &#8220;Cara Franziska&#8221;"},"content":{"rendered":"<p>Preiswerter <strong>Klappsitz<\/strong>, Sitz und R\u00fcckenlehne aus UV-gesch\u00fctztem Polypropylen, vormontiert auf einer schwarzen Polyamid-Struktur (mit Glasfaser verst\u00e4rkt).&nbsp;<\/p>\n<p><strong>Montagevarianten:<\/strong> Befestigung an der Vorderseite der Stufe (d. h. an der Setzstufe bzw. am senkrechten Teil einer Stufe), an der Wand (Wandmontage), am Boden auf Aluminium-Traverse (2, 3 oder 4 Sitze pro Bank) oder auf Mittelfu\u00df f\u00fcr Einzelmontage. Siehe Fotos.&nbsp;<\/p>\n<p>Der Preis ist ohne Armlehnen, ohne Polsterung und ohne sonstigem Zubeh\u00f6r. <a href=\"https:\/\/www.moebel.org\/cms\/kontaktformular\/\" target=\"_blank\" rel=\"noopener\"><strong><span style=\"color: #d75e11;\">Kontakt \/ Anfrage<\/span><\/strong><\/a><\/p>\n<p><strong>Optionen<\/strong> gegen Aufpreis:&nbsp;Armlehnen hochklappbar, Nummern f\u00fcr Sitze oder Sitzreihen, Polsterung (f\u00fcr VIP- und Business-Bereich), drehbarer Sitz (Einzelsitz auf Mittelfu\u00df aus Metall), Schreibtischchen f\u00fcr Reporter, usw.<br \/>\nUV-Schutz und Sitz mit Brandschutz-Komponente im Granulat ebenfalls m\u00f6glich.<\/p>\n<p>Der Preis ist ein <strong>Richtpreis<\/strong> (f\u00fcr Muster und Kleinmengen)! Ein einzelner Sitz kann auf Anfrage auch per <span style=\"color: #00ccff;\"><strong>Paketdienst<\/strong> <\/span>geliefert werden, bei mehreren Sitzen muss der Versand per <span style=\"color: #00ccff;\"><strong>Spedition <\/strong>(auf Palette)<\/span> stattfinden.&nbsp;<\/p>\n<p><a href=\"https:\/\/www.moebel.org\/cms\/kontaktformular\/\" target=\"_blank\" rel=\"noopener\"><strong><span style=\"color: #d75e11;\">Kontakt<\/span><\/strong><\/a><\/p>\n<p>| <a href=\"https:\/\/www.moebel.org\/cms\/produkt-kategorie\/stadionsitze\/klappsitze\/\" target=\"_top\" rel=\"noopener\"><strong><span style=\"color: #d75e11;\">Klappsitze<\/span><\/strong><\/a> | <a href=\"https:\/\/www.moebel.org\/cms\/produkt-kategorie\/stadionsitze\/schalensitze\/\" target=\"_top\" rel=\"noopener\"><strong><span style=\"color: #d75e11;\">Schalensitze<\/span><\/strong><\/a> | <a href=\"https:\/\/www.moebel.org\/cms\/shop\/\" target=\"_top\" rel=\"noopener\"><strong><span style=\"color: #d75e11;\">Shop Startseite<\/span><\/strong><\/a> |<\/p>\n","protected":false},"excerpt":{"rendered":"<p><strong>Stadion-Klappsitze!&nbsp;<\/strong><\/p>\n<p>Ein preiswerter und klappbarer Sitz f\u00fcr Stadien, Warter\u00e4ume, Sportpl\u00e4tze und Sporthallen, indoor und outdoor.<\/p>\n<p><strong>Varianten:<\/strong> Befestigung an einer Wand, an der Vorderseite der Stufe, am Boden auf Aluminium-Traverse (2, 3 oder 4 Sitze pro Bank) oder mit Mittelfu\u00df f\u00fcr Einzelmontage.&nbsp;<\/p>\n<p>Armlehnen und Polsterung optional, auf Anfrage:&nbsp;<br \/>\n<a href=\"https:\/\/www.moebel.org\/cms\/kontaktformular\/\" target=\"_blank\" rel=\"noopener\"><strong><span style=\"color: #d75e11;\">Kontakt<\/span><\/strong><\/a><\/p>\n","protected":false},"featured_media":4626,"template":"","meta":{"ngg_post_thumbnail":0},"product_brand":[],"product_cat":[75,72],"product_tag":[267,286,284,316,147,152,277,273,274,281,315,282,158,156,283,151,210,143,153,144,148,154,146,145,275,276,278,140,141,285,155,142,157],"class_list":{"0":"post-4615","1":"product","2":"type-product","3":"status-publish","4":"has-post-thumbnail","6":"product_cat-klappsitze","7":"product_cat-stadionsitze","8":"product_tag-aluminium","9":"product_tag-bank","10":"product_tag-bodenmontage","11":"product_tag-einzelmontage","12":"product_tag-fussballplatz","13":"product_tag-fussballplaetze","14":"product_tag-klappbar","15":"product_tag-klappsitz","16":"product_tag-klappsitze","17":"product_tag-kunststoff","18":"product_tag-mittelfuss","19":"product_tag-montage","20":"product_tag-nachhaltigkeit","21":"product_tag-recycling","22":"product_tag-setzstufe","23":"product_tag-sitz","24":"product_tag-sitze","25":"product_tag-sitze-fuer-sportstaetten","26":"product_tag-sporthalle","27":"product_tag-sporthallen","28":"product_tag-sportplatz","29":"product_tag-sportplaetze","30":"product_tag-stadien","31":"product_tag-stadion","32":"product_tag-stadion-klappsitz","33":"product_tag-stadion-klappsitze","34":"product_tag-stadionbestuhlung","35":"product_tag-stadionsitz","36":"product_tag-stadionsitze","37":"product_tag-traverse","38":"product_tag-tribuenensitz","39":"product_tag-tribuenensitze","40":"product_tag-umweltschutz","41":"product_shipping_class-spedition","43":"first","44":"instock","45":"taxable","46":"shipping-taxable","47":"purchasable","48":"product-type-variable"},"_links":{"self":[{"href":"https:\/\/www.moebel.org\/cms\/wp-json\/wp\/v2\/product\/4615","targetHints":{"allow":["GET"]}}],"collection":[{"href":"https:\/\/www.moebel.org\/cms\/wp-json\/wp\/v2\/product"}],"about":[{"href":"https:\/\/www.moebel.org\/cms\/wp-json\/wp\/v2\/types\/product"}],"wp:featuredmedia":[{"embeddable":true,"href":"https:\/\/www.moebel.org\/cms\/wp-json\/wp\/v2\/media\/4626"}],"wp:attachment":[{"href":"https:\/\/www.moebel.org\/cms\/wp-json\/wp\/v2\/media?parent=4615"}],"wp:term":[{"taxonomy":"product_brand","embeddable":true,"href":"https:\/\/www.moebel.org\/cms\/wp-json\/wp\/v2\/product_brand?post=4615"},{"taxonomy":"product_cat","embeddable":true,"href":"https:\/\/www.moebel.org\/cms\/wp-json\/wp\/v2\/product_cat?post=4615"},{"taxonomy":"product_tag","embeddable":true,"href":"https:\/\/www.moebel.org\/cms\/wp-json\/wp\/v2\/product_tag?post=4615"}],"curies":[{"name":"wp","href":"https:\/\/api.w.org\/{rel}","templated":true}]}}