{"id":4216,"date":"2021-04-24T19:05:39","date_gmt":"2021-04-24T17:05:39","guid":{"rendered":"https:\/\/www.moebel.org\/cms\/?post_type=product&#038;p=4216"},"modified":"2022-03-20T13:28:34","modified_gmt":"2022-03-20T12:28:34","slug":"tischbeine-tischfuesse-einzeln-starr-mod_andrea_stil","status":"publish","type":"product","link":"https:\/\/www.moebel.org\/cms\/produkt\/tischbeine-tischfuesse-einzeln-starr-mod_andrea_stil\/","title":{"rendered":"Tischbeine, Tischf\u00fc\u00dfe einzeln, starr, Mod_Andrea_Stil"},"content":{"rendered":"<p>Einzelne <strong>Tischbeine \/ Tischf\u00fc\u00dfe<\/strong>,&nbsp;Mod_Andrea_Stil.&nbsp;<\/p>\n<p><strong>60mm<\/strong> Durchmesser, H\u00f6he bzw. L\u00e4nge bei diesem Angebot <strong>730mm<\/strong>.&nbsp;&nbsp;<\/p>\n<p>M\u00f6gliche (andere) H\u00f6hen auf Anfrage: 380mm, 730mm, 870mm, 1100mm und 710mm<\/p>\n<p>Diese Beine sind fix (d. h. starr, also nicht klappbar) und auf Anfrage auch in 50mm und 80mm Durchmesser lieferbar. Standardfarbe ist Chrom, andere Farben sind auch m\u00f6glich, manche&nbsp; Farben allerdings nur bei gr\u00f6\u00dferen Bestellmengen.&nbsp;<\/p>\n<p>Grunds\u00e4tzlich gibt es zwei Varianten, f\u00fcr Glasplatten und f\u00fcr Tischplatten aus Holz (bzw. aus Spanplatte und aus anderen Plattenwerkstoffe).<br \/>\n<a href=\"https:\/\/www.moebel.org\/cms\/kontaktformular\/\" target=\"_blank\" rel=\"noopener\"><strong><span style=\"color: #d75e11;\">Kontakt \/ Anfrage<\/span><\/strong><\/a><\/p>\n","protected":false},"excerpt":{"rendered":"<p><strong>Einzelne Tischbeine \/ Tischf\u00fc\u00dfe.<\/strong><\/p>\n<p>Mod_Andrea_Stil, starr (nicht klappbar).&nbsp;<\/p>\n<p>60mm Durchmesser, H\u00f6he bzw. L\u00e4nge bei diesem Angebot 730mm.&nbsp;<br \/>\n<a href=\"https:\/\/www.moebel.org\/cms\/kontaktformular\/\" target=\"_blank\" rel=\"noopener\"><strong><span style=\"color: #d75e11;\">Kontakt \/ Anfrage<\/span><\/strong><\/a><\/p>\n","protected":false},"featured_media":4215,"template":"","meta":{"ngg_post_thumbnail":0},"product_brand":[],"product_cat":[88,62,118],"product_tag":[425,426,272,271,208,430,423,424,222,209,254,221,429,227,317,318,228,319,320,223],"class_list":{"0":"post-4216","1":"product","2":"type-product","3":"status-publish","4":"has-post-thumbnail","6":"product_cat-esstische","7":"product_cat-tische-tischgestelle","8":"product_cat-tischbeine-einzeln-starr","9":"product_tag-bein","10":"product_tag-beine","11":"product_tag-chrom","12":"product_tag-eisen","13":"product_tag-farbig","14":"product_tag-fix","15":"product_tag-fuss","16":"product_tag-fuesse","17":"product_tag-metall","18":"product_tag-ral","19":"product_tag-schwarz","20":"product_tag-stahl","21":"product_tag-starr","22":"product_tag-tisch","23":"product_tag-tischbein","24":"product_tag-tischbeine","25":"product_tag-tische","26":"product_tag-tischfuss","27":"product_tag-tischfuesse","28":"product_tag-verchromt","29":"product_shipping_class-paket-large","31":"first","32":"instock","33":"taxable","34":"shipping-taxable","35":"purchasable","36":"product-type-variable"},"_links":{"self":[{"href":"https:\/\/www.moebel.org\/cms\/wp-json\/wp\/v2\/product\/4216","targetHints":{"allow":["GET"]}}],"collection":[{"href":"https:\/\/www.moebel.org\/cms\/wp-json\/wp\/v2\/product"}],"about":[{"href":"https:\/\/www.moebel.org\/cms\/wp-json\/wp\/v2\/types\/product"}],"wp:featuredmedia":[{"embeddable":true,"href":"https:\/\/www.moebel.org\/cms\/wp-json\/wp\/v2\/media\/4215"}],"wp:attachment":[{"href":"https:\/\/www.moebel.org\/cms\/wp-json\/wp\/v2\/media?parent=4216"}],"wp:term":[{"taxonomy":"product_brand","embeddable":true,"href":"https:\/\/www.moebel.org\/cms\/wp-json\/wp\/v2\/product_brand?post=4216"},{"taxonomy":"product_cat","embeddable":true,"href":"https:\/\/www.moebel.org\/cms\/wp-json\/wp\/v2\/product_cat?post=4216"},{"taxonomy":"product_tag","embeddable":true,"href":"https:\/\/www.moebel.org\/cms\/wp-json\/wp\/v2\/product_tag?post=4216"}],"curies":[{"name":"wp","href":"https:\/\/api.w.org\/{rel}","templated":true}]}}