{"id":4201,"date":"2021-04-18T10:03:28","date_gmt":"2021-04-18T08:03:28","guid":{"rendered":"https:\/\/www.moebel.org\/cms\/?post_type=product&#038;p=4201"},"modified":"2026-03-18T09:36:14","modified_gmt":"2026-03-18T08:36:14","slug":"andrea_15-klapptischgestelle-hoehenverstellbar-klapptische","status":"publish","type":"product","link":"https:\/\/www.moebel.org\/cms\/produkt\/andrea_15-klapptischgestelle-hoehenverstellbar-klapptische\/","title":{"rendered":"Klapptischgestell f\u00fcr h\u00f6henverstellbare Klapptische, Mod. &#8220;Andrea 15&#8221;"},"content":{"rendered":"<p><strong>Klapptisch-Gestelle f\u00fcr h\u00f6henverstellbare Klapptische. <\/strong>Set bzw. Garnitur f\u00fcr 1 Tisch (d. h. bestehend aus 2 Teilen).&nbsp;<\/p>\n<p>Mod. &#8220;<strong>Andrea 15<\/strong>&#8220;.&nbsp;<\/p>\n<p>Mit diesem klappbaren Tischgestell ist Ihr Tisch nicht nur zusammenklappbar, sondern auch in der H\u00f6he verstellbar (Raster). Standardfarbe (und in der Regel auch lagernd) ist die verchromte Ausf\u00fchrung.&nbsp;<\/p>\n<p>Bei gr\u00f6\u00dferen Mengen k\u00f6nnen diese h\u00f6henverstellbaren Klapptischgestelle <strong>auch in anderen Farben<\/strong> geliefert werden. Man muss hier allerdings bedenken, dass bei der H\u00f6henverstellung ein <strong>Lack<\/strong> leichter <strong>zerkratzt<\/strong> wird als eine Verchromung, daher empfehlen (und lagern) wir dieses klappbare Tischgestell nur in verchromter Ausf\u00fchrung.&nbsp;<\/p>\n<p>Tipp: Beachten Sie die Hinweise zur <a href=\"https:\/\/www.moebel.org\/Klapptische-Klapptischgestelle\/Klapptische-Stabilitaet-klappbare-Tische.htm\">Stabilit\u00e4t<\/a> von einem Klapptischgestell (speziell bei Sonderh\u00f6he).&nbsp;<\/p>\n<p><strong>Einzeln<\/strong> kann dieses Klapptischgestell auf Anfrage auch per <strong>Paketdienst<\/strong> verschickt werden, ausgenommen Schweiz. Inkl. der Verpackung kommen wir da n\u00e4mlich auf ein Gewicht von ca. 11 kg, also knapp \u00fcber 10 kg und das wird dann krass teuer bei der Post (und der Paketdienst f\u00e4hrt nicht in die Schweiz, beim Versand via Spedition kommen in die Schweiz nicht nur hohe Transportkosten, sondern auch die Kosten f\u00fcr Ausfuhr- und Einfuhrverzollung hinzu).&nbsp;<\/p>\n<p>Verchromt sind diese Klapptischgestelle in der Regel lagernd, andere Farben und gr\u00f6\u00dfere Mengen auf Anfrage:&nbsp;<br \/>\n<a href=\"https:\/\/www.moebel.org\/cms\/kontaktformular\/\" target=\"_blank\" rel=\"noopener\"><strong><span style=\"color: #d75e11;\">Kontakt<\/span><\/strong><\/a><\/p>\n","protected":false},"excerpt":{"rendered":"<p>Klapptisch-Gestelle f\u00fcr <strong>h\u00f6henverstellbare<\/strong> Klapptische (Raster),<\/p>\n<p>Mod. &#8220;Andrea 15&#8221;.<\/p>\n<p>Verchromt in der Regel lagernd, andere Farben und gro\u00dfe Mengen auf Anfrage:<br \/>\n<a href=\"https:\/\/www.moebel.org\/cms\/kontaktformular\/\" target=\"_blank\" rel=\"noopener\"><strong><span style=\"color: #d75e11;\">Kontakt<\/span><\/strong><\/a><\/p>\n","protected":false},"featured_media":4208,"template":"","meta":{"ngg_post_thumbnail":0},"product_brand":[],"product_cat":[509,82],"product_tag":[272,271,208,219,220,263,760,225,217,218,226,215,216,222,381,209,254,221,227,228,229,230,223],"class_list":{"0":"post-4201","1":"product","2":"type-product","3":"status-publish","4":"has-post-thumbnail","6":"product_cat-hoehenverstellbare-tischgestelle","7":"product_cat-klapptische-klapptischgestelle","8":"product_tag-chrom","9":"product_tag-eisen","10":"product_tag-farbig","11":"product_tag-gestell","12":"product_tag-gestelle","13":"product_tag-hoehenverstellbar","14":"product_tag-klappgestell","15":"product_tag-klapptisch","16":"product_tag-klapptisch-gestell","17":"product_tag-klapptisch-gestelle","18":"product_tag-klapptische","19":"product_tag-klapptischgestell","20":"product_tag-klapptischgestelle","21":"product_tag-metall","22":"product_tag-metallgestell","23":"product_tag-ral","24":"product_tag-schwarz","25":"product_tag-stahl","26":"product_tag-tisch","27":"product_tag-tische","28":"product_tag-tischgestell","29":"product_tag-tischgestelle","30":"product_tag-verchromt","31":"product_shipping_class-spedition","33":"first","34":"instock","35":"taxable","36":"shipping-taxable","37":"purchasable","38":"product-type-simple"},"_links":{"self":[{"href":"https:\/\/www.moebel.org\/cms\/wp-json\/wp\/v2\/product\/4201","targetHints":{"allow":["GET"]}}],"collection":[{"href":"https:\/\/www.moebel.org\/cms\/wp-json\/wp\/v2\/product"}],"about":[{"href":"https:\/\/www.moebel.org\/cms\/wp-json\/wp\/v2\/types\/product"}],"wp:featuredmedia":[{"embeddable":true,"href":"https:\/\/www.moebel.org\/cms\/wp-json\/wp\/v2\/media\/4208"}],"wp:attachment":[{"href":"https:\/\/www.moebel.org\/cms\/wp-json\/wp\/v2\/media?parent=4201"}],"wp:term":[{"taxonomy":"product_brand","embeddable":true,"href":"https:\/\/www.moebel.org\/cms\/wp-json\/wp\/v2\/product_brand?post=4201"},{"taxonomy":"product_cat","embeddable":true,"href":"https:\/\/www.moebel.org\/cms\/wp-json\/wp\/v2\/product_cat?post=4201"},{"taxonomy":"product_tag","embeddable":true,"href":"https:\/\/www.moebel.org\/cms\/wp-json\/wp\/v2\/product_tag?post=4201"}],"curies":[{"name":"wp","href":"https:\/\/api.w.org\/{rel}","templated":true}]}}