{"id":3390,"date":"2021-03-08T17:12:21","date_gmt":"2021-03-08T16:12:21","guid":{"rendered":"https:\/\/www.moebel.org\/cms\/?post_type=product&#038;p=3390"},"modified":"2022-03-19T19:30:38","modified_gmt":"2022-03-19T18:30:38","slug":"barhocker-tresenhocker-aus-holz-sitz-mit-geflecht","status":"publish","type":"product","link":"https:\/\/www.moebel.org\/cms\/produkt\/barhocker-tresenhocker-aus-holz-sitz-mit-geflecht\/","title":{"rendered":"Barhocker \/ Tresenhocker aus Holz, Sitz mit Geflecht"},"content":{"rendered":"<p>&lt;strong&gt;Barhocker \/ Tresenhocker&lt;\/strong&gt; aus gebogenem Holz (dunkelgr\u00fcn gebeizt und transparent lackiert) mit Geflecht im Sitz.&nbsp;<\/p>\n<p>Sondermodell &#8220;Bistro 5&#8221; mit Sitzh\u00f6he ca. 70 cm (Sonderh\u00f6he!), kann geliefert oder abgeholt werden.&nbsp;<\/p>\n<p><a href=\"https:\/\/www.moebel.org\/cms\/kontaktformular\/\" target=\"_blank\" rel=\"noopener\"><strong><span style=\"color: #d75e11;\">Kontakt \/ Anfrage<\/span><\/strong><\/a><\/p>\n","protected":false},"excerpt":{"rendered":"<p>&lt;strong&gt;Barhocker \/ Tresenhocker&lt;\/strong&gt; aus gebogenem Holz (dunkelgr\u00fcn gebeizt und transparent lackiert) mit Geflecht im Sitz, Sitzh\u00f6he ca. 70 cm (Sonderh\u00f6he)! &nbsp;<\/p>\n<p><a href=\"https:\/\/www.moebel.org\/cms\/kontaktformular\/\" target=\"_blank\" rel=\"noopener\"><strong><span style=\"color: #d75e11;\">Kontakt \/ Anfrage<\/span><\/strong><\/a><\/p>\n","protected":false},"featured_media":3387,"template":"","meta":{"ngg_post_thumbnail":0},"product_brand":[],"product_cat":[70],"product_tag":[199,208,214,204,323,203,324,211,201,205,209,321,212,151,210,322,200],"class_list":{"0":"post-3390","1":"product","2":"type-product","3":"status-publish","4":"has-post-thumbnail","6":"product_cat-barhocker-aus-holz","7":"product_tag-barhocker","8":"product_tag-farbig","9":"product_tag-gastronomie","10":"product_tag-gebeizt","11":"product_tag-geflecht","12":"product_tag-geschliffen","13":"product_tag-gruen","14":"product_tag-hocker","15":"product_tag-holz","16":"product_tag-lackiert","17":"product_tag-ral","18":"product_tag-rattan","19":"product_tag-rund","20":"product_tag-sitz","21":"product_tag-sitze","22":"product_tag-stroh","23":"product_tag-tresenhocker","24":"product_shipping_class-paket-xl-bis-gurtmass","26":"first","27":"instock","28":"sale","29":"taxable","30":"shipping-taxable","31":"purchasable","32":"product-type-simple"},"_links":{"self":[{"href":"https:\/\/www.moebel.org\/cms\/wp-json\/wp\/v2\/product\/3390","targetHints":{"allow":["GET"]}}],"collection":[{"href":"https:\/\/www.moebel.org\/cms\/wp-json\/wp\/v2\/product"}],"about":[{"href":"https:\/\/www.moebel.org\/cms\/wp-json\/wp\/v2\/types\/product"}],"wp:featuredmedia":[{"embeddable":true,"href":"https:\/\/www.moebel.org\/cms\/wp-json\/wp\/v2\/media\/3387"}],"wp:attachment":[{"href":"https:\/\/www.moebel.org\/cms\/wp-json\/wp\/v2\/media?parent=3390"}],"wp:term":[{"taxonomy":"product_brand","embeddable":true,"href":"https:\/\/www.moebel.org\/cms\/wp-json\/wp\/v2\/product_brand?post=3390"},{"taxonomy":"product_cat","embeddable":true,"href":"https:\/\/www.moebel.org\/cms\/wp-json\/wp\/v2\/product_cat?post=3390"},{"taxonomy":"product_tag","embeddable":true,"href":"https:\/\/www.moebel.org\/cms\/wp-json\/wp\/v2\/product_tag?post=3390"}],"curies":[{"name":"wp","href":"https:\/\/api.w.org\/{rel}","templated":true}]}}