{"id":3342,"date":"2021-03-07T17:30:13","date_gmt":"2021-03-07T16:30:13","guid":{"rendered":"https:\/\/www.moebel.org\/cms\/?post_type=product&#038;p=3342"},"modified":"2024-09-05T14:32:21","modified_gmt":"2024-09-05T12:32:21","slug":"freche-fruechtchen","status":"publish","type":"product","link":"https:\/\/www.moebel.org\/cms\/produkt\/freche-fruechtchen\/","title":{"rendered":"&#8220;Freche Fr\u00fcchtchen&#8221; aus Keramik"},"content":{"rendered":"<p><strong>Freche Fr\u00fcchtchen<\/strong> aus handbemalter Keramik, lustige Figuren mit flotten Spr\u00fcchen.<\/p>\n<p>Obst und Gem\u00fcse, Sonnenblumen, K\u00e4se, Nudeln, Schinken, Wurst, Pizza, Pilze, usw. Diese Figuren aus Keramik eignen sich als <strong>Geschenkartikel, Dekoration<\/strong> oder <strong>Mitbringsel<\/strong>.<\/p>\n<p>Die Fr\u00fcchtchen sind passende Geschenke wenn man zum Essen eingeladen ist. Der Gesichtsausdruck bietet aber viel Spielraum f\u00fcr Interpretationen, so passen diese Figuren als Geschenkartikel f\u00fcr viele verschiedene Anl\u00e4sse.<\/p>\n<p><a href=\"https:\/\/www.moebel.org\/cms\/kontaktformular\/\" target=\"_blank\" rel=\"noopener\"><strong><span style=\"color: #d75e11;\">Kontakt \/ Anfrage<\/span><\/strong><\/a><\/p>\n","protected":false},"excerpt":{"rendered":"<p><strong>Freche Fr\u00fcchtchen<\/strong> aus Keramik, mit flottem Spruch. Obst und Gem\u00fcse, Pilze, K\u00e4se, Nudeln, Schinken, Wurst, Pizza, usw.<br \/>\nDer Gesichtsausdruck darf frei interpretiert werden zu einer Botschaft.<\/p>\n","protected":false},"featured_media":3258,"template":"","meta":{"ngg_post_thumbnail":0},"product_brand":[],"product_cat":[63,84,114,115],"product_tag":[822,823,824,821,820,825,340,639,196,827,828,866,829,333,334,336,337,335,331,329,328,330,830,831,341,833,832,835,836,837,834,838,338,339,839,840,841,842,843,844,342,845,846,847,819,848,332,849,867,448,850,851,852,853,854,855,856,857,858,859,860,861,862,863,864,865],"class_list":{"0":"post-3342","1":"product","2":"type-product","3":"status-publish","4":"has-post-thumbnail","6":"product_cat-dekoration-geschenkartikel","7":"product_cat-diverses","8":"product_cat-freche-fruechtchen","9":"product_cat-geschenkartikel-mitbringsel","10":"product_tag-ananas","11":"product_tag-apfel","12":"product_tag-apfelsine","13":"product_tag-artischocke","14":"product_tag-aubergine","15":"product_tag-banane","16":"product_tag-bemalt","17":"product_tag-birne","18":"product_tag-dekoration","19":"product_tag-erdbeere","20":"product_tag-erdnuss","21":"product_tag-feige","22":"product_tag-fenchel","23":"product_tag-figur","24":"product_tag-figuren","25":"product_tag-freche-fruechtchen","26":"product_tag-fruechtchen","27":"product_tag-frutti","28":"product_tag-geburtstag","29":"product_tag-geschenk","30":"product_tag-geschenkartikel","31":"product_tag-geschenke","32":"product_tag-gurke","33":"product_tag-hamburger","34":"product_tag-handbemalt","35":"product_tag-honigmelone","36":"product_tag-hoernchen","37":"product_tag-karfiol","38":"product_tag-karotte","39":"product_tag-kartoffel","40":"product_tag-kaese","41":"product_tag-kastanie","42":"product_tag-keramik","43":"product_tag-keramikfiguren","44":"product_tag-kipferl","45":"product_tag-kiwi","46":"product_tag-knoblauch","47":"product_tag-kokosnuss","48":"product_tag-kuerbis","49":"product_tag-limone","50":"product_tag-lustig","51":"product_tag-mais","52":"product_tag-mandel","53":"product_tag-marille","54":"product_tag-melanzane","55":"product_tag-melone","56":"product_tag-mitbringsel","57":"product_tag-nudel","58":"product_tag-nudeln","59":"product_tag-nuss","60":"product_tag-orange","61":"product_tag-paprika","62":"product_tag-pasta","63":"product_tag-pflaume","64":"product_tag-pilz","65":"product_tag-pizza","66":"product_tag-salat","67":"product_tag-schinken","68":"product_tag-sonnenblume","69":"product_tag-spaghetti","70":"product_tag-tomate","71":"product_tag-weintraube","72":"product_tag-wurst","73":"product_tag-zitrone","74":"product_tag-zwetschke","75":"product_tag-zwiebel","76":"product_shipping_class-paket-klein","78":"first","79":"instock","80":"sale","81":"taxable","82":"shipping-taxable","83":"purchasable","84":"product-type-variable"},"_links":{"self":[{"href":"https:\/\/www.moebel.org\/cms\/wp-json\/wp\/v2\/product\/3342","targetHints":{"allow":["GET"]}}],"collection":[{"href":"https:\/\/www.moebel.org\/cms\/wp-json\/wp\/v2\/product"}],"about":[{"href":"https:\/\/www.moebel.org\/cms\/wp-json\/wp\/v2\/types\/product"}],"wp:featuredmedia":[{"embeddable":true,"href":"https:\/\/www.moebel.org\/cms\/wp-json\/wp\/v2\/media\/3258"}],"wp:attachment":[{"href":"https:\/\/www.moebel.org\/cms\/wp-json\/wp\/v2\/media?parent=3342"}],"wp:term":[{"taxonomy":"product_brand","embeddable":true,"href":"https:\/\/www.moebel.org\/cms\/wp-json\/wp\/v2\/product_brand?post=3342"},{"taxonomy":"product_cat","embeddable":true,"href":"https:\/\/www.moebel.org\/cms\/wp-json\/wp\/v2\/product_cat?post=3342"},{"taxonomy":"product_tag","embeddable":true,"href":"https:\/\/www.moebel.org\/cms\/wp-json\/wp\/v2\/product_tag?post=3342"}],"curies":[{"name":"wp","href":"https:\/\/api.w.org\/{rel}","templated":true}]}}