{"id":3213,"date":"2021-03-06T18:56:38","date_gmt":"2021-03-06T17:56:38","guid":{"rendered":"https:\/\/www.moebel.org\/cms\/?post_type=product&#038;p=3213"},"modified":"2023-08-28T16:38:33","modified_gmt":"2023-08-28T14:38:33","slug":"loeffel-holz-taenzerin-oder-goettin","status":"publish","type":"product","link":"https:\/\/www.moebel.org\/cms\/produkt\/loeffel-holz-taenzerin-oder-goettin\/","title":{"rendered":"L\u00f6ffel Holz, T\u00e4nzerin oder G\u00f6ttin"},"content":{"rendered":"<p><strong>L\u00f6ffel <\/strong>Holz, T\u00e4nzerin oder G\u00f6ttin, Indonesien, Bali, als <strong>Dekorationsgegenstand<\/strong> oder <strong>Geschenkartikel<\/strong> oder <strong>Mitbringsel<\/strong>.<\/p>\n<p>G\u00f6ttin bzw. T\u00e4nzerin aus Bali, Handwerkskunst aus Indonesien.<br \/>\n54cm lang.<\/p>\n<p>#Mitbringsel #Gastgeschenk #Geschenkartikel #Geschenk #Dekoration<\/p>\n<p><a href=\"https:\/\/www.moebel.org\/cms\/kontaktformular\/\" target=\"_blank\" rel=\"noopener\"><strong><span style=\"color: #d75e11;\">Kontakt \/ Anfrage<\/span><\/strong><\/a><\/p>\n","protected":false},"excerpt":{"rendered":"<p><strong>L\u00f6ffel <\/strong>aus Holz geschnitzt,<br \/>\n54cm lang.<br \/>\nBesteck als Dekoration \/ Geschenkartikel<\/p>\n","protected":false},"featured_media":3256,"template":"","meta":{"ngg_post_thumbnail":0},"product_brand":[],"product_cat":[113,63,84,707,115],"product_tag":[350,340,343,196,345,348,331,329,328,330,349,341,201,338,339,347,346,352,342,332,351],"class_list":{"0":"post-3213","1":"product","2":"type-product","3":"status-publish","4":"has-post-thumbnail","6":"product_cat-besteck-geschenkartikel-dekoration","7":"product_cat-dekoration-geschenkartikel","8":"product_cat-diverses","9":"product_cat-kueche_esszimmer_ausstattung","10":"product_cat-geschenkartikel-mitbringsel","11":"product_tag-bali","12":"product_tag-bemalt","13":"product_tag-besteck","14":"product_tag-dekoration","15":"product_tag-gabel","16":"product_tag-gastgeschenk","17":"product_tag-geburtstag","18":"product_tag-geschenk","19":"product_tag-geschenkartikel","20":"product_tag-geschenke","21":"product_tag-goettin","22":"product_tag-handbemalt","23":"product_tag-holz","24":"product_tag-keramik","25":"product_tag-keramikfiguren","26":"product_tag-kuechenutensilien","27":"product_tag-loeffel","28":"product_tag-loeffel-aus-holz","29":"product_tag-lustig","30":"product_tag-mitbringsel","31":"product_tag-taenzerin","32":"product_shipping_class-paket-medium","34":"first","35":"instock","36":"taxable","37":"shipping-taxable","38":"purchasable","39":"product-type-simple"},"_links":{"self":[{"href":"https:\/\/www.moebel.org\/cms\/wp-json\/wp\/v2\/product\/3213","targetHints":{"allow":["GET"]}}],"collection":[{"href":"https:\/\/www.moebel.org\/cms\/wp-json\/wp\/v2\/product"}],"about":[{"href":"https:\/\/www.moebel.org\/cms\/wp-json\/wp\/v2\/types\/product"}],"wp:featuredmedia":[{"embeddable":true,"href":"https:\/\/www.moebel.org\/cms\/wp-json\/wp\/v2\/media\/3256"}],"wp:attachment":[{"href":"https:\/\/www.moebel.org\/cms\/wp-json\/wp\/v2\/media?parent=3213"}],"wp:term":[{"taxonomy":"product_brand","embeddable":true,"href":"https:\/\/www.moebel.org\/cms\/wp-json\/wp\/v2\/product_brand?post=3213"},{"taxonomy":"product_cat","embeddable":true,"href":"https:\/\/www.moebel.org\/cms\/wp-json\/wp\/v2\/product_cat?post=3213"},{"taxonomy":"product_tag","embeddable":true,"href":"https:\/\/www.moebel.org\/cms\/wp-json\/wp\/v2\/product_tag?post=3213"}],"curies":[{"name":"wp","href":"https:\/\/api.w.org\/{rel}","templated":true}]}}