{"id":3183,"date":"2021-02-27T15:04:21","date_gmt":"2021-02-27T14:04:21","guid":{"rendered":"https:\/\/www.moebel.org\/cms\/?post_type=product&#038;p=3183"},"modified":"2025-02-24T09:35:20","modified_gmt":"2025-02-24T08:35:20","slug":"klappsitz-mod-franziska_mm2016_kante","status":"publish","type":"product","link":"https:\/\/www.moebel.org\/cms\/produkt\/klappsitz-mod-franziska_mm2016_kante\/","title":{"rendered":"Sitz &#8220;Franziska_MM2016_Kante&#8221;, Klappsitze f\u00fcr Stadien"},"content":{"rendered":"<h1>Stadion-Klappsitz Mod. &#8220;Franziska_MM2016_Kante&#8221;.<\/h1>\n<p>Ein klappbarer Sitz in spezieller Konstruktion, kreiert f\u00fcr die Montage an der Vorderkante der Stufe.&nbsp;Ein schlanker Sitz f\u00fcr Sportst\u00e4tten drinnen und drau\u00dfen, f\u00fcr Sporthalle, Trib\u00fcne, Stadion, Fu\u00dfballplatz, usw.<\/p>\n<p>Diesen Klappsitz gibt es auch mit \u00d6koleder gepolstert f\u00fcr Business-Bereich im Stadion und f\u00fcr VIP-G\u00e4ste und auch f\u00fcr Bodenmontage, mit 2 Beinen, mit Mittelfu\u00df (auch drehbar) und auf einer Metall-Traverse als Stadionbank mit 2 oder 3 Sitzen.<\/p>\n<p>Mit diesem Sitz bleibt der <strong>Boden frei<\/strong> und das erleichtert die Reinigung vom Boden, ob in Stadien, auf Sportpl\u00e4tzen oder in Sporthallen.<\/p>\n<p>Der Preis ist ein <strong>Richtpreis<\/strong> (f\u00fcr Muster und Kleinmengen)! Ein einzelner Sitz kann auf Anfrage auch per <span style=\"color: #00ccff;\"><strong>Paketdienst<\/strong> <\/span>geliefert werden, bei mehreren Sitzen muss der Versand per <span style=\"color: #00ccff;\"><strong>Spedition <\/strong>(auf Palette)<\/span> stattfinden. Preis f\u00fcr gr\u00f6\u00dfere Mengen und Transport per Spedition auf Anfrage:<\/p>\n<p><a href=\"https:\/\/www.moebel.org\/cms\/kontaktformular\/\" target=\"_blank\" rel=\"noopener\"><strong><span style=\"color: #d75e11;\">Kontakt<\/span><\/strong><\/a><\/p>\n<p>| <a href=\"https:\/\/www.moebel.org\/cms\/produkt-kategorie\/stadionsitze\/klappsitze\/\" target=\"_top\" rel=\"noopener\"><strong><span style=\"color: #d75e11;\">Klappsitze<\/span><\/strong><\/a> | <a href=\"https:\/\/www.moebel.org\/cms\/produkt-kategorie\/stadionsitze\/schalensitze\/\" target=\"_top\" rel=\"noopener\"><strong><span style=\"color: #d75e11;\">Schalensitze<\/span><\/strong><\/a> | <a href=\"https:\/\/www.moebel.org\/cms\/shop\/\" target=\"_top\" rel=\"noopener\"><strong><span style=\"color: #d75e11;\">Shop Startseite<\/span><\/strong><\/a> |<\/p>\n","protected":false},"excerpt":{"rendered":"<p><strong>Stadion-Klappsitz<\/strong> f\u00fcr die Kante. Ein klappbarer Sitz f\u00fcr das Sportstadion.<\/p>\n<p>Montage an der Vorderkante der Stufe. Optimal wenn Wandmontage oder Bodenmontage nicht m\u00f6glich ist. Optionen: Armlehnen, Polsterung, VIP-Sitze, Business-Sitze, Schreib-Tablett, andere Varianten der Montage (wie Bodenmontage, Sitz mit Mittelfu\u00df, &#8230;)<\/p>\n<p><strong>Richtpreis<\/strong> (f\u00fcr Muster und Kleinmengen).<\/p>\n<p>Gr\u00f6\u00dfere Mengen und Transport per Spedition&nbsp;auf Anfrage:&nbsp;<a href=\"https:\/\/www.moebel.org\/cms\/kontaktformular\/\" target=\"_blank\" rel=\"noopener\"><strong><span style=\"color: #d75e11;\">Kontakt<\/span><\/strong><\/a><\/p>\n","protected":false},"featured_media":4853,"template":"","meta":{"ngg_post_thumbnail":0},"product_brand":[],"product_cat":[75,72],"product_tag":[286,284,316,147,152,277,273,274,281,315,282,158,156,283,151,210,143,153,144,148,154,146,145,275,276,278,140,141,285,155,142,157],"class_list":{"0":"post-3183","1":"product","2":"type-product","3":"status-publish","4":"has-post-thumbnail","6":"product_cat-klappsitze","7":"product_cat-stadionsitze","8":"product_tag-bank","9":"product_tag-bodenmontage","10":"product_tag-einzelmontage","11":"product_tag-fussballplatz","12":"product_tag-fussballplaetze","13":"product_tag-klappbar","14":"product_tag-klappsitz","15":"product_tag-klappsitze","16":"product_tag-kunststoff","17":"product_tag-mittelfuss","18":"product_tag-montage","19":"product_tag-nachhaltigkeit","20":"product_tag-recycling","21":"product_tag-setzstufe","22":"product_tag-sitz","23":"product_tag-sitze","24":"product_tag-sitze-fuer-sportstaetten","25":"product_tag-sporthalle","26":"product_tag-sporthallen","27":"product_tag-sportplatz","28":"product_tag-sportplaetze","29":"product_tag-stadien","30":"product_tag-stadion","31":"product_tag-stadion-klappsitz","32":"product_tag-stadion-klappsitze","33":"product_tag-stadionbestuhlung","34":"product_tag-stadionsitz","35":"product_tag-stadionsitze","36":"product_tag-traverse","37":"product_tag-tribuenensitz","38":"product_tag-tribuenensitze","39":"product_tag-umweltschutz","40":"product_shipping_class-spedition","42":"first","43":"instock","44":"taxable","45":"shipping-taxable","46":"purchasable","47":"product-type-variable"},"_links":{"self":[{"href":"https:\/\/www.moebel.org\/cms\/wp-json\/wp\/v2\/product\/3183","targetHints":{"allow":["GET"]}}],"collection":[{"href":"https:\/\/www.moebel.org\/cms\/wp-json\/wp\/v2\/product"}],"about":[{"href":"https:\/\/www.moebel.org\/cms\/wp-json\/wp\/v2\/types\/product"}],"wp:featuredmedia":[{"embeddable":true,"href":"https:\/\/www.moebel.org\/cms\/wp-json\/wp\/v2\/media\/4853"}],"wp:attachment":[{"href":"https:\/\/www.moebel.org\/cms\/wp-json\/wp\/v2\/media?parent=3183"}],"wp:term":[{"taxonomy":"product_brand","embeddable":true,"href":"https:\/\/www.moebel.org\/cms\/wp-json\/wp\/v2\/product_brand?post=3183"},{"taxonomy":"product_cat","embeddable":true,"href":"https:\/\/www.moebel.org\/cms\/wp-json\/wp\/v2\/product_cat?post=3183"},{"taxonomy":"product_tag","embeddable":true,"href":"https:\/\/www.moebel.org\/cms\/wp-json\/wp\/v2\/product_tag?post=3183"}],"curies":[{"name":"wp","href":"https:\/\/api.w.org\/{rel}","templated":true}]}}