{"id":3110,"date":"2021-02-10T18:53:01","date_gmt":"2021-02-10T17:53:01","guid":{"rendered":"https:\/\/www.moebel.org\/cms\/?post_type=product&#038;p=3110"},"modified":"2024-12-01T10:25:02","modified_gmt":"2024-12-01T09:25:02","slug":"klapptischgestell-pianissimo-ohne-tischplatte","status":"publish","type":"product","link":"https:\/\/www.moebel.org\/cms\/produkt\/klapptischgestell-pianissimo-ohne-tischplatte\/","title":{"rendered":"Klapptischgestell Pianissimo (F2), ohne Tischplatte"},"content":{"rendered":"<p><strong>Klapptisch-Untergestell<\/strong> Mod. &#8220;Pianissimo (F2)&#8221;, f\u00fcr stapelbare Klapptische, f\u00fcr stapelbare Klapptische. Set bzw. Garnitur f\u00fcr 1 Tisch (d. h. bestehend aus 2 Teilen).&nbsp;<\/p>\n<ul>\n<li>PVC-Gleiter<\/li>\n<li>stapelbar<\/li>\n<li>preiswert<\/li>\n<\/ul>\n<p>F\u00fc\u00dfe mit PVC-Gleitern, stapelbar, H\u00f6he 710 mm, f\u00fcr Tischplattengr\u00f6\u00dfe min. 1200 x 700mm (Gr\u00f6\u00dfe bitte beim Bestellen angeben), max. 1800 x 900mm.<\/p>\n<p>Auch mit diesen Klapptischgestellen sind Ihre Tische stapelbar! Der Unterschied zum Modell &#8220;Fortissimo (F1)&#8221; liegt in der Form der Tischbeine, ansonsten gleiche Ausf\u00fchrung und gleiche Stabilit\u00e4t.&nbsp;<\/p>\n<p>Optional: Rollen \/ R\u00e4der (auf Anfrage, weil Sonderma\u00df in der H\u00f6he n\u00f6tig ist, d. h. Sonderanfertigung, keine Lagerware).&nbsp;<\/p>\n<p>Siehe auch <a href=\"https:\/\/www.moebel.org\/cms\/produkt\/klapptischgestell-pianissimo-f2-big\"><span style=\"color: #d75e11;\">Pianissimo (F2) BIG,<\/span><\/a> das Gestell f\u00fcr breitere Tischplatten.&nbsp;<\/p>\n<p>Tipp: Beachten Sie bitte auch die Hinweise zur <a href=\"https:\/\/www.moebel.org\/Klapptische-Klapptischgestelle\/Klapptische-Stabilitaet-klappbare-Tische.htm\">Stabilit\u00e4t<\/a> von Klapptischgestellen.&nbsp;<\/p>\n<p>Der Preis ist f\u00fcr <strong>Kleinmengen <\/strong>(sofern lagernd versenden wir die auch einzeln), gr\u00f6\u00dfere Mengen und komplette Tische auf Anfrage:<br \/>\n<a href=\"https:\/\/www.moebel.org\/cms\/kontaktformular\/\" target=\"_blank\" rel=\"noopener\"><strong><span style=\"color: #d75e11;\">Kontakt<\/span><\/strong><\/a><\/p>\n","protected":false},"excerpt":{"rendered":"<p>Stapelbares <strong>Klapptisch-Gestell<\/strong> Mod. &#8220;Pianissimo (F2)&#8221;<br \/>\nH\u00f6he 710 mm<br \/>\nF\u00fcr Tischplattengr\u00f6\u00dfe min. 1200 x 700mm, max. 1800 x 900mm (Gr\u00f6\u00dfe bitte bei Anfragen angeben).<\/p>\n<p>Siehe auch <a href=\"https:\/\/www.moebel.org\/cms\/produkt\/klapptischgestell-pianissimo-f2-big\"><span style=\"color: #d75e11;\">Pianissimo (F2) BIG,<\/span><\/a> das Gestell f\u00fcr breitere Tischplatten.<\/p>\n<p>Der Preis ist f\u00fcr <strong>Kleinmengen <\/strong>(sofern lagernd versenden wir die auch einzeln), gr\u00f6\u00dfere Mengen und komplette Tische auf Anfrage:<br \/>\n<a href=\"https:\/\/www.moebel.org\/cms\/kontaktformular\/\" target=\"_blank\" rel=\"noopener\"><strong><span style=\"color: #d75e11;\">Kontakt<\/span><\/strong><\/a><\/p>\n","protected":false},"featured_media":959,"template":"","meta":{"ngg_post_thumbnail":0},"product_brand":[],"product_cat":[84,82],"product_tag":[272,271,208,219,220,225,217,218,226,215,216,222,209,254,221,227,228,229,230,223],"class_list":{"0":"post-3110","1":"product","2":"type-product","3":"status-publish","4":"has-post-thumbnail","6":"product_cat-diverses","7":"product_cat-klapptische-klapptischgestelle","8":"product_tag-chrom","9":"product_tag-eisen","10":"product_tag-farbig","11":"product_tag-gestell","12":"product_tag-gestelle","13":"product_tag-klapptisch","14":"product_tag-klapptisch-gestell","15":"product_tag-klapptisch-gestelle","16":"product_tag-klapptische","17":"product_tag-klapptischgestell","18":"product_tag-klapptischgestelle","19":"product_tag-metall","20":"product_tag-ral","21":"product_tag-schwarz","22":"product_tag-stahl","23":"product_tag-tisch","24":"product_tag-tische","25":"product_tag-tischgestell","26":"product_tag-tischgestelle","27":"product_tag-verchromt","28":"product_shipping_class-paket-xl-bis-gurtmass","30":"first","31":"instock","32":"sale","33":"taxable","34":"shipping-taxable","35":"purchasable","36":"product-type-variable"},"_links":{"self":[{"href":"https:\/\/www.moebel.org\/cms\/wp-json\/wp\/v2\/product\/3110","targetHints":{"allow":["GET"]}}],"collection":[{"href":"https:\/\/www.moebel.org\/cms\/wp-json\/wp\/v2\/product"}],"about":[{"href":"https:\/\/www.moebel.org\/cms\/wp-json\/wp\/v2\/types\/product"}],"wp:featuredmedia":[{"embeddable":true,"href":"https:\/\/www.moebel.org\/cms\/wp-json\/wp\/v2\/media\/959"}],"wp:attachment":[{"href":"https:\/\/www.moebel.org\/cms\/wp-json\/wp\/v2\/media?parent=3110"}],"wp:term":[{"taxonomy":"product_brand","embeddable":true,"href":"https:\/\/www.moebel.org\/cms\/wp-json\/wp\/v2\/product_brand?post=3110"},{"taxonomy":"product_cat","embeddable":true,"href":"https:\/\/www.moebel.org\/cms\/wp-json\/wp\/v2\/product_cat?post=3110"},{"taxonomy":"product_tag","embeddable":true,"href":"https:\/\/www.moebel.org\/cms\/wp-json\/wp\/v2\/product_tag?post=3110"}],"curies":[{"name":"wp","href":"https:\/\/api.w.org\/{rel}","templated":true}]}}