{"id":2889,"date":"2021-02-03T18:31:06","date_gmt":"2021-02-03T17:31:06","guid":{"rendered":"https:\/\/www.moebel.org\/cms\/?post_type=product&#038;p=2889"},"modified":"2024-04-03T15:09:21","modified_gmt":"2024-04-03T13:09:21","slug":"sitze-mod-beri_stk_l","status":"publish","type":"product","link":"https:\/\/www.moebel.org\/cms\/produkt\/sitze-mod-beri_stk_l\/","title":{"rendered":"Sitze \u201cBeri_STK_L\u201d, Stadionsitze ohne Montageplatte"},"content":{"rendered":"<h1>Mod. \u201c<strong>Beri_STK_L<\/strong>\u201d (Schalensitz bzw. Sitzschale).&nbsp;<\/h1>\n<p>Sitze f\u00fcr Sportst\u00e4tten, Schulen, B\u00fchnen, etc. Ein preiswerter Sportsitz ohne R\u00fcckenlehne, f\u00fcr Outdoor-Verwendung bestens geeignet (Freiluft-B\u00fchnen, Stadien, Sporthallen, Trib\u00fcnen, Tennispl\u00e4tze, Fu\u00dfballpl\u00e4tze, \u2026) und nat\u00fcrlich auch f\u00fcr Indoor-Verwendung.&nbsp;<\/p>\n<p>Die <strong>Montage<\/strong> erfolgt bei diesem Modell von unten (mittels 4 Schrauben), auf Metallgestellen, Konsolen oder auf Anti-Vandalismus-Platten! Der hier angegebene Preis ist f\u00fcr <strong>Kleinmengen <\/strong>(sofern lagernd) und ohne Metallteile, Traversen, Montageplatten und sonstige Konstruktionen aus Stahl.<\/p>\n<p><strong><a href=\"https:\/\/www.moebel.org\/cms\/wp-content\/uploads\/Beri_Stk_L-Stadionsitz-Unterseite-Metallplatte.jpg\" rel=\"noopener\"><span style=\"color: #d75e11;\">Foto der Anti-Vandalismus-Platte<\/span><\/a><\/strong> bzw. Montageplatte (gibt es ab 6.- Euro + MwSt.), diese Montageplatte ist nicht im Preis enthalten.<\/p>\n<p><strong><a href=\"https:\/\/www.moebel.org\/cms\/wp-content\/uploads\/Beri_Stk_L-Sitzschalen-Montage-Varianten.jpg\" rel=\"noopener\"><span style=\"color: #d75e11;\">Foto Montage-Varianten<\/span><\/a><\/strong>, Konsolen, Metallgestelle f\u00fcr B\u00e4nke (gibt es f\u00fcr die Montage auf Setzstufe oder Trittstufe).<\/p>\n<p>Gr\u00f6\u00dfere Mengen, Sitze als Bank (Sonderanfertigungen mit 2, 3, 4 oder 5 Sitzen) und verzinkte oder farbig lackierte Konsolen auf <strong><a href=\"https:\/\/www.moebel.org\/cms\/kontaktformular\/\" target=\"_blank\" rel=\"noopener\"><span style=\"color: #d75e11;\">ANFRAGE<\/span><\/a><\/strong><\/p>\n<p>| <a href=\"https:\/\/www.moebel.org\/cms\/produkt-kategorie\/stadionsitze\/klappsitze\/\" target=\"_top\" rel=\"noopener\"><strong><span style=\"color: #d75e11;\">Klappsitze<\/span><\/strong><\/a> | <a href=\"https:\/\/www.moebel.org\/cms\/produkt-kategorie\/stadionsitze\/schalensitze\/\" target=\"_top\" rel=\"noopener\"><strong><span style=\"color: #d75e11;\">Schalensitze<\/span><\/strong><\/a> | <a href=\"https:\/\/www.moebel.org\/cms\/shop\/\" target=\"_top\" rel=\"noopener\"><strong><span style=\"color: #d75e11;\">Shop Startseite<\/span><\/strong><\/a> |<\/p>\n","protected":false},"excerpt":{"rendered":"<p>Kunststoff-Sitze f\u00fcr Sportst\u00e4tten, Schulen, B\u00fchnen, etc.<br \/>\nSitz ohne R\u00fcckenlehne, f\u00fcr Outdoor-Verwendung bestens geeignet (Freiluft-B\u00fchnen, Stadien, Sporthallen, Trib\u00fcnen, Tennispl\u00e4tze, Fu\u00dfballpl\u00e4tze &#8230;).<\/p>\n<p>Der Preis hier ist f\u00fcr <strong>Kleinmengen <\/strong>(sofern lagernd)! Gr\u00f6\u00dfere Mengen, Sitze als Bank, Montageplatten und verzinkte oder farbig lackierte Konsolen auf Anfrage:&nbsp;<br \/>\n<a href=\"https:\/\/www.moebel.org\/cms\/kontaktformular\/\" target=\"_blank\" rel=\"noopener\"><strong><span style=\"color: #d75e11;\">Kontakt<\/span><\/strong><\/a><\/p>\n","protected":false},"featured_media":2909,"template":"","meta":{"ngg_post_thumbnail":0},"product_brand":[],"product_cat":[76],"product_tag":[649,147,152,647,648,149,151,143,150,153,144,148,154,146,145,140,141,155,142],"class_list":{"0":"post-2889","1":"product","2":"type-product","3":"status-publish","4":"has-post-thumbnail","6":"product_cat-schalensitze","7":"product_tag-anti-vandalismus-platte","8":"product_tag-fussballplatz","9":"product_tag-fussballplaetze","10":"product_tag-montageplatte","11":"product_tag-montageplatten","12":"product_tag-schalensitze","13":"product_tag-sitz","14":"product_tag-sitze-fuer-sportstaetten","15":"product_tag-sitzschalen","16":"product_tag-sporthalle","17":"product_tag-sporthallen","18":"product_tag-sportplatz","19":"product_tag-sportplaetze","20":"product_tag-stadien","21":"product_tag-stadion","22":"product_tag-stadionsitz","23":"product_tag-stadionsitze","24":"product_tag-tribuenensitz","25":"product_tag-tribuenensitze","26":"product_shipping_class-paket-large","28":"first","29":"instock","30":"taxable","31":"shipping-taxable","32":"purchasable","33":"product-type-variable"},"_links":{"self":[{"href":"https:\/\/www.moebel.org\/cms\/wp-json\/wp\/v2\/product\/2889","targetHints":{"allow":["GET"]}}],"collection":[{"href":"https:\/\/www.moebel.org\/cms\/wp-json\/wp\/v2\/product"}],"about":[{"href":"https:\/\/www.moebel.org\/cms\/wp-json\/wp\/v2\/types\/product"}],"wp:featuredmedia":[{"embeddable":true,"href":"https:\/\/www.moebel.org\/cms\/wp-json\/wp\/v2\/media\/2909"}],"wp:attachment":[{"href":"https:\/\/www.moebel.org\/cms\/wp-json\/wp\/v2\/media?parent=2889"}],"wp:term":[{"taxonomy":"product_brand","embeddable":true,"href":"https:\/\/www.moebel.org\/cms\/wp-json\/wp\/v2\/product_brand?post=2889"},{"taxonomy":"product_cat","embeddable":true,"href":"https:\/\/www.moebel.org\/cms\/wp-json\/wp\/v2\/product_cat?post=2889"},{"taxonomy":"product_tag","embeddable":true,"href":"https:\/\/www.moebel.org\/cms\/wp-json\/wp\/v2\/product_tag?post=2889"}],"curies":[{"name":"wp","href":"https:\/\/api.w.org\/{rel}","templated":true}]}}