{"id":2681,"date":"2021-01-28T09:19:22","date_gmt":"2021-01-28T08:19:22","guid":{"rendered":"https:\/\/www.moebel.org\/cms\/?post_type=product&#038;p=2681"},"modified":"2024-08-20T09:09:43","modified_gmt":"2024-08-20T07:09:43","slug":"mittelraumgondel-verkaufsinsel","status":"publish","type":"product","link":"https:\/\/www.moebel.org\/cms\/produkt\/mittelraumgondel-verkaufsinsel\/","title":{"rendered":"Mittelraumgondel \/ Verkaufsinsel"},"content":{"rendered":"<p><strong>Verkaufsinsel<\/strong> f\u00fcr Gesch\u00e4fte (<strong>Mittelraumgondel<\/strong>), ein Insel-Regal als freistehendes Schuhregal oder Regal f\u00fcr Waren aller Art.<br \/>\nLadenbau nach Ma\u00df!<br \/>\nAusf\u00fchrung flexibel, ein Produkt auf Anfrage.<br \/>\nDer Preis ist ein <strong>Richtpreis<\/strong> f\u00fcr H\u00f6he 120cm, L\u00e4nge 150cm und Breite 90cm.<\/p>\n<p>1 Ausstellungsst\u00fcck aus dem Schauraum (wie am Foto zu sehen) ist ab September verf\u00fcgbar (halber Preis).<\/p>\n<p><a href=\"https:\/\/www.moebel.org\/cms\/kontaktformular\/\" target=\"_blank\" rel=\"noopener\"><strong><span style=\"color: #d75e11;\">Kontakt \/ Anfrage<\/span><\/strong><\/a><\/p>\n","protected":false},"excerpt":{"rendered":"<p>Verkaufsinsel f\u00fcr Gesch\u00e4fte (Mittelraumgondel), ein Insel-Regal als freistehendes Schuhregal oder Regal f\u00fcr Waren aller Art.<br \/>\nLadenbau nach Mass!<br \/>\nAusf\u00fchrung flexibel, ein Produkt auf Anfrage.<br \/>\nDer Preis ist ein <strong>Richtpreis<\/strong> f\u00fcr H\u00f6he 120cm, L\u00e4nge 150cm und Breite 90cm.<\/p>\n<p><a href=\"https:\/\/www.moebel.org\/cms\/kontaktformular\/\" target=\"_blank\" rel=\"noopener\"><strong><span style=\"color: #d75e11;\">Kontakt \/ Anfrage<\/span><\/strong><\/a><\/p>\n","protected":false},"featured_media":2680,"template":"","meta":{"ngg_post_thumbnail":0},"product_brand":[],"product_cat":[86],"product_tag":[206,302,303,309,306,312,307,308,299,296,298,416,417,304,419,297,414,415,300,301,420,305,310,418,422,421,311],"class_list":{"0":"post-2681","1":"product","2":"type-product","3":"status-publish","4":"has-post-thumbnail","6":"product_cat-regale-mittelraumgondeln","7":"product_tag-buche","8":"product_tag-dekorspanplatte","9":"product_tag-dekorspanplatten","10":"product_tag-einfarbig","11":"product_tag-glaenzend","12":"product_tag-grau","13":"product_tag-hochglanz","14":"product_tag-holzdekor","15":"product_tag-hpl","16":"product_tag-kante-abs","17":"product_tag-kante-pvc","18":"product_tag-ladenausstattung","19":"product_tag-ladenbau","20":"product_tag-matt","21":"product_tag-mittelraumgondel","22":"product_tag-pvc","23":"product_tag-regal","24":"product_tag-regale","25":"product_tag-schichtstoffplatte","26":"product_tag-schichtstoffplatten","27":"product_tag-schuhregal","28":"product_tag-seidenmatt","29":"product_tag-steindekor","30":"product_tag-verkaufsinsel","31":"product_tag-verkaufsregal","32":"product_tag-warenregal","33":"product_tag-weiss","35":"first","36":"onbackorder","37":"taxable","38":"shipping-taxable","39":"purchasable","40":"product-type-simple"},"_links":{"self":[{"href":"https:\/\/www.moebel.org\/cms\/wp-json\/wp\/v2\/product\/2681","targetHints":{"allow":["GET"]}}],"collection":[{"href":"https:\/\/www.moebel.org\/cms\/wp-json\/wp\/v2\/product"}],"about":[{"href":"https:\/\/www.moebel.org\/cms\/wp-json\/wp\/v2\/types\/product"}],"wp:featuredmedia":[{"embeddable":true,"href":"https:\/\/www.moebel.org\/cms\/wp-json\/wp\/v2\/media\/2680"}],"wp:attachment":[{"href":"https:\/\/www.moebel.org\/cms\/wp-json\/wp\/v2\/media?parent=2681"}],"wp:term":[{"taxonomy":"product_brand","embeddable":true,"href":"https:\/\/www.moebel.org\/cms\/wp-json\/wp\/v2\/product_brand?post=2681"},{"taxonomy":"product_cat","embeddable":true,"href":"https:\/\/www.moebel.org\/cms\/wp-json\/wp\/v2\/product_cat?post=2681"},{"taxonomy":"product_tag","embeddable":true,"href":"https:\/\/www.moebel.org\/cms\/wp-json\/wp\/v2\/product_tag?post=2681"}],"curies":[{"name":"wp","href":"https:\/\/api.w.org\/{rel}","templated":true}]}}